{"id":173203,"date":"2024-12-04T09:07:53","date_gmt":"2024-12-04T12:07:53","guid":{"rendered":"https:\/\/www3.santoandre.sp.gov.br\/cultura\/acervosculturais\/?page_id=173203"},"modified":"2025-04-25T10:50:02","modified_gmt":"2025-04-25T13:50:02","slug":"meupedaco","status":"publish","type":"page","link":"https:\/\/www3.santoandre.sp.gov.br\/cultura\/acervosculturais\/santoandreevc\/meupedaco\/","title":{"rendered":"O meu peda\u00e7o"},"content":{"rendered":"<nav class=\"has-text-color has-white-color has-background has-black-background-color  no-wrap wp-block-navigation is-nowrap is-layout-flex wp-container-core-navigation-is-layout-6c531013 wp-block-navigation-is-layout-flex\" aria-label=\"LINKS\"><ul class=\"wp-block-navigation__container has-text-color has-white-color has-background has-black-background-color  no-wrap wp-block-navigation\"><li class=\" wp-block-navigation-item  menu-item menu-item-type-custom menu-item-object-custom wp-block-navigation-link\"><a class=\"wp-block-navigation-item__content\"  href=\"https:\/\/www3.santoandre.sp.gov.br\/cultura\/\" title=\"\"><span class=\"wp-block-navigation-item__label\">Portal Secretaria<\/span><\/a><\/li><li class=\" wp-block-navigation-item  menu-item menu-item-type-custom menu-item-object-custom menu-item-home wp-block-navigation-link\"><a class=\"wp-block-navigation-item__content\"  href=\"https:\/\/www3.santoandre.sp.gov.br\/cultura\/acervosculturais\/\" title=\"\"><span class=\"wp-block-navigation-item__label\">Acervos Culturais<\/span><\/a><\/li><li class=\" wp-block-navigation-item  menu-item menu-item-type-custom menu-item-object-custom wp-block-navigation-link\"><a class=\"wp-block-navigation-item__content\"  href=\"https:\/\/www2.santoandre.sp.gov.br\/\" title=\"\"><span class=\"wp-block-navigation-item__label\">Portal Prefeitura<\/span><\/a><\/li><\/ul><\/nav>\n\n\n<figure class=\"wp-block-image aligncenter size-full is-resized\"><a href=\"https:\/\/www3.santoandre.sp.gov.br\/cultura\/acervosculturais\/santoandreevc\/\"><img fetchpriority=\"high\" decoding=\"async\" width=\"1654\" height=\"1654\" data-attachment-id=\"181740\" data-permalink=\"https:\/\/www3.santoandre.sp.gov.br\/cultura\/acervosculturais\/santoandreevc\/nasescolas-2\/sem-fundo-3\/\" data-orig-file=\"https:\/\/www3.santoandre.sp.gov.br\/cultura\/acervosculturais\/wp-content\/uploads\/2025\/04\/sem-fundo-2.png\" data-orig-size=\"1654,1654\" data-comments-opened=\"1\" data-image-meta=\"{&quot;aperture&quot;:&quot;0&quot;,&quot;credit&quot;:&quot;&quot;,&quot;camera&quot;:&quot;&quot;,&quot;caption&quot;:&quot;&quot;,&quot;created_timestamp&quot;:&quot;0&quot;,&quot;copyright&quot;:&quot;&quot;,&quot;focal_length&quot;:&quot;0&quot;,&quot;iso&quot;:&quot;0&quot;,&quot;shutter_speed&quot;:&quot;0&quot;,&quot;title&quot;:&quot;&quot;,&quot;orientation&quot;:&quot;0&quot;}\" data-image-title=\"sem fundo\" data-image-description=\"\" data-image-caption=\"\" data-medium-file=\"https:\/\/www3.santoandre.sp.gov.br\/cultura\/acervosculturais\/wp-content\/uploads\/2025\/04\/sem-fundo-2-300x300.png\" data-large-file=\"https:\/\/www3.santoandre.sp.gov.br\/cultura\/acervosculturais\/wp-content\/uploads\/2025\/04\/sem-fundo-2-1024x1024.png\" src=\"https:\/\/www3.santoandre.sp.gov.br\/cultura\/acervosculturais\/wp-content\/uploads\/2025\/04\/sem-fundo-2.png\" alt=\"\" class=\"wp-image-181740\" style=\"width:406px\" srcset=\"https:\/\/www3.santoandre.sp.gov.br\/cultura\/acervosculturais\/wp-content\/uploads\/2025\/04\/sem-fundo-2.png 1654w, https:\/\/www3.santoandre.sp.gov.br\/cultura\/acervosculturais\/wp-content\/uploads\/2025\/04\/sem-fundo-2-300x300.png 300w, https:\/\/www3.santoandre.sp.gov.br\/cultura\/acervosculturais\/wp-content\/uploads\/2025\/04\/sem-fundo-2-1024x1024.png 1024w, https:\/\/www3.santoandre.sp.gov.br\/cultura\/acervosculturais\/wp-content\/uploads\/2025\/04\/sem-fundo-2-150x150.png 150w, https:\/\/www3.santoandre.sp.gov.br\/cultura\/acervosculturais\/wp-content\/uploads\/2025\/04\/sem-fundo-2-768x768.png 768w, https:\/\/www3.santoandre.sp.gov.br\/cultura\/acervosculturais\/wp-content\/uploads\/2025\/04\/sem-fundo-2-1536x1536.png 1536w, https:\/\/www3.santoandre.sp.gov.br\/cultura\/acervosculturais\/wp-content\/uploads\/2025\/04\/sem-fundo-2-40x40.png 40w, https:\/\/www3.santoandre.sp.gov.br\/cultura\/acervosculturais\/wp-content\/uploads\/2025\/04\/sem-fundo-2-275x275.png 275w, https:\/\/www3.santoandre.sp.gov.br\/cultura\/acervosculturais\/wp-content\/uploads\/2025\/04\/sem-fundo-2-205x205.png 205w, https:\/\/www3.santoandre.sp.gov.br\/cultura\/acervosculturais\/wp-content\/uploads\/2025\/04\/sem-fundo-2-480x480.png 480w\" sizes=\"(max-width: 1654px) 100vw, 1654px\" \/><\/a><\/figure>\n\n\n<nav style=\"background-color: #8a2be2; text-transform:uppercase;\" class=\"has-text-color has-white-color has-background items-justified-center wp-block-navigation is-content-justification-center is-layout-flex wp-container-core-navigation-is-layout-a89b3969 wp-block-navigation-is-layout-flex\" aria-label=\"Santo andre e vc\"><ul style=\"background-color: #8a2be2; text-transform:uppercase;\" class=\"wp-block-navigation__container has-text-color has-white-color has-background items-justified-center wp-block-navigation\"><li class=\" wp-block-navigation-item wp-block-navigation-link\"><a class=\"wp-block-navigation-item__content\"  href=\"https:\/\/www3.santoandre.sp.gov.br\/cultura\/acervosculturais\/santoandreevc\/personalidadessa\/\"><span class=\"wp-block-navigation-item__label\">pessoas<\/span><\/a><\/li><li class=\" wp-block-navigation-item wp-block-navigation-link\"><a class=\"wp-block-navigation-item__content\"  href=\"https:\/\/www3.santoandre.sp.gov.br\/cultura\/acervosculturais\/santoandreevc\/meupedaco\/\"><span class=\"wp-block-navigation-item__label\">Territ\u00f3rios<\/span><\/a><\/li><li class=\" wp-block-navigation-item wp-block-navigation-link\"><a class=\"wp-block-navigation-item__content\"  href=\"https:\/\/www3.santoandre.sp.gov.br\/cultura\/acervosculturais\/santoandreevc\/nasescolas-2\/\"><span class=\"wp-block-navigation-item__label\">FORMA\u00c7\u00c3O DE REDES<\/span><\/a><\/li><li class=\" wp-block-navigation-item wp-block-navigation-link\"><a class=\"wp-block-navigation-item__content\"  href=\"https:\/\/www3.santoandre.sp.gov.br\/cultura\/acervosculturais\/santoandreevc\/participe\/\"><span class=\"wp-block-navigation-item__label\">PARTICIPE<\/span><\/a><\/li><li class=\" wp-block-navigation-item wp-block-navigation-link\"><a class=\"wp-block-navigation-item__content\"  href=\"https:\/\/www3.santoandre.sp.gov.br\/cultura\/acervosculturais\/santoandreevc\/outras-ferramentas\/\"><span class=\"wp-block-navigation-item__label\">SERVI\u00c7OS<\/span><\/a><\/li><li class=\" wp-block-navigation-item wp-block-navigation-link\"><a class=\"wp-block-navigation-item__content\"  href=\"https:\/\/www3.santoandre.sp.gov.br\/cultura\/acervosculturais\/noticias\/\"><span class=\"wp-block-navigation-item__label\">Not\u00edcias<\/span><\/a><\/li><\/ul><\/nav>\n\n\n<div class=\"wp-block-columns is-layout-flex wp-container-core-columns-is-layout-28f84493 wp-block-columns-is-layout-flex\">\n<div class=\"wp-block-column is-layout-constrained wp-container-core-column-is-layout-adab38c6 wp-block-column-is-layout-constrained\" style=\"padding-top:32px;padding-right:40px;padding-left:40px\">\n<p class=\"has-medium-font-size\">O objetivo deste eixo de trabalho \u00e9 proporcionar uma vis\u00e3o territorializada das a\u00e7\u00f5es culturais do SANTO ANDR\u00c9 \u00c9 VOC\u00ca. O eixo possui um importante projeto: o Projeto MEU PEDA\u00c7O; voc\u00ea poder\u00e1 conhecer um pouco mais do BAIRRO em que os participantes do SANTO ANDR\u00c9 \u00c9 VOC\u00ca moram, ver o acervo de imagens fotogr\u00e1ficas, ouvir podcasts e entrevistas e ler um trabalho de mem\u00f3ria produzido pela equipe t\u00e9cnica da Secretaria. Neste momento, a Secretaria de Cultura inicia pelos BAIRROS: Jardim Ana Maria, Parque das Na\u00e7\u00f5es e Cata Preta.<\/p>\n\n\n\n<p class=\"has-medium-font-size\"><mark style=\"background-color:rgba(0, 0, 0, 0)\" class=\"has-inline-color has-palette-color-10-color\"><strong>O QUE S\u00c3O OS TERRIT\u00d3RIOS CULTURAIS<\/strong><\/mark><\/p>\n\n\n\n<p class=\"has-medium-font-size\" style=\"margin-right:200px;margin-left:200px\">Aqui na Secretaria de Cultura adotamos o termo <strong><mark style=\"background-color:rgba(0, 0, 0, 0);color:#000000\" class=\"has-inline-color\">TERRIT\u00d3RIOS CULTURAIS.<\/mark><\/strong><\/p>\n\n\n\n<p class=\"has-medium-font-size\" style=\"margin-right:200px;margin-left:200px\">Partimos de uma divis\u00e3o administrativa de BAIRROS e, a partir das informa\u00e7\u00f5es mapeadas, queremos ter um panorama dos TERRIT\u00d3RIOS CULTURAIS de Santo Andr\u00e9, que nem sempre correspondem ao esquema da divis\u00e3o administrativa.<\/p>\n\n\n\n<p class=\"has-medium-font-size\" style=\"margin-right:200px;margin-left:200px\">Levamos em conta os aspectos de Territorialidade, ou seja, as dimens\u00f5es afetivas nas rela\u00e7\u00f5es que os mun\u00edcipes estabelecem com os lugares, pessoas, manifesta\u00e7\u00f5es e refer\u00eancias nos territ\u00f3rios, nos bairros em que moram ou circulam. As hist\u00f3rias contadas, individuais ou coletivas, s\u00e3o constru\u00eddas no dia dia-a-dia dessas pessoas, atrav\u00e9s de suas formas de estar e de se relacionar nos territ\u00f3rios por onde moram ou circulam. Esse movimento cotidiano e natural cria refer\u00eancias importantes que podem ser utilizadas como base para a elabora\u00e7\u00e3o de pol\u00edticas culturais descentralizadas.<\/p>\n\n\n\n<p class=\"has-text-align-left has-medium-font-size\" style=\"margin-right:200px;margin-left:200px\">Nos <mark style=\"background-color:rgba(0, 0, 0, 0);color:#000000\" class=\"has-inline-color\"><strong>TERRIT\u00d3RIOS CULTURAIS<\/strong> <\/mark>tamb\u00e9m consideramos as afinidades que os habitantes ou visitantes compartilham entre si atrav\u00e9s dos seus h\u00e1bitos, costumes, gostos, tradi\u00e7\u00f5es, desejos, anseios e manifesta\u00e7\u00f5es culturais. Esse conjunto de conex\u00f5es pode ser chamado de <mark style=\"background-color:rgba(0, 0, 0, 0);color:#000000\" class=\"has-inline-color\"><strong>IDENTIDADE<\/strong> <\/mark>territorial.<\/p>\n\n\n\n<p class=\"has-medium-font-size\" style=\"margin-right:200px;margin-left:200px\"><mark style=\"background-color:rgba(0, 0, 0, 0)\" class=\"has-inline-color has-palette-color-2-color\"><strong><a href=\"https:\/\/www3.santoandre.sp.gov.br\/cultura\/acervosculturais\/santoandreevc\/meu-pedaco\/\" target=\"_blank\" rel=\"noreferrer noopener\">PROJETO MEU PEDA\u00c7O <\/a><\/strong><\/mark><\/p>\n\n\n\n<p class=\"has-medium-font-size\" style=\"margin-right:200px;margin-left:200px\"><mark style=\"background-color:rgba(0, 0, 0, 0)\" class=\"has-inline-color has-palette-color-2-color\"><strong><a href=\"https:\/\/www3.santoandre.sp.gov.br\/cultura\/acervosculturais\/santoandreevc\/territorios-de-cultura\/\">PROJETO TERRIT\u00d3RIOS DE CULTURA<\/a><\/strong><\/mark><\/p>\n<\/div>\n<\/div>\n\n\n\n<p><\/p>\n\n\n\n<p class=\"has-text-align-left has-medium-font-size\" style=\"margin-right:200px;margin-left:200px\"><\/p>\n\n\n\n<div class=\"wp-block-columns alignwide is-layout-flex wp-container-core-columns-is-layout-0cc45bea wp-block-columns-is-layout-flex\" style=\"padding-right:40px;padding-left:40px\">\n<div class=\"wp-block-column is-layout-constrained wp-block-column-is-layout-constrained\">\n<p class=\"has-text-align-center has-palette-color-2-color has-text-color has-link-color has-large-font-size wp-elements-04825f19657de5add75d7a6cc93b3c1b\"><strong><mark style=\"background-color:rgba(0, 0, 0, 0);color:#e2167d\" class=\"has-inline-color\">MAPA DE BAIRROS DE SANTO ANDR\u00c9<\/mark><\/strong><\/p>\n\n\n\n<p class=\"has-text-align-center\">Uma das formas de navega\u00e7\u00e3o no site \u00e9 pelo MAPA DA CIDADE, localizando seu BAIRRO.<\/p>\n\n\n\n<p class=\"has-text-align-center\">Os BAIRROS destacados j\u00e1 possuem informa\u00e7\u00f5es acess\u00edveis.<\/p>\n\n\n\n<p class=\"has-text-align-center\">Ainda estamos trabalhando nos demais bairros!<\/p>\n\n\n\n<!DOCTYPE html>\n<html lang=\"pt-br\">\n<head>\n    <meta charset=\"UTF-8\">\n    <meta name=\"viewport\" content=\"width=device-width, initial-scale=1.0\">\n    <title>Mapa Responsivo<\/title>\n    <style>\n        * {\n            box-sizing: border-box;\n            margin: 0;\n            padding: 0;\n        }\n\n        body {\n            font-family: sans-serif;\n        }\n\n        .mapa {\n            width: 100%;\n            max-width: 100%;\n            aspect-ratio: 1 \/ 1; \/* Propor\u00e7\u00e3o quadrada para celular *\/\n        }\n\n        .mapa iframe {\n            width: 100%;\n            height: 100%;\n            border: 0;\n        }\n\n        @media (min-width: 768px) {\n            .mapa {\n                aspect-ratio: 16 \/ 9; \/* Propor\u00e7\u00e3o widescreen em telas maiores *\/\n            }\n        }\n    <\/style>\n<\/head>\n<body>\n\n    <div class=\"mapa\">\n        <iframe src=\"https:\/\/sigamapa.santoandre.sp.gov.br\/index_SantoAndreVoce.php\" allowfullscreen><\/iframe>\n    <\/div>\n\n<\/body>\n<\/html>\n<\/div>\n<\/div>\n\n\n\n<p class=\"has-text-align-center is-style-outline has-palette-color-8-color has-palette-color-8-background-color has-text-color has-background has-link-color has-medium-font-size wp-elements-4aa28c84febc3a83fc83138f7492e5c4\" style=\"border-style:none;border-width:0px;border-radius:100px\"><\/p>\n\n\n\n<p><\/p>\n","protected":false},"excerpt":{"rendered":"<p>O objetivo deste eixo de trabalho \u00e9 proporcionar uma vis\u00e3o territorializada das a\u00e7\u00f5es culturais do SANTO ANDR\u00c9 \u00c9 VOC\u00ca. O eixo possui um importante projeto: o Projeto MEU PEDA\u00c7O; voc\u00ea poder\u00e1 conhecer um pouco mais do BAIRRO em que os participantes do SANTO ANDR\u00c9 \u00c9 VOC\u00ca moram, ver o acervo de imagens fotogr\u00e1ficas, ouvir podcasts [&hellip;]<\/p>\n","protected":false},"author":2,"featured_media":0,"parent":172783,"menu_order":0,"comment_status":"closed","ping_status":"closed","template":"elementor_canvas","meta":{"content-type":"https:\/\/www3.santoandre.sp.gov.br\/cultura\/acervosculturais\/santoandreevc\/outras-ferramentas\/","footnotes":""},"class_list":["post-173203","page","type-page","status-publish","hentry"],"blocksy_meta":[],"jetpack_sharing_enabled":true,"_links":{"self":[{"href":"https:\/\/www3.santoandre.sp.gov.br\/cultura\/acervosculturais\/wp-json\/wp\/v2\/pages\/173203","targetHints":{"allow":["GET"]}}],"collection":[{"href":"https:\/\/www3.santoandre.sp.gov.br\/cultura\/acervosculturais\/wp-json\/wp\/v2\/pages"}],"about":[{"href":"https:\/\/www3.santoandre.sp.gov.br\/cultura\/acervosculturais\/wp-json\/wp\/v2\/types\/page"}],"author":[{"embeddable":true,"href":"https:\/\/www3.santoandre.sp.gov.br\/cultura\/acervosculturais\/wp-json\/wp\/v2\/users\/2"}],"replies":[{"embeddable":true,"href":"https:\/\/www3.santoandre.sp.gov.br\/cultura\/acervosculturais\/wp-json\/wp\/v2\/comments?post=173203"}],"version-history":[{"count":41,"href":"https:\/\/www3.santoandre.sp.gov.br\/cultura\/acervosculturais\/wp-json\/wp\/v2\/pages\/173203\/revisions"}],"predecessor-version":[{"id":184820,"href":"https:\/\/www3.santoandre.sp.gov.br\/cultura\/acervosculturais\/wp-json\/wp\/v2\/pages\/173203\/revisions\/184820"}],"up":[{"embeddable":true,"href":"https:\/\/www3.santoandre.sp.gov.br\/cultura\/acervosculturais\/wp-json\/wp\/v2\/pages\/172783"}],"wp:attachment":[{"href":"https:\/\/www3.santoandre.sp.gov.br\/cultura\/acervosculturais\/wp-json\/wp\/v2\/media?parent=173203"}],"curies":[{"name":"wp","href":"https:\/\/api.w.org\/{rel}","templated":true}]}}