{"id":173181,"date":"2024-12-03T13:12:48","date_gmt":"2024-12-03T16:12:48","guid":{"rendered":"https:\/\/www3.santoandre.sp.gov.br\/cultura\/acervosculturais\/?page_id=173181"},"modified":"2025-04-24T22:53:20","modified_gmt":"2025-04-25T01:53:20","slug":"nasescolas-2","status":"publish","type":"page","link":"https:\/\/www3.santoandre.sp.gov.br\/cultura\/acervosculturais\/santoandreevc\/nasescolas-2\/","title":{"rendered":"santo andre \u00e9 vc nas escolas"},"content":{"rendered":"<nav class=\"has-text-color has-white-color has-background has-black-background-color  no-wrap wp-block-navigation is-nowrap is-layout-flex wp-container-core-navigation-is-layout-6c531013 wp-block-navigation-is-layout-flex\" aria-label=\"LINKS\"><ul class=\"wp-block-navigation__container has-text-color has-white-color has-background has-black-background-color  no-wrap wp-block-navigation\"><li class=\" wp-block-navigation-item  menu-item menu-item-type-custom menu-item-object-custom wp-block-navigation-link\"><a class=\"wp-block-navigation-item__content\"  href=\"https:\/\/www3.santoandre.sp.gov.br\/cultura\/\" title=\"\"><span class=\"wp-block-navigation-item__label\">Portal Secretaria<\/span><\/a><\/li><li class=\" wp-block-navigation-item  menu-item menu-item-type-custom menu-item-object-custom menu-item-home wp-block-navigation-link\"><a class=\"wp-block-navigation-item__content\"  href=\"https:\/\/www3.santoandre.sp.gov.br\/cultura\/acervosculturais\/\" title=\"\"><span class=\"wp-block-navigation-item__label\">Acervos Culturais<\/span><\/a><\/li><li class=\" wp-block-navigation-item  menu-item menu-item-type-custom menu-item-object-custom wp-block-navigation-link\"><a class=\"wp-block-navigation-item__content\"  href=\"https:\/\/www2.santoandre.sp.gov.br\/\" title=\"\"><span class=\"wp-block-navigation-item__label\">Portal Prefeitura<\/span><\/a><\/li><\/ul><\/nav>\n\n\n<figure class=\"wp-block-image aligncenter size-full is-resized\"><a href=\"https:\/\/www3.santoandre.sp.gov.br\/cultura\/acervosculturais\/santoandreevc\/\"><img fetchpriority=\"high\" decoding=\"async\" width=\"1654\" height=\"1654\" data-attachment-id=\"181740\" data-permalink=\"https:\/\/www3.santoandre.sp.gov.br\/cultura\/acervosculturais\/santoandreevc\/nasescolas-2\/sem-fundo-3\/\" data-orig-file=\"https:\/\/www3.santoandre.sp.gov.br\/cultura\/acervosculturais\/wp-content\/uploads\/2025\/04\/sem-fundo-2.png\" data-orig-size=\"1654,1654\" data-comments-opened=\"1\" data-image-meta=\"{&quot;aperture&quot;:&quot;0&quot;,&quot;credit&quot;:&quot;&quot;,&quot;camera&quot;:&quot;&quot;,&quot;caption&quot;:&quot;&quot;,&quot;created_timestamp&quot;:&quot;0&quot;,&quot;copyright&quot;:&quot;&quot;,&quot;focal_length&quot;:&quot;0&quot;,&quot;iso&quot;:&quot;0&quot;,&quot;shutter_speed&quot;:&quot;0&quot;,&quot;title&quot;:&quot;&quot;,&quot;orientation&quot;:&quot;0&quot;}\" data-image-title=\"sem fundo\" data-image-description=\"\" data-image-caption=\"\" data-medium-file=\"https:\/\/www3.santoandre.sp.gov.br\/cultura\/acervosculturais\/wp-content\/uploads\/2025\/04\/sem-fundo-2-300x300.png\" data-large-file=\"https:\/\/www3.santoandre.sp.gov.br\/cultura\/acervosculturais\/wp-content\/uploads\/2025\/04\/sem-fundo-2-1024x1024.png\" src=\"https:\/\/www3.santoandre.sp.gov.br\/cultura\/acervosculturais\/wp-content\/uploads\/2025\/04\/sem-fundo-2.png\" alt=\"\" class=\"wp-image-181740\" style=\"width:406px\" srcset=\"https:\/\/www3.santoandre.sp.gov.br\/cultura\/acervosculturais\/wp-content\/uploads\/2025\/04\/sem-fundo-2.png 1654w, https:\/\/www3.santoandre.sp.gov.br\/cultura\/acervosculturais\/wp-content\/uploads\/2025\/04\/sem-fundo-2-300x300.png 300w, https:\/\/www3.santoandre.sp.gov.br\/cultura\/acervosculturais\/wp-content\/uploads\/2025\/04\/sem-fundo-2-1024x1024.png 1024w, https:\/\/www3.santoandre.sp.gov.br\/cultura\/acervosculturais\/wp-content\/uploads\/2025\/04\/sem-fundo-2-150x150.png 150w, https:\/\/www3.santoandre.sp.gov.br\/cultura\/acervosculturais\/wp-content\/uploads\/2025\/04\/sem-fundo-2-768x768.png 768w, https:\/\/www3.santoandre.sp.gov.br\/cultura\/acervosculturais\/wp-content\/uploads\/2025\/04\/sem-fundo-2-1536x1536.png 1536w, https:\/\/www3.santoandre.sp.gov.br\/cultura\/acervosculturais\/wp-content\/uploads\/2025\/04\/sem-fundo-2-40x40.png 40w, https:\/\/www3.santoandre.sp.gov.br\/cultura\/acervosculturais\/wp-content\/uploads\/2025\/04\/sem-fundo-2-275x275.png 275w, https:\/\/www3.santoandre.sp.gov.br\/cultura\/acervosculturais\/wp-content\/uploads\/2025\/04\/sem-fundo-2-205x205.png 205w, https:\/\/www3.santoandre.sp.gov.br\/cultura\/acervosculturais\/wp-content\/uploads\/2025\/04\/sem-fundo-2-480x480.png 480w\" sizes=\"(max-width: 1654px) 100vw, 1654px\" \/><\/a><\/figure>\n\n\n<nav style=\"background-color: #8a2be2; text-transform:uppercase;\" class=\"has-text-color has-white-color has-background items-justified-center wp-block-navigation is-content-justification-center is-layout-flex wp-container-core-navigation-is-layout-a89b3969 wp-block-navigation-is-layout-flex\" aria-label=\"Santo andre e vc\"><ul style=\"background-color: #8a2be2; text-transform:uppercase;\" class=\"wp-block-navigation__container has-text-color has-white-color has-background items-justified-center wp-block-navigation\"><li class=\" wp-block-navigation-item wp-block-navigation-link\"><a class=\"wp-block-navigation-item__content\"  href=\"https:\/\/www3.santoandre.sp.gov.br\/cultura\/acervosculturais\/santoandreevc\/personalidadessa\/\"><span class=\"wp-block-navigation-item__label\">pessoas<\/span><\/a><\/li><li class=\" wp-block-navigation-item wp-block-navigation-link\"><a class=\"wp-block-navigation-item__content\"  href=\"https:\/\/www3.santoandre.sp.gov.br\/cultura\/acervosculturais\/santoandreevc\/meupedaco\/\"><span class=\"wp-block-navigation-item__label\">Territ\u00f3rios<\/span><\/a><\/li><li class=\" wp-block-navigation-item wp-block-navigation-link\"><a class=\"wp-block-navigation-item__content\"  href=\"https:\/\/www3.santoandre.sp.gov.br\/cultura\/acervosculturais\/santoandreevc\/nasescolas-2\/\"><span class=\"wp-block-navigation-item__label\">FORMA\u00c7\u00c3O DE REDES<\/span><\/a><\/li><li class=\" wp-block-navigation-item wp-block-navigation-link\"><a class=\"wp-block-navigation-item__content\"  href=\"https:\/\/www3.santoandre.sp.gov.br\/cultura\/acervosculturais\/santoandreevc\/participe\/\"><span class=\"wp-block-navigation-item__label\">PARTICIPE<\/span><\/a><\/li><li class=\" wp-block-navigation-item wp-block-navigation-link\"><a class=\"wp-block-navigation-item__content\"  href=\"https:\/\/www3.santoandre.sp.gov.br\/cultura\/acervosculturais\/santoandreevc\/outras-ferramentas\/\"><span class=\"wp-block-navigation-item__label\">SERVI\u00c7OS<\/span><\/a><\/li><li class=\" wp-block-navigation-item wp-block-navigation-link\"><a class=\"wp-block-navigation-item__content\"  href=\"https:\/\/www3.santoandre.sp.gov.br\/cultura\/acervosculturais\/noticias\/\"><span class=\"wp-block-navigation-item__label\">Not\u00edcias<\/span><\/a><\/li><\/ul><\/nav>\n\n\n<div class=\"wp-block-columns alignwide is-layout-flex wp-container-core-columns-is-layout-8d6cfecd wp-block-columns-is-layout-flex\" style=\"padding-top:32px;padding-right:40px;padding-left:40px\">\n<div class=\"wp-block-column is-layout-constrained wp-container-core-column-is-layout-d2d0ce25 wp-block-column-is-layout-constrained\" style=\"padding-right:40px;padding-left:40px\">\n<p class=\"has-medium-font-size\">O objetivo deste eixo \u00e9 fomentar redes de atua\u00e7\u00e3o colaborativa e fortalecer a a\u00e7\u00e3o de multiplicadores engajados na valoriza\u00e7\u00e3o da mem\u00f3ria local.&nbsp; A Secretaria de Cultura j\u00e1 encampou a primeira fase com a proposta SANTO ANDR\u00c9 \u00c9 VOC\u00ca NAS ESCOLAS.<\/p>\n\n\n\n<h4 class=\"wp-block-heading has-text-align-left has-medium-font-size\"><strong><mark style=\"background-color:rgba(0, 0, 0, 0);color:#ffa300\" class=\"has-inline-color\">SANTO ANDR\u00c9 \u00c9 VOC\u00ca NAS ESCOLAS<\/mark><\/strong><\/h4>\n\n\n\n<p class=\"has-medium-font-size\">Com o objetivo de formar uma rede de multiplicadores articulados em cada territ\u00f3rio da cidade, o <mark style=\"background-color:rgba(0, 0, 0, 0);color:#000000\" class=\"has-inline-color\"><strong>SANTO ANDR\u00c9 \u00c9 VOC\u00ca<\/strong> <\/mark>foi estendido \u00e0 comunidade escolar com a ajuda dos educadores da rede de ensino que se propuseram a ser mediadores como agentes da mem\u00f3ria.<\/p>\n\n\n\n<p class=\"has-medium-font-size\">Todo educador possui a compreens\u00e3o de que pode exercer um papel muito al\u00e9m das suas atribui\u00e7\u00f5es de sala de aula, e que pode envolver a comunidade no ambiente educativo.<\/p>\n\n\n\n<p class=\"has-medium-font-size\">A parceria com a Secretaria de Educa\u00e7\u00e3o permitiu que a Secretaria de Cultura conversasse com p\u00fablicos com os quais tinha dificuldade para alcan\u00e7ar e em <strong><mark style=\"background-color:rgba(0, 0, 0, 0);color:#000000\" class=\"has-inline-color\">TERRIT\u00d3RIOS<\/mark><\/strong> nos quais tinha pouca ou nenhuma a\u00e7\u00e3o; assim, crian\u00e7as em pr\u00e9-alfabetiza\u00e7\u00e3o, adultos do EJA (Educa\u00e7\u00e3o de Jovens e Adultos), fam\u00edlias que frequentam a rede de ensino fizeram parte do<mark style=\"background-color:rgba(0, 0, 0, 0);color:#000000\" class=\"has-inline-color\"> <strong>SANTO ANDR\u00c9 \u00c9 VOC\u00ca NAS ESCOLAS<\/strong><\/mark>.Estima-se que cerca de 3.000 pessoas participaram das sensibiliza\u00e7\u00f5es mediadas pelos educadores que se utilizaram dos <mark style=\"background-color:rgba(0, 0, 0, 0)\" class=\"has-inline-color has-palette-color-10-color\"><strong><a href=\"https:\/\/www3.santoandre.sp.gov.br\/cultura\/acervosculturais\/wp-content\/uploads\/2025\/04\/Formulario-Ludico.pdf\">FORMUL\u00c1RIOS L\u00daDICOS<\/a><\/strong>.<\/mark><\/p>\n\n\n\n<p class=\"has-medium-font-size\">Conhe\u00e7a os resultados do<mark style=\"background-color:rgba(0, 0, 0, 0)\" class=\"has-inline-color has-palette-color-10-color\"> <strong><a href=\"https:\/\/www3.santoandre.sp.gov.br\/cultura\/acervosculturais\/wp-content\/uploads\/2025\/04\/Relatorio_Santo-Andre-e-voce-nas-escolas.pdf\">SANTO ANDR\u00c9 \u00c9 VOC\u00ca NAS ESCOLAS<\/a><\/strong><\/mark> e aguarde que em 2026 este projeto ser\u00e1 retomado com for\u00e7a total!<\/p>\n<\/div>\n<\/div>\n\n\n\n<div class=\"wp-block-columns is-layout-flex wp-container-core-columns-is-layout-0cc45bea wp-block-columns-is-layout-flex\" style=\"padding-right:40px;padding-left:40px\">\n<div class=\"wp-block-column is-layout-constrained wp-container-core-column-is-layout-d2d0ce25 wp-block-column-is-layout-constrained\" style=\"border-right-color:var(--wp--preset--color--white);padding-right:40px;padding-left:40px\">\n<p class=\"has-text-align-center has-medium-font-size\"><strong><mark style=\"background-color:rgba(0, 0, 0, 0)\" class=\"has-inline-color has-palette-color-4-color\">Exposi\u00e7\u00e3o Virtual dos Formul\u00e1rios<\/mark><\/strong><\/p>\n\n\n\n<div class=\"wp-block-tainacan-carousel-items-list\" data-module=\"carousel-items-list\" data-search-url=\"https:\/\/www3.santoandre.sp.gov.br\/cultura\/acervosculturais\/wp-admin\/?itemsSearchSelectionMode=true&amp;page=tainacan_admin#\/collections\/181752\/items\/?status=publish&amp;admin_view_mode=table&amp;perpage=96&amp;paged=1&amp;order=DESC&amp;orderby=date&amp;fetch_only=thumbnail&amp;fetch_only_meta=181755%2C91774\" data-selected-items=\"[]\" data-arrows-position=\"around\" data-load-strategy=\"search\" data-collection-id=\"181752\" data-auto-play=\"true\" data-auto-play-speed=\"3\" data-loop-slides=\"true\" data-hide-title=\"true\" data-large-arrows=\"false\" data-arrows-style=\"type-1\" data-image-size=\"tainacan-medium-full\" data-show-collection-header=\"false\" data-show-collection-label=\"false\" data-collection-background-color=\"#373839\" data-collection-text-color=\"#ffffff\" data-max-items-number=\"12\" data-max-items-per-screen=\"6\" data-space-between-items=\"8\" data-space-around-carousel=\"50\" data-tainacan-api-root=\"https:\/\/www3.santoandre.sp.gov.br\/cultura\/acervosculturais\/wp-json\/tainacan\/v2\" data-variable-items-width=\"false\" id=\"wp-block-tainacan-carousel-items-list_7ae50bf6-4a81-4cc0-ad7b-b74d9d1d6303\"><div><\/div><\/div>\n<\/div>\n<\/div>\n\n\n\n<div class=\"wp-block-columns is-layout-flex wp-container-core-columns-is-layout-c5f79f54 wp-block-columns-is-layout-flex\" style=\"padding-top:15px;padding-right:40px;padding-bottom:15px;padding-left:40px\">\n<div class=\"wp-block-column is-layout-constrained wp-container-core-column-is-layout-d2d0ce25 wp-block-column-is-layout-constrained\" style=\"padding-right:40px;padding-left:40px\">\n<p class=\"has-text-align-center has-medium-font-size\"><strong><mark style=\"background-color:rgba(0, 0, 0, 0)\" class=\"has-inline-color has-palette-color-4-color\">Exposi\u00e7\u00e3o dos trabalhos<\/mark><\/strong><\/p>\n\n\n\n<div class=\"wp-block-tainacan-carousel-items-list\" data-module=\"carousel-items-list\" data-search-url=\"https:\/\/www3.santoandre.sp.gov.br\/cultura\/acervosculturais\/wp-admin\/?itemsSearchSelectionMode=true&amp;page=tainacan_admin#\/collections\/184076\/items\/?status=publish&amp;admin_view_mode=table&amp;perpage=12&amp;paged=1&amp;order=DESC&amp;orderby=date&amp;fetch_only=thumbnail&amp;fetch_only_meta=184079%2C91774\" data-selected-items=\"[]\" data-arrows-position=\"around\" data-load-strategy=\"search\" data-collection-id=\"184076\" data-auto-play=\"true\" data-auto-play-speed=\"3\" data-loop-slides=\"true\" data-hide-title=\"true\" data-large-arrows=\"false\" data-arrows-style=\"type-1\" data-image-size=\"tainacan-large-full\" data-show-collection-header=\"false\" data-show-collection-label=\"false\" data-collection-background-color=\"#373839\" data-collection-text-color=\"#ffffff\" data-max-items-number=\"12\" data-max-items-per-screen=\"6\" data-space-between-items=\"24\" data-space-around-carousel=\"50\" data-tainacan-api-root=\"https:\/\/www3.santoandre.sp.gov.br\/cultura\/acervosculturais\/wp-json\/tainacan\/v2\" data-variable-items-width=\"false\" id=\"wp-block-tainacan-carousel-items-list_efbade9c-94bc-4004-9871-13a6595fc89d\"><div><\/div><\/div>\n<\/div>\n<\/div>\n\n\n\n<p><\/p>\n","protected":false},"excerpt":{"rendered":"<p>O objetivo deste eixo \u00e9 fomentar redes de atua\u00e7\u00e3o colaborativa e fortalecer a a\u00e7\u00e3o de multiplicadores engajados na valoriza\u00e7\u00e3o da mem\u00f3ria local.&nbsp; A Secretaria de Cultura j\u00e1 encampou a primeira fase com a proposta SANTO ANDR\u00c9 \u00c9 VOC\u00ca NAS ESCOLAS. SANTO ANDR\u00c9 \u00c9 VOC\u00ca NAS ESCOLAS Com o objetivo de formar uma rede de multiplicadores [&hellip;]<\/p>\n","protected":false},"author":2,"featured_media":0,"parent":172783,"menu_order":0,"comment_status":"closed","ping_status":"closed","template":"elementor_canvas","meta":{"content-type":"https:\/\/www3.santoandre.sp.gov.br\/cultura\/acervosculturais\/santoandreevc\/outras-ferramentas\/","footnotes":""},"class_list":["post-173181","page","type-page","status-publish","hentry"],"blocksy_meta":[],"jetpack_sharing_enabled":true,"_links":{"self":[{"href":"https:\/\/www3.santoandre.sp.gov.br\/cultura\/acervosculturais\/wp-json\/wp\/v2\/pages\/173181","targetHints":{"allow":["GET"]}}],"collection":[{"href":"https:\/\/www3.santoandre.sp.gov.br\/cultura\/acervosculturais\/wp-json\/wp\/v2\/pages"}],"about":[{"href":"https:\/\/www3.santoandre.sp.gov.br\/cultura\/acervosculturais\/wp-json\/wp\/v2\/types\/page"}],"author":[{"embeddable":true,"href":"https:\/\/www3.santoandre.sp.gov.br\/cultura\/acervosculturais\/wp-json\/wp\/v2\/users\/2"}],"replies":[{"embeddable":true,"href":"https:\/\/www3.santoandre.sp.gov.br\/cultura\/acervosculturais\/wp-json\/wp\/v2\/comments?post=173181"}],"version-history":[{"count":47,"href":"https:\/\/www3.santoandre.sp.gov.br\/cultura\/acervosculturais\/wp-json\/wp\/v2\/pages\/173181\/revisions"}],"predecessor-version":[{"id":184809,"href":"https:\/\/www3.santoandre.sp.gov.br\/cultura\/acervosculturais\/wp-json\/wp\/v2\/pages\/173181\/revisions\/184809"}],"up":[{"embeddable":true,"href":"https:\/\/www3.santoandre.sp.gov.br\/cultura\/acervosculturais\/wp-json\/wp\/v2\/pages\/172783"}],"wp:attachment":[{"href":"https:\/\/www3.santoandre.sp.gov.br\/cultura\/acervosculturais\/wp-json\/wp\/v2\/media?parent=173181"}],"curies":[{"name":"wp","href":"https:\/\/api.w.org\/{rel}","templated":true}]}}