{"id":173170,"date":"2024-12-03T10:15:27","date_gmt":"2024-12-03T13:15:27","guid":{"rendered":"https:\/\/www3.santoandre.sp.gov.br\/cultura\/acervosculturais\/?page_id=173170"},"modified":"2025-04-25T10:53:41","modified_gmt":"2025-04-25T13:53:41","slug":"personalidadessa","status":"publish","type":"page","link":"https:\/\/www3.santoandre.sp.gov.br\/cultura\/acervosculturais\/santoandreevc\/personalidadessa\/","title":{"rendered":"PersonalidadesSA"},"content":{"rendered":"<nav class=\"has-text-color has-white-color has-background has-black-background-color items-justified-left no-wrap wp-block-navigation is-content-justification-left is-nowrap is-layout-flex wp-container-core-navigation-is-layout-58be2ae7 wp-block-navigation-is-layout-flex\" aria-label=\"LINKS\"><ul class=\"wp-block-navigation__container has-text-color has-white-color has-background has-black-background-color items-justified-left no-wrap wp-block-navigation\"><li class=\" wp-block-navigation-item  menu-item menu-item-type-custom menu-item-object-custom wp-block-navigation-link\"><a class=\"wp-block-navigation-item__content\"  href=\"https:\/\/www3.santoandre.sp.gov.br\/cultura\/\" title=\"\"><span class=\"wp-block-navigation-item__label\">Portal Secretaria<\/span><\/a><\/li><li class=\" wp-block-navigation-item  menu-item menu-item-type-custom menu-item-object-custom menu-item-home wp-block-navigation-link\"><a class=\"wp-block-navigation-item__content\"  href=\"https:\/\/www3.santoandre.sp.gov.br\/cultura\/acervosculturais\/\" title=\"\"><span class=\"wp-block-navigation-item__label\">Acervos Culturais<\/span><\/a><\/li><li class=\" wp-block-navigation-item  menu-item menu-item-type-custom menu-item-object-custom wp-block-navigation-link\"><a class=\"wp-block-navigation-item__content\"  href=\"https:\/\/www2.santoandre.sp.gov.br\/\" title=\"\"><span class=\"wp-block-navigation-item__label\">Portal Prefeitura<\/span><\/a><\/li><\/ul><\/nav>\n\n\n<figure class=\"wp-block-image aligncenter size-full is-resized\"><a href=\"https:\/\/www3.santoandre.sp.gov.br\/cultura\/acervosculturais\/santoandreevc\/\"><img fetchpriority=\"high\" decoding=\"async\" width=\"1654\" height=\"1654\" data-attachment-id=\"181671\" data-permalink=\"https:\/\/www3.santoandre.sp.gov.br\/cultura\/acervosculturais\/santoandreevc\/personalidadessa\/sem-fundo-2\/\" data-orig-file=\"https:\/\/www3.santoandre.sp.gov.br\/cultura\/acervosculturais\/wp-content\/uploads\/2025\/04\/sem-fundo-1.png\" data-orig-size=\"1654,1654\" data-comments-opened=\"1\" data-image-meta=\"{&quot;aperture&quot;:&quot;0&quot;,&quot;credit&quot;:&quot;&quot;,&quot;camera&quot;:&quot;&quot;,&quot;caption&quot;:&quot;&quot;,&quot;created_timestamp&quot;:&quot;0&quot;,&quot;copyright&quot;:&quot;&quot;,&quot;focal_length&quot;:&quot;0&quot;,&quot;iso&quot;:&quot;0&quot;,&quot;shutter_speed&quot;:&quot;0&quot;,&quot;title&quot;:&quot;&quot;,&quot;orientation&quot;:&quot;0&quot;}\" data-image-title=\"sem fundo\" data-image-description=\"\" data-image-caption=\"\" data-medium-file=\"https:\/\/www3.santoandre.sp.gov.br\/cultura\/acervosculturais\/wp-content\/uploads\/2025\/04\/sem-fundo-1-300x300.png\" data-large-file=\"https:\/\/www3.santoandre.sp.gov.br\/cultura\/acervosculturais\/wp-content\/uploads\/2025\/04\/sem-fundo-1-1024x1024.png\" src=\"https:\/\/www3.santoandre.sp.gov.br\/cultura\/acervosculturais\/wp-content\/uploads\/2025\/04\/sem-fundo-1.png\" alt=\"\" class=\"wp-image-181671\" style=\"width:406px\" srcset=\"https:\/\/www3.santoandre.sp.gov.br\/cultura\/acervosculturais\/wp-content\/uploads\/2025\/04\/sem-fundo-1.png 1654w, https:\/\/www3.santoandre.sp.gov.br\/cultura\/acervosculturais\/wp-content\/uploads\/2025\/04\/sem-fundo-1-300x300.png 300w, https:\/\/www3.santoandre.sp.gov.br\/cultura\/acervosculturais\/wp-content\/uploads\/2025\/04\/sem-fundo-1-1024x1024.png 1024w, https:\/\/www3.santoandre.sp.gov.br\/cultura\/acervosculturais\/wp-content\/uploads\/2025\/04\/sem-fundo-1-150x150.png 150w, https:\/\/www3.santoandre.sp.gov.br\/cultura\/acervosculturais\/wp-content\/uploads\/2025\/04\/sem-fundo-1-768x768.png 768w, https:\/\/www3.santoandre.sp.gov.br\/cultura\/acervosculturais\/wp-content\/uploads\/2025\/04\/sem-fundo-1-1536x1536.png 1536w, https:\/\/www3.santoandre.sp.gov.br\/cultura\/acervosculturais\/wp-content\/uploads\/2025\/04\/sem-fundo-1-40x40.png 40w, https:\/\/www3.santoandre.sp.gov.br\/cultura\/acervosculturais\/wp-content\/uploads\/2025\/04\/sem-fundo-1-275x275.png 275w, https:\/\/www3.santoandre.sp.gov.br\/cultura\/acervosculturais\/wp-content\/uploads\/2025\/04\/sem-fundo-1-205x205.png 205w, https:\/\/www3.santoandre.sp.gov.br\/cultura\/acervosculturais\/wp-content\/uploads\/2025\/04\/sem-fundo-1-480x480.png 480w\" sizes=\"(max-width: 1654px) 100vw, 1654px\" \/><\/a><\/figure>\n\n\n<nav style=\"background-color: #8a2be2; font-style:normal;font-weight:400;text-transform:uppercase;\" class=\"has-text-color has-white-color has-background items-justified-center wp-block-navigation is-horizontal is-content-justification-center is-layout-flex wp-container-core-navigation-is-layout-03627597 wp-block-navigation-is-layout-flex\" aria-label=\"Santo andre e vc\"><ul style=\"background-color: #8a2be2; font-style:normal;font-weight:400;text-transform:uppercase;\" class=\"wp-block-navigation__container has-text-color has-white-color has-background items-justified-center wp-block-navigation\"><li class=\" wp-block-navigation-item wp-block-navigation-link\"><a class=\"wp-block-navigation-item__content\"  href=\"https:\/\/www3.santoandre.sp.gov.br\/cultura\/acervosculturais\/santoandreevc\/personalidadessa\/\"><span class=\"wp-block-navigation-item__label\">pessoas<\/span><\/a><\/li><li class=\" wp-block-navigation-item wp-block-navigation-link\"><a class=\"wp-block-navigation-item__content\"  href=\"https:\/\/www3.santoandre.sp.gov.br\/cultura\/acervosculturais\/santoandreevc\/meupedaco\/\"><span class=\"wp-block-navigation-item__label\">Territ\u00f3rios<\/span><\/a><\/li><li class=\" wp-block-navigation-item wp-block-navigation-link\"><a class=\"wp-block-navigation-item__content\"  href=\"https:\/\/www3.santoandre.sp.gov.br\/cultura\/acervosculturais\/santoandreevc\/nasescolas-2\/\"><span class=\"wp-block-navigation-item__label\">FORMA\u00c7\u00c3O DE REDES<\/span><\/a><\/li><li class=\" wp-block-navigation-item wp-block-navigation-link\"><a class=\"wp-block-navigation-item__content\"  href=\"https:\/\/www3.santoandre.sp.gov.br\/cultura\/acervosculturais\/santoandreevc\/participe\/\"><span class=\"wp-block-navigation-item__label\">PARTICIPE<\/span><\/a><\/li><li class=\" wp-block-navigation-item wp-block-navigation-link\"><a class=\"wp-block-navigation-item__content\"  href=\"https:\/\/www3.santoandre.sp.gov.br\/cultura\/acervosculturais\/santoandreevc\/outras-ferramentas\/\"><span class=\"wp-block-navigation-item__label\">SERVI\u00c7OS<\/span><\/a><\/li><li class=\" wp-block-navigation-item wp-block-navigation-link\"><a class=\"wp-block-navigation-item__content\"  href=\"https:\/\/www3.santoandre.sp.gov.br\/cultura\/acervosculturais\/noticias\/\"><span class=\"wp-block-navigation-item__label\">Not\u00edcias<\/span><\/a><\/li><\/ul><\/nav>\n\n\n<div class=\"wp-block-columns is-layout-flex wp-container-core-columns-is-layout-00cc40f8 wp-block-columns-is-layout-flex\" style=\"padding-top:32px;padding-right:40px;padding-bottom:32px;padding-left:40px\">\n<div class=\"wp-block-column is-layout-constrained wp-block-column-is-layout-constrained\">\n<p class=\"has-medium-font-size\">O objetivo deste eixo de trabalho \u00e9 dar protagonismo \u00e0 cada uma das pessoas que participam do SANTO ANDR\u00c9 \u00c9 VOC\u00ca, que compartilham suas hist\u00f3rias pessoais e proporcionar uma LEITURA DA CIDADE a partir do PONTO DE VISTA DAS PESSOAS.<\/p>\n\n\n\n<p class=\"has-medium-font-size\">Voc\u00ea tamb\u00e9m quer participar deste mosaico? Envie a sua foto e um depoimento em \u00e1udio ou v\u00eddeo! <\/p>\n\n\n\n<p class=\"has-medium-font-size\"><a href=\"https:\/\/www3.santoandre.sp.gov.br\/cultura\/acervosculturais\/santoandreevc\/participe\/\">Participe!<\/a><\/p>\n<\/div>\n<\/div>\n\n\n\n<h2 class=\"wp-block-heading has-text-align-center has-palette-color-9-color has-luminous-vivid-amber-background-color has-text-color has-background has-link-color wp-elements-ddf3b44a5cd7a6f8f3544359e05cfd02\" style=\"text-transform:uppercase\"><a href=\"https:\/\/www3.santoandre.sp.gov.br\/cultura\/acervosculturais\/personalidades\/?perpage=12&amp;view_mode=cards&amp;paged=1&amp;order=ASC&amp;orderby=title&amp;fetch_only_meta=&amp;fetch_only=thumbnail%2Ccreation_date%2Ctitle%2Cdescription\">Pessoas<\/a><\/h2>\n\n\n\n<div class=\"wp-block-columns is-layout-flex wp-container-core-columns-is-layout-28f84493 wp-block-columns-is-layout-flex\">\n<div class=\"wp-block-column is-layout-constrained wp-block-column-is-layout-constrained\">\n<p class=\"has-text-align-center\">Aqui temos algumas das pessoas que foram entrevistadas e fazem parte do mosaico<\/p>\n<\/div>\n<\/div>\n\n\n\n<div class=\"wp-block-columns is-layout-flex wp-container-core-columns-is-layout-0cc45bea wp-block-columns-is-layout-flex\" style=\"padding-right:40px;padding-left:40px\">\n<div class=\"wp-block-column is-layout-constrained wp-block-column-is-layout-constrained\">\n<div class=\"wp-block-tainacan-dynamic-items-list\" data-module=\"dynamic-items-list\" data-search-url=\"https:\/\/www3.santoandre.sp.gov.br\/cultura\/acervosculturais\/wp-admin\/?itemsSearchSelectionMode=true&amp;page=tainacan_admin#\/collections\/168965\/items\/?status=publish&amp;admin_view_mode=records&amp;perpage=96&amp;paged=1&amp;order=ASC&amp;orderby=date&amp;fetch_only=thumbnail&amp;fetch_only_meta=168968%2C168970%2C146535%2C91813%2C146537%2C172430%2C91774\" data-selected-items=\"[]\" data-collection-id=\"168965\" data-show-image=\"true\" data-show-name=\"true\" data-show-search-bar=\"true\" data-show-collection-header=\"false\" data-show-collection-label=\"false\" data-image-size=\"tainacan-medium\" data-layout=\"list\" data-load-strategy=\"search\" data-mosaic-height=\"1000\" data-mosaic-density=\"6\" data-mosaic-grid-rows=\"6\" data-mosaic-grid-columns=\"2\" data-mosaic-item-focal-point-x=\"0.5\" data-mosaic-item-focal-point-y=\"0.5\" data-max-columns-count=\"4\" data-collection-background-color=\"#373839\" data-collection-text-color=\"#ffffff\" data-grid-margin=\"0\" data-max-items-number=\"96\" data-order=\"ASC\" data-order-by=\"date\" data-order-by-meta-key=\"\" data-tainacan-view-mode=\"masonry\" data-tainacan-api-root=\"https:\/\/www3.santoandre.sp.gov.br\/cultura\/acervosculturais\/wp-json\/tainacan\/v2\" id=\"wp-block-tainacan-dynamic-items-list_b1326e35-ba7b-4ae2-8f3d-0e5000e65669\"><div><\/div><\/div>\n<\/div>\n<\/div>\n\n\n\n<p><\/p>\n","protected":false},"excerpt":{"rendered":"<p>O objetivo deste eixo de trabalho \u00e9 dar protagonismo \u00e0 cada uma das pessoas que participam do SANTO ANDR\u00c9 \u00c9 VOC\u00ca, que compartilham suas hist\u00f3rias pessoais e proporcionar uma LEITURA DA CIDADE a partir do PONTO DE VISTA DAS PESSOAS. Voc\u00ea tamb\u00e9m quer participar deste mosaico? Envie a sua foto e um depoimento em \u00e1udio [&hellip;]<\/p>\n","protected":false},"author":2,"featured_media":0,"parent":172783,"menu_order":0,"comment_status":"closed","ping_status":"closed","template":"elementor_canvas","meta":{"content-type":"https:\/\/www3.santoandre.sp.gov.br\/cultura\/acervosculturais\/santoandreevc\/outras-ferramentas\/","footnotes":""},"class_list":["post-173170","page","type-page","status-publish","hentry"],"blocksy_meta":[],"jetpack_sharing_enabled":true,"_links":{"self":[{"href":"https:\/\/www3.santoandre.sp.gov.br\/cultura\/acervosculturais\/wp-json\/wp\/v2\/pages\/173170","targetHints":{"allow":["GET"]}}],"collection":[{"href":"https:\/\/www3.santoandre.sp.gov.br\/cultura\/acervosculturais\/wp-json\/wp\/v2\/pages"}],"about":[{"href":"https:\/\/www3.santoandre.sp.gov.br\/cultura\/acervosculturais\/wp-json\/wp\/v2\/types\/page"}],"author":[{"embeddable":true,"href":"https:\/\/www3.santoandre.sp.gov.br\/cultura\/acervosculturais\/wp-json\/wp\/v2\/users\/2"}],"replies":[{"embeddable":true,"href":"https:\/\/www3.santoandre.sp.gov.br\/cultura\/acervosculturais\/wp-json\/wp\/v2\/comments?post=173170"}],"version-history":[{"count":53,"href":"https:\/\/www3.santoandre.sp.gov.br\/cultura\/acervosculturais\/wp-json\/wp\/v2\/pages\/173170\/revisions"}],"predecessor-version":[{"id":184822,"href":"https:\/\/www3.santoandre.sp.gov.br\/cultura\/acervosculturais\/wp-json\/wp\/v2\/pages\/173170\/revisions\/184822"}],"up":[{"embeddable":true,"href":"https:\/\/www3.santoandre.sp.gov.br\/cultura\/acervosculturais\/wp-json\/wp\/v2\/pages\/172783"}],"wp:attachment":[{"href":"https:\/\/www3.santoandre.sp.gov.br\/cultura\/acervosculturais\/wp-json\/wp\/v2\/media?parent=173170"}],"curies":[{"name":"wp","href":"https:\/\/api.w.org\/{rel}","templated":true}]}}