{"id":170123,"date":"2024-04-15T16:14:48","date_gmt":"2024-04-15T19:14:48","guid":{"rendered":"https:\/\/www3.santoandre.sp.gov.br\/cultura\/acervosculturais\/?page_id=170123"},"modified":"2024-04-16T09:47:37","modified_gmt":"2024-04-16T12:47:37","slug":"s31","status":"publish","type":"page","link":"https:\/\/www3.santoandre.sp.gov.br\/cultura\/acervosculturais\/s31\/","title":{"rendered":"S31"},"content":{"rendered":"\n<h1 class=\"wp-block-heading alignwide has-text-align-center has-large-font-size\"><strong><strong>S31 &#8211; Certid\u00f5es de \u00f3bito<\/strong><\/strong><\/h1>\n\n\n\n<p class=\"has-medium-font-size\">A s\u00e9rie cont\u00e9m um ma\u00e7o de documentos de 1907 com certid\u00f5es de \u00f3bito com Registro no Livro de \u00d3bito; causa da morte atestada por m\u00e9dico e assinatura do Escriv\u00e3o de Paz.<\/p>\n\n\n\n<p class=\"has-medium-font-size\">Acesso: presencial com agendamento pr\u00e9vio pelo e-mail: <a href=\"mailto:museu@santoandre.sp.gov.br\" class=\"ek-link\">museu@santoandre.sp.gov.br<\/a><\/p>\n\n\n\n<div class=\"wp-block-tainacan-dynamic-items-list\" data-module=\"dynamic-items-list\" search-url=\"\" selected-items=\"[&quot;137197&quot;,&quot;137198&quot;,&quot;164982&quot;,&quot;164983&quot;]\" collection-id=\"123879\" show-image=\"true\" show-name=\"true\" show-search-bar=\"false\" show-collection-header=\"true\" show-collection-label=\"false\" image-size=\"tainacan-medium\" layout=\"grid\" load-strategy=\"selection\" mosaic-height=\"280\" mosaic-density=\"5\" mosaic-grid-rows=\"3\" mosaic-grid-columns=\"3\" mosaic-item-focal-point-x=\"0.5\" mosaic-item-focal-point-y=\"0.5\" max-columns-count=\"4\" collection-background-color=\"#373839\" collection-text-color=\"#ffffff\" grid-margin=\"0\" max-items-number=\"12\" order=\"\" orderby=\"date\" orderbymetakey=\"\" tainacan-api-root=\"https:\/\/www3.santoandre.sp.gov.br\/cultura\/acervosculturais\/wp-json\/tainacan\/v2\" tainacan-base-url=\"https:\/\/www3.santoandre.sp.gov.br\/cultura\/acervosculturais\/wp-content\/plugins\/tainacan\" id=\"wp-block-tainacan-dynamic-items-list_b6dbfa0f-9719-4d4f-b2e9-706a04ef5030\"><div><\/div><\/div>\n","protected":false},"excerpt":{"rendered":"<p>S31 &#8211; Certid\u00f5es de \u00f3bito A s\u00e9rie cont\u00e9m um ma\u00e7o de documentos de 1907 com certid\u00f5es de \u00f3bito com Registro no Livro de \u00d3bito; causa da morte atestada por m\u00e9dico e assinatura do Escriv\u00e3o de Paz. Acesso: presencial com agendamento pr\u00e9vio pelo e-mail: museu@santoandre.sp.gov.br<\/p>\n","protected":false},"author":2,"featured_media":0,"parent":0,"menu_order":0,"comment_status":"closed","ping_status":"closed","template":"","meta":{"content-type":"","footnotes":""},"class_list":["post-170123","page","type-page","status-publish","hentry"],"blocksy_meta":[],"jetpack_sharing_enabled":true,"_links":{"self":[{"href":"https:\/\/www3.santoandre.sp.gov.br\/cultura\/acervosculturais\/wp-json\/wp\/v2\/pages\/170123","targetHints":{"allow":["GET"]}}],"collection":[{"href":"https:\/\/www3.santoandre.sp.gov.br\/cultura\/acervosculturais\/wp-json\/wp\/v2\/pages"}],"about":[{"href":"https:\/\/www3.santoandre.sp.gov.br\/cultura\/acervosculturais\/wp-json\/wp\/v2\/types\/page"}],"author":[{"embeddable":true,"href":"https:\/\/www3.santoandre.sp.gov.br\/cultura\/acervosculturais\/wp-json\/wp\/v2\/users\/2"}],"replies":[{"embeddable":true,"href":"https:\/\/www3.santoandre.sp.gov.br\/cultura\/acervosculturais\/wp-json\/wp\/v2\/comments?post=170123"}],"version-history":[{"count":3,"href":"https:\/\/www3.santoandre.sp.gov.br\/cultura\/acervosculturais\/wp-json\/wp\/v2\/pages\/170123\/revisions"}],"predecessor-version":[{"id":170189,"href":"https:\/\/www3.santoandre.sp.gov.br\/cultura\/acervosculturais\/wp-json\/wp\/v2\/pages\/170123\/revisions\/170189"}],"wp:attachment":[{"href":"https:\/\/www3.santoandre.sp.gov.br\/cultura\/acervosculturais\/wp-json\/wp\/v2\/media?parent=170123"}],"curies":[{"name":"wp","href":"https:\/\/api.w.org\/{rel}","templated":true}]}}