{"id":170089,"date":"2024-04-15T15:29:29","date_gmt":"2024-04-15T18:29:29","guid":{"rendered":"https:\/\/www3.santoandre.sp.gov.br\/cultura\/acervosculturais\/?page_id=170089"},"modified":"2024-04-16T09:32:29","modified_gmt":"2024-04-16T12:32:29","slug":"s15","status":"publish","type":"page","link":"https:\/\/www3.santoandre.sp.gov.br\/cultura\/acervosculturais\/s15\/","title":{"rendered":"S15"},"content":{"rendered":"\n<h1 class=\"wp-block-heading alignwide has-text-align-center has-large-font-size\"><strong><strong>S15 &#8211; Avisos ao Procurador<\/strong><\/strong><\/h1>\n\n\n\n<p class=\"has-medium-font-size\">A s\u00e9rie cont\u00e9m 1 ma\u00e7o de documentos de 1894 a 1902 com avisos ao Procurador da C\u00e2mara, enviados pelo Intendente e Subdelegado de Pol\u00edcia, sobre acontecimentos do Munic\u00edpio.<\/p>\n\n\n\n<p class=\"has-medium-font-size\">Acesso: presencial com agendamento pr\u00e9vio pelo e-mail: <a href=\"mailto:museu@santoandre.sp.gov.br\" class=\"ek-link\">museu@santoandre.sp.gov.br<\/a><\/p>\n\n\n\n<div class=\"wp-block-tainacan-dynamic-items-list\" data-module=\"dynamic-items-list\" search-url=\"\" selected-items=\"[&quot;164952&quot;,&quot;164953&quot;]\" collection-id=\"123879\" show-image=\"true\" show-name=\"true\" show-search-bar=\"false\" show-collection-header=\"true\" show-collection-label=\"false\" image-size=\"tainacan-medium\" layout=\"grid\" load-strategy=\"selection\" mosaic-height=\"280\" mosaic-density=\"5\" mosaic-grid-rows=\"3\" mosaic-grid-columns=\"3\" mosaic-item-focal-point-x=\"0.5\" mosaic-item-focal-point-y=\"0.5\" max-columns-count=\"4\" collection-background-color=\"#373839\" collection-text-color=\"#ffffff\" grid-margin=\"0\" max-items-number=\"12\" order=\"\" orderby=\"date\" orderbymetakey=\"\" tainacan-api-root=\"https:\/\/www3.santoandre.sp.gov.br\/cultura\/acervosculturais\/wp-json\/tainacan\/v2\" tainacan-base-url=\"https:\/\/www3.santoandre.sp.gov.br\/cultura\/acervosculturais\/wp-content\/plugins\/tainacan\" id=\"wp-block-tainacan-dynamic-items-list_6df0709e-d3d9-4e4e-a4e6-3b4721f89567\"><div><\/div><\/div>\n","protected":false},"excerpt":{"rendered":"<p>S15 &#8211; Avisos ao Procurador A s\u00e9rie cont\u00e9m 1 ma\u00e7o de documentos de 1894 a 1902 com avisos ao Procurador da C\u00e2mara, enviados pelo Intendente e Subdelegado de Pol\u00edcia, sobre acontecimentos do Munic\u00edpio. Acesso: presencial com agendamento pr\u00e9vio pelo e-mail: museu@santoandre.sp.gov.br<\/p>\n","protected":false},"author":2,"featured_media":0,"parent":0,"menu_order":0,"comment_status":"closed","ping_status":"closed","template":"","meta":{"content-type":"","footnotes":""},"class_list":["post-170089","page","type-page","status-publish","hentry"],"blocksy_meta":[],"jetpack_sharing_enabled":true,"_links":{"self":[{"href":"https:\/\/www3.santoandre.sp.gov.br\/cultura\/acervosculturais\/wp-json\/wp\/v2\/pages\/170089","targetHints":{"allow":["GET"]}}],"collection":[{"href":"https:\/\/www3.santoandre.sp.gov.br\/cultura\/acervosculturais\/wp-json\/wp\/v2\/pages"}],"about":[{"href":"https:\/\/www3.santoandre.sp.gov.br\/cultura\/acervosculturais\/wp-json\/wp\/v2\/types\/page"}],"author":[{"embeddable":true,"href":"https:\/\/www3.santoandre.sp.gov.br\/cultura\/acervosculturais\/wp-json\/wp\/v2\/users\/2"}],"replies":[{"embeddable":true,"href":"https:\/\/www3.santoandre.sp.gov.br\/cultura\/acervosculturais\/wp-json\/wp\/v2\/comments?post=170089"}],"version-history":[{"count":4,"href":"https:\/\/www3.santoandre.sp.gov.br\/cultura\/acervosculturais\/wp-json\/wp\/v2\/pages\/170089\/revisions"}],"predecessor-version":[{"id":170177,"href":"https:\/\/www3.santoandre.sp.gov.br\/cultura\/acervosculturais\/wp-json\/wp\/v2\/pages\/170089\/revisions\/170177"}],"wp:attachment":[{"href":"https:\/\/www3.santoandre.sp.gov.br\/cultura\/acervosculturais\/wp-json\/wp\/v2\/media?parent=170089"}],"curies":[{"name":"wp","href":"https:\/\/api.w.org\/{rel}","templated":true}]}}