{"id":139312,"date":"2023-11-16T21:40:53","date_gmt":"2023-11-17T00:40:53","guid":{"rendered":"https:\/\/www3.santoandre.sp.gov.br\/cultura\/acervosculturais\/?page_id=139312"},"modified":"2024-04-16T09:28:06","modified_gmt":"2024-04-16T12:28:06","slug":"s17","status":"publish","type":"page","link":"https:\/\/www3.santoandre.sp.gov.br\/cultura\/acervosculturais\/s17\/","title":{"rendered":"S17"},"content":{"rendered":"\n<h1 class=\"wp-block-heading alignwide has-text-align-center has-large-font-size\"><strong>S17 &#8211; Correspond\u00eancia ativa<\/strong><\/h1>\n\n\n\n<p class=\"has-medium-font-size\">A s\u00e9rie cont\u00e9m 1 ma\u00e7o de documentos e 8 livros de 1897 a 1931 da correspond\u00eancia enviada por membros da C\u00e2mara para \u00f3rg\u00e3os administrativos estaduais e empresas, comprovantes da transmiss\u00e3o de telegramas, livro de Registro de Of\u00edcios Expedidos e copiadores com \u00edndice alfab\u00e9tico.<\/p>\n\n\n\n<p class=\"has-medium-font-size\">Acesso: presencial com agendamento pr\u00e9vio pelo e-mail: <a href=\"mailto:museu@santoandre.sp.gov.br\" class=\"ek-link\">museu@santoandre.sp.gov.br<\/a><\/p>\n\n\n\n<div class=\"wp-block-tainacan-dynamic-items-list\" data-module=\"dynamic-items-list\" search-url=\"\" selected-items=\"[&quot;137186&quot;,&quot;137187&quot;,&quot;137188&quot;,&quot;137189&quot;,&quot;137190&quot;,&quot;164956&quot;,&quot;164957&quot;,&quot;164960&quot;,&quot;164958&quot;,&quot;164959&quot;]\" collection-id=\"123879\" show-image=\"true\" show-name=\"true\" show-search-bar=\"false\" show-collection-header=\"true\" show-collection-label=\"false\" image-size=\"tainacan-medium\" layout=\"grid\" load-strategy=\"selection\" mosaic-height=\"280\" mosaic-density=\"5\" mosaic-grid-rows=\"3\" mosaic-grid-columns=\"3\" mosaic-item-focal-point-x=\"0.5\" mosaic-item-focal-point-y=\"0.5\" max-columns-count=\"4\" collection-background-color=\"#373839\" collection-text-color=\"#ffffff\" grid-margin=\"0\" max-items-number=\"12\" order=\"\" orderby=\"date\" orderbymetakey=\"\" tainacan-api-root=\"https:\/\/www3.santoandre.sp.gov.br\/cultura\/acervosculturais\/wp-json\/tainacan\/v2\" tainacan-base-url=\"https:\/\/www3.santoandre.sp.gov.br\/cultura\/acervosculturais\/wp-content\/plugins\/tainacan\" id=\"wp-block-tainacan-dynamic-items-list_022c2b9a-9a19-42ef-9a15-b6b8231ef752\"><div><\/div><\/div>\n","protected":false},"excerpt":{"rendered":"<p>S17 &#8211; Correspond\u00eancia ativa A s\u00e9rie cont\u00e9m 1 ma\u00e7o de documentos e 8 livros de 1897 a 1931 da correspond\u00eancia enviada por membros da C\u00e2mara para \u00f3rg\u00e3os administrativos estaduais e empresas, comprovantes da transmiss\u00e3o de telegramas, livro de Registro de Of\u00edcios Expedidos e copiadores com \u00edndice alfab\u00e9tico. Acesso: presencial com agendamento pr\u00e9vio pelo e-mail: museu@santoandre.sp.gov.br<\/p>\n","protected":false},"author":2,"featured_media":0,"parent":0,"menu_order":0,"comment_status":"closed","ping_status":"closed","template":"","meta":{"content-type":"","footnotes":""},"class_list":["post-139312","page","type-page","status-publish","hentry"],"blocksy_meta":[],"jetpack_sharing_enabled":true,"_links":{"self":[{"href":"https:\/\/www3.santoandre.sp.gov.br\/cultura\/acervosculturais\/wp-json\/wp\/v2\/pages\/139312","targetHints":{"allow":["GET"]}}],"collection":[{"href":"https:\/\/www3.santoandre.sp.gov.br\/cultura\/acervosculturais\/wp-json\/wp\/v2\/pages"}],"about":[{"href":"https:\/\/www3.santoandre.sp.gov.br\/cultura\/acervosculturais\/wp-json\/wp\/v2\/types\/page"}],"author":[{"embeddable":true,"href":"https:\/\/www3.santoandre.sp.gov.br\/cultura\/acervosculturais\/wp-json\/wp\/v2\/users\/2"}],"replies":[{"embeddable":true,"href":"https:\/\/www3.santoandre.sp.gov.br\/cultura\/acervosculturais\/wp-json\/wp\/v2\/comments?post=139312"}],"version-history":[{"count":2,"href":"https:\/\/www3.santoandre.sp.gov.br\/cultura\/acervosculturais\/wp-json\/wp\/v2\/pages\/139312\/revisions"}],"predecessor-version":[{"id":170173,"href":"https:\/\/www3.santoandre.sp.gov.br\/cultura\/acervosculturais\/wp-json\/wp\/v2\/pages\/139312\/revisions\/170173"}],"wp:attachment":[{"href":"https:\/\/www3.santoandre.sp.gov.br\/cultura\/acervosculturais\/wp-json\/wp\/v2\/media?parent=139312"}],"curies":[{"name":"wp","href":"https:\/\/api.w.org\/{rel}","templated":true}]}}