{"id":139274,"date":"2023-11-16T15:02:09","date_gmt":"2023-11-16T18:02:09","guid":{"rendered":"https:\/\/www3.santoandre.sp.gov.br\/cultura\/acervosculturais\/?page_id=139274"},"modified":"2024-04-15T15:12:30","modified_gmt":"2024-04-15T18:12:30","slug":"s5","status":"publish","type":"page","link":"https:\/\/www3.santoandre.sp.gov.br\/cultura\/acervosculturais\/s5\/","title":{"rendered":"S5"},"content":{"rendered":"\n<h1 class=\"wp-block-heading alignwide has-text-align-center has-large-font-size\"><strong>S5 &#8211; Requerimentos<\/strong><\/h1>\n\n\n\n<p class=\"has-medium-font-size\">A s\u00e9rie Requerimentos cont\u00e9m 200 caixas de documentos de 1892 a 1938 com requerimentos que retratam a rela\u00e7\u00e3o do cidad\u00e3o com a municipalidade, contendo solicita\u00e7\u00f5es de mun\u00edcipes, empresas e funcion\u00e1rios \u00e0 C\u00e2mara referente \u00e0 diversos temas como: alvar\u00e1s de funcionamento de estabelecimentos; alvar\u00e1s de constru\u00e7\u00e3o e de reforma; isen\u00e7\u00e3o, cancelamento, diminui\u00e7\u00e3o e retifica\u00e7\u00e3o de impostos; expedi\u00e7\u00e3o de licen\u00e7as especiais para eventos e com\u00e9rcio; solicita\u00e7\u00f5es de realiza\u00e7\u00e3o de servi\u00e7os \u00e0 prefeitura e outros.<\/p>\n\n\n\n<p class=\"has-medium-font-size\">Acesso: virtual dos dossi\u00eas. Em caso de necessidade de aprofundamento das informa\u00e7\u00f5es, presencial com agendamento pr\u00e9vio pelo e-mail: <a href=\"mailto:museu@santoandre.sp.gov.br\">museu@santoandre.sp.gov.br<\/a><\/p>\n\n\n\n<div class=\"wp-block-tainacan-dynamic-items-list\" data-module=\"dynamic-items-list\" search-url=\"\" selected-items=\"[&quot;137302&quot;,&quot;137301&quot;,&quot;137291&quot;,&quot;137292&quot;,&quot;137293&quot;,&quot;137294&quot;,&quot;137295&quot;,&quot;137296&quot;,&quot;137297&quot;,&quot;137298&quot;,&quot;137290&quot;,&quot;137289&quot;,&quot;137288&quot;,&quot;137287&quot;,&quot;137286&quot;,&quot;137285&quot;,&quot;137284&quot;,&quot;137283&quot;,&quot;137282&quot;,&quot;137281&quot;,&quot;137280&quot;,&quot;137279&quot;,&quot;137206&quot;,&quot;137205&quot;,&quot;137204&quot;,&quot;137203&quot;,&quot;137300&quot;,&quot;137299&quot;,&quot;137278&quot;,&quot;137277&quot;,&quot;137276&quot;,&quot;137275&quot;,&quot;137274&quot;,&quot;137273&quot;,&quot;137272&quot;,&quot;137271&quot;,&quot;137270&quot;,&quot;137269&quot;,&quot;137268&quot;,&quot;137267&quot;,&quot;137266&quot;,&quot;137265&quot;,&quot;137264&quot;,&quot;137263&quot;,&quot;137262&quot;,&quot;137261&quot;,&quot;137260&quot;,&quot;137259&quot;,&quot;137258&quot;,&quot;137257&quot;,&quot;137256&quot;,&quot;137255&quot;,&quot;137254&quot;,&quot;137253&quot;,&quot;137252&quot;,&quot;137251&quot;,&quot;137250&quot;,&quot;137249&quot;,&quot;137248&quot;,&quot;137247&quot;,&quot;137246&quot;,&quot;137245&quot;,&quot;137244&quot;,&quot;137243&quot;,&quot;137242&quot;,&quot;137241&quot;,&quot;137240&quot;,&quot;137239&quot;,&quot;137238&quot;,&quot;137237&quot;,&quot;137236&quot;,&quot;137235&quot;,&quot;137234&quot;,&quot;137233&quot;,&quot;137232&quot;,&quot;137231&quot;,&quot;137230&quot;,&quot;137229&quot;,&quot;137228&quot;,&quot;137226&quot;,&quot;137227&quot;,&quot;137225&quot;,&quot;137224&quot;,&quot;137223&quot;,&quot;137222&quot;,&quot;137221&quot;,&quot;137220&quot;,&quot;137219&quot;,&quot;137218&quot;,&quot;137217&quot;,&quot;137216&quot;,&quot;137215&quot;,&quot;137214&quot;,&quot;137213&quot;,&quot;137212&quot;,&quot;137211&quot;,&quot;137210&quot;,&quot;137209&quot;,&quot;137208&quot;,&quot;137207&quot;,&quot;149718&quot;,&quot;157879&quot;,&quot;162209&quot;,&quot;154581&quot;,&quot;154511&quot;,&quot;157920&quot;,&quot;146594&quot;,&quot;146592&quot;,&quot;146690&quot;,&quot;146589&quot;,&quot;146576&quot;,&quot;146569&quot;,&quot;146564&quot;,&quot;146556&quot;,&quot;146554&quot;,&quot;146552&quot;,&quot;146709&quot;,&quot;146708&quot;,&quot;146707&quot;,&quot;146706&quot;,&quot;146705&quot;,&quot;146704&quot;,&quot;146703&quot;,&quot;146702&quot;,&quot;146701&quot;,&quot;146700&quot;,&quot;146699&quot;,&quot;146697&quot;,&quot;146696&quot;,&quot;146695&quot;,&quot;146694&quot;,&quot;146692&quot;,&quot;146689&quot;,&quot;146687&quot;,&quot;146685&quot;,&quot;146684&quot;,&quot;146683&quot;,&quot;146678&quot;,&quot;146677&quot;,&quot;146676&quot;,&quot;146675&quot;,&quot;146674&quot;,&quot;146673&quot;,&quot;146672&quot;,&quot;146671&quot;,&quot;146670&quot;,&quot;146669&quot;,&quot;146667&quot;,&quot;146666&quot;,&quot;146664&quot;,&quot;146663&quot;,&quot;146662&quot;,&quot;146661&quot;,&quot;146659&quot;,&quot;146657&quot;,&quot;146638&quot;,&quot;146636&quot;,&quot;146635&quot;,&quot;146634&quot;,&quot;146633&quot;,&quot;146630&quot;,&quot;146627&quot;,&quot;146626&quot;,&quot;146625&quot;,&quot;146624&quot;,&quot;146652&quot;,&quot;146628&quot;,&quot;146632&quot;,&quot;146642&quot;,&quot;146682&quot;,&quot;146639&quot;,&quot;146653&quot;,&quot;146577&quot;,&quot;146617&quot;,&quot;146688&quot;,&quot;146691&quot;,&quot;146546&quot;,&quot;146579&quot;,&quot;146590&quot;,&quot;146655&quot;,&quot;146654&quot;,&quot;146658&quot;,&quot;146637&quot;,&quot;146643&quot;,&quot;146597&quot;,&quot;146646&quot;,&quot;146587&quot;,&quot;146595&quot;,&quot;146629&quot;,&quot;146608&quot;,&quot;146681&quot;,&quot;146660&quot;,&quot;146558&quot;,&quot;146585&quot;,&quot;146631&quot;,&quot;146641&quot;,&quot;146649&quot;,&quot;146540&quot;,&quot;146599&quot;,&quot;146656&quot;,&quot;146559&quot;,&quot;146605&quot;,&quot;146640&quot;,&quot;146543&quot;,&quot;146545&quot;,&quot;146644&quot;,&quot;146645&quot;,&quot;146598&quot;,&quot;146544&quot;,&quot;146557&quot;,&quot;146561&quot;,&quot;146571&quot;,&quot;146572&quot;,&quot;146578&quot;,&quot;146580&quot;,&quot;146581&quot;,&quot;146582&quot;,&quot;146583&quot;,&quot;146584&quot;,&quot;146593&quot;,&quot;146609&quot;,&quot;146611&quot;,&quot;146612&quot;,&quot;146613&quot;,&quot;146614&quot;,&quot;146618&quot;,&quot;146619&quot;,&quot;146621&quot;,&quot;146622&quot;,&quot;146650&quot;,&quot;146651&quot;,&quot;146665&quot;,&quot;146668&quot;,&quot;146679&quot;,&quot;146680&quot;,&quot;146586&quot;,&quot;146648&quot;,&quot;146647&quot;,&quot;146541&quot;,&quot;146623&quot;,&quot;146620&quot;,&quot;146616&quot;,&quot;146615&quot;,&quot;146610&quot;,&quot;146607&quot;,&quot;146606&quot;,&quot;146604&quot;,&quot;146603&quot;,&quot;146601&quot;,&quot;146600&quot;,&quot;146596&quot;,&quot;146575&quot;,&quot;146574&quot;,&quot;146573&quot;,&quot;146570&quot;,&quot;146568&quot;,&quot;146567&quot;,&quot;146566&quot;,&quot;146565&quot;,&quot;146563&quot;,&quot;146555&quot;,&quot;146602&quot;,&quot;146547&quot;,&quot;146548&quot;,&quot;146549&quot;,&quot;146550&quot;,&quot;146551&quot;,&quot;146553&quot;,&quot;146560&quot;,&quot;146562&quot;,&quot;146588&quot;,&quot;146591&quot;,&quot;146686&quot;,&quot;146698&quot;,&quot;146693&quot;,&quot;146542&quot;]\" collection-id=\"123879\" show-image=\"true\" show-name=\"true\" show-search-bar=\"false\" show-collection-header=\"true\" show-collection-label=\"false\" image-size=\"tainacan-medium\" layout=\"grid\" load-strategy=\"selection\" mosaic-height=\"280\" mosaic-density=\"5\" mosaic-grid-rows=\"3\" mosaic-grid-columns=\"3\" mosaic-item-focal-point-x=\"0.5\" mosaic-item-focal-point-y=\"0.5\" max-columns-count=\"4\" collection-background-color=\"#373839\" collection-text-color=\"#ffffff\" grid-margin=\"0\" max-items-number=\"12\" order=\"\" orderby=\"date\" orderbymetakey=\"\" tainacan-api-root=\"https:\/\/www3.santoandre.sp.gov.br\/cultura\/acervosculturais\/wp-json\/tainacan\/v2\" tainacan-base-url=\"https:\/\/www3.santoandre.sp.gov.br\/cultura\/acervosculturais\/wp-content\/plugins\/tainacan\" id=\"wp-block-tainacan-dynamic-items-list_3e9c66f9-a288-4f41-ba1e-4c6cb2fc6116\"><div><\/div><\/div>\n","protected":false},"excerpt":{"rendered":"<p>S5 &#8211; Requerimentos A s\u00e9rie Requerimentos cont\u00e9m 200 caixas de documentos de 1892 a 1938 com requerimentos que retratam a rela\u00e7\u00e3o do cidad\u00e3o com a municipalidade, contendo solicita\u00e7\u00f5es de mun\u00edcipes, empresas e funcion\u00e1rios \u00e0 C\u00e2mara referente \u00e0 diversos temas como: alvar\u00e1s de funcionamento de estabelecimentos; alvar\u00e1s de constru\u00e7\u00e3o e de reforma; isen\u00e7\u00e3o, cancelamento, diminui\u00e7\u00e3o e [&hellip;]<\/p>\n","protected":false},"author":2,"featured_media":0,"parent":0,"menu_order":0,"comment_status":"closed","ping_status":"closed","template":"","meta":{"content-type":"","footnotes":""},"class_list":["post-139274","page","type-page","status-publish","hentry"],"blocksy_meta":[],"jetpack_sharing_enabled":true,"_links":{"self":[{"href":"https:\/\/www3.santoandre.sp.gov.br\/cultura\/acervosculturais\/wp-json\/wp\/v2\/pages\/139274","targetHints":{"allow":["GET"]}}],"collection":[{"href":"https:\/\/www3.santoandre.sp.gov.br\/cultura\/acervosculturais\/wp-json\/wp\/v2\/pages"}],"about":[{"href":"https:\/\/www3.santoandre.sp.gov.br\/cultura\/acervosculturais\/wp-json\/wp\/v2\/types\/page"}],"author":[{"embeddable":true,"href":"https:\/\/www3.santoandre.sp.gov.br\/cultura\/acervosculturais\/wp-json\/wp\/v2\/users\/2"}],"replies":[{"embeddable":true,"href":"https:\/\/www3.santoandre.sp.gov.br\/cultura\/acervosculturais\/wp-json\/wp\/v2\/comments?post=139274"}],"version-history":[{"count":2,"href":"https:\/\/www3.santoandre.sp.gov.br\/cultura\/acervosculturais\/wp-json\/wp\/v2\/pages\/139274\/revisions"}],"predecessor-version":[{"id":168912,"href":"https:\/\/www3.santoandre.sp.gov.br\/cultura\/acervosculturais\/wp-json\/wp\/v2\/pages\/139274\/revisions\/168912"}],"wp:attachment":[{"href":"https:\/\/www3.santoandre.sp.gov.br\/cultura\/acervosculturais\/wp-json\/wp\/v2\/media?parent=139274"}],"curies":[{"name":"wp","href":"https:\/\/api.w.org\/{rel}","templated":true}]}}