{"id":139269,"date":"2023-11-16T14:24:48","date_gmt":"2023-11-16T17:24:48","guid":{"rendered":"https:\/\/www3.santoandre.sp.gov.br\/cultura\/acervosculturais\/?page_id=139269"},"modified":"2024-04-15T17:18:45","modified_gmt":"2024-04-15T20:18:45","slug":"s3","status":"publish","type":"page","link":"https:\/\/www3.santoandre.sp.gov.br\/cultura\/acervosculturais\/s3\/","title":{"rendered":"S3"},"content":{"rendered":"\n<h1 class=\"wp-block-heading alignwide has-text-align-center has-large-font-size\"><strong>S3 &#8211; Atas de instala\u00e7\u00e3o e trabalhos da mesa eleitoral<\/strong><\/h1>\n\n\n\n<p class=\"has-medium-font-size\">A s\u00e9rie cont\u00e9m 25 livros e um ma\u00e7o de documentos de 1896 a 1930 com Termo de Abertura indicando a finalidade do livro, assinatura do presidente da c\u00e2mara e Juiz de Direito informa\u00e7\u00f5es como data, local, participantes da Mesa eleitoral e finalidade da elei\u00e7\u00e3o, apura\u00e7\u00e3o do resultado da elei\u00e7\u00e3o com indica\u00e7\u00e3o do cargo, nome do candidato, profiss\u00e3o, resid\u00eancia e n\u00famero de votos obtidos.<\/p>\n\n\n\n<p class=\"has-medium-font-size\">Acesso: presencial com agendamento pr\u00e9vio pelo e-mail: <a href=\"mailto:museu@santoandre.sp.gov.br\" class=\"ek-link\">museu@santoandre.sp.gov.br<\/a><\/p>\n\n\n\n<div class=\"wp-block-tainacan-dynamic-items-list\" data-module=\"dynamic-items-list\" search-url=\"\" selected-items=\"[&quot;137160&quot;,&quot;137159&quot;,&quot;164926&quot;,&quot;164928&quot;,&quot;164927&quot;]\" collection-id=\"123879\" show-image=\"true\" show-name=\"true\" show-search-bar=\"false\" show-collection-header=\"true\" show-collection-label=\"false\" image-size=\"tainacan-medium\" layout=\"grid\" load-strategy=\"selection\" mosaic-height=\"280\" mosaic-density=\"5\" mosaic-grid-rows=\"3\" mosaic-grid-columns=\"3\" mosaic-item-focal-point-x=\"0.5\" mosaic-item-focal-point-y=\"0.5\" max-columns-count=\"4\" collection-background-color=\"#373839\" collection-text-color=\"#ffffff\" grid-margin=\"0\" max-items-number=\"12\" order=\"\" orderby=\"date\" orderbymetakey=\"\" tainacan-api-root=\"https:\/\/www3.santoandre.sp.gov.br\/cultura\/acervosculturais\/wp-json\/tainacan\/v2\" tainacan-base-url=\"https:\/\/www3.santoandre.sp.gov.br\/cultura\/acervosculturais\/wp-content\/plugins\/tainacan\" id=\"wp-block-tainacan-dynamic-items-list_92730585-677a-42e1-9905-d8f8c8bf9ab2\"><div><\/div><\/div>\n","protected":false},"excerpt":{"rendered":"<p>S3 &#8211; Atas de instala\u00e7\u00e3o e trabalhos da mesa eleitoral A s\u00e9rie cont\u00e9m 25 livros e um ma\u00e7o de documentos de 1896 a 1930 com Termo de Abertura indicando a finalidade do livro, assinatura do presidente da c\u00e2mara e Juiz de Direito informa\u00e7\u00f5es como data, local, participantes da Mesa eleitoral e finalidade da elei\u00e7\u00e3o, apura\u00e7\u00e3o [&hellip;]<\/p>\n","protected":false},"author":2,"featured_media":0,"parent":0,"menu_order":0,"comment_status":"closed","ping_status":"closed","template":"","meta":{"content-type":"","footnotes":""},"class_list":["post-139269","page","type-page","status-publish","hentry"],"blocksy_meta":[],"jetpack_sharing_enabled":true,"_links":{"self":[{"href":"https:\/\/www3.santoandre.sp.gov.br\/cultura\/acervosculturais\/wp-json\/wp\/v2\/pages\/139269","targetHints":{"allow":["GET"]}}],"collection":[{"href":"https:\/\/www3.santoandre.sp.gov.br\/cultura\/acervosculturais\/wp-json\/wp\/v2\/pages"}],"about":[{"href":"https:\/\/www3.santoandre.sp.gov.br\/cultura\/acervosculturais\/wp-json\/wp\/v2\/types\/page"}],"author":[{"embeddable":true,"href":"https:\/\/www3.santoandre.sp.gov.br\/cultura\/acervosculturais\/wp-json\/wp\/v2\/users\/2"}],"replies":[{"embeddable":true,"href":"https:\/\/www3.santoandre.sp.gov.br\/cultura\/acervosculturais\/wp-json\/wp\/v2\/comments?post=139269"}],"version-history":[{"count":2,"href":"https:\/\/www3.santoandre.sp.gov.br\/cultura\/acervosculturais\/wp-json\/wp\/v2\/pages\/139269\/revisions"}],"predecessor-version":[{"id":170165,"href":"https:\/\/www3.santoandre.sp.gov.br\/cultura\/acervosculturais\/wp-json\/wp\/v2\/pages\/139269\/revisions\/170165"}],"wp:attachment":[{"href":"https:\/\/www3.santoandre.sp.gov.br\/cultura\/acervosculturais\/wp-json\/wp\/v2\/media?parent=139269"}],"curies":[{"name":"wp","href":"https:\/\/api.w.org\/{rel}","templated":true}]}}