{"id":139268,"date":"2023-11-16T14:21:44","date_gmt":"2023-11-16T17:21:44","guid":{"rendered":"https:\/\/www3.santoandre.sp.gov.br\/cultura\/acervosculturais\/?page_id=139268"},"modified":"2024-04-15T14:54:41","modified_gmt":"2024-04-15T17:54:41","slug":"s8","status":"publish","type":"page","link":"https:\/\/www3.santoandre.sp.gov.br\/cultura\/acervosculturais\/s8\/","title":{"rendered":"S8"},"content":{"rendered":"\n<h1 class=\"wp-block-heading alignwide has-text-align-center has-large-font-size\"><strong>S8 &#8211; Pareceres das comiss\u00f5es da C\u00e2mara<\/strong><\/h1>\n\n\n\n<p class=\"has-medium-font-size\">A s\u00e9rie cont\u00e9m 5 ma\u00e7os de documentos de 1895 a 1930 com opini\u00e3o t\u00e9cnica das comiss\u00f5es de justi\u00e7a, obras, contas (finan\u00e7as) e higiene sobre reivindica\u00e7\u00f5es de funcion\u00e1rios e mun\u00edcipes. Inclui requerimentos, contratos de servi\u00e7o, balancetes, indica\u00e7\u00f5es, projetos de lei e abaixo-assinados. <\/p>\n\n\n\n<p class=\"has-medium-font-size\">Acesso: presencial com agendamento pr\u00e9vio pelo e-mail: <a href=\"mailto:museu@santoandre.sp.gov.br\">museu@santoandre.sp.gov.br<\/a><\/p>\n\n\n\n<div class=\"wp-block-tainacan-dynamic-items-list\" data-module=\"dynamic-items-list\" search-url=\"\" selected-items=\"[&quot;137168&quot;,&quot;137169&quot;,&quot;164936&quot;,&quot;164937&quot;]\" collection-id=\"123879\" show-image=\"true\" show-name=\"true\" show-search-bar=\"false\" show-collection-header=\"true\" show-collection-label=\"false\" image-size=\"tainacan-medium\" layout=\"grid\" load-strategy=\"selection\" mosaic-height=\"280\" mosaic-density=\"5\" mosaic-grid-rows=\"3\" mosaic-grid-columns=\"3\" mosaic-item-focal-point-x=\"0.5\" mosaic-item-focal-point-y=\"0.5\" max-columns-count=\"4\" collection-background-color=\"#373839\" collection-text-color=\"#ffffff\" grid-margin=\"0\" max-items-number=\"12\" order=\"\" orderby=\"date\" orderbymetakey=\"\" tainacan-api-root=\"https:\/\/www3.santoandre.sp.gov.br\/cultura\/acervosculturais\/wp-json\/tainacan\/v2\" tainacan-base-url=\"https:\/\/www3.santoandre.sp.gov.br\/cultura\/acervosculturais\/wp-content\/plugins\/tainacan\" id=\"wp-block-tainacan-dynamic-items-list_627bb406-01d5-4943-8897-94e2029d703e\"><div><\/div><\/div>\n","protected":false},"excerpt":{"rendered":"<p>S8 &#8211; Pareceres das comiss\u00f5es da C\u00e2mara A s\u00e9rie cont\u00e9m 5 ma\u00e7os de documentos de 1895 a 1930 com opini\u00e3o t\u00e9cnica das comiss\u00f5es de justi\u00e7a, obras, contas (finan\u00e7as) e higiene sobre reivindica\u00e7\u00f5es de funcion\u00e1rios e mun\u00edcipes. Inclui requerimentos, contratos de servi\u00e7o, balancetes, indica\u00e7\u00f5es, projetos de lei e abaixo-assinados. Acesso: presencial com agendamento pr\u00e9vio pelo e-mail: [&hellip;]<\/p>\n","protected":false},"author":2,"featured_media":0,"parent":0,"menu_order":0,"comment_status":"closed","ping_status":"closed","template":"","meta":{"content-type":"","footnotes":""},"class_list":["post-139268","page","type-page","status-publish","hentry"],"blocksy_meta":[],"jetpack_sharing_enabled":true,"_links":{"self":[{"href":"https:\/\/www3.santoandre.sp.gov.br\/cultura\/acervosculturais\/wp-json\/wp\/v2\/pages\/139268","targetHints":{"allow":["GET"]}}],"collection":[{"href":"https:\/\/www3.santoandre.sp.gov.br\/cultura\/acervosculturais\/wp-json\/wp\/v2\/pages"}],"about":[{"href":"https:\/\/www3.santoandre.sp.gov.br\/cultura\/acervosculturais\/wp-json\/wp\/v2\/types\/page"}],"author":[{"embeddable":true,"href":"https:\/\/www3.santoandre.sp.gov.br\/cultura\/acervosculturais\/wp-json\/wp\/v2\/users\/2"}],"replies":[{"embeddable":true,"href":"https:\/\/www3.santoandre.sp.gov.br\/cultura\/acervosculturais\/wp-json\/wp\/v2\/comments?post=139268"}],"version-history":[{"count":2,"href":"https:\/\/www3.santoandre.sp.gov.br\/cultura\/acervosculturais\/wp-json\/wp\/v2\/pages\/139268\/revisions"}],"predecessor-version":[{"id":166808,"href":"https:\/\/www3.santoandre.sp.gov.br\/cultura\/acervosculturais\/wp-json\/wp\/v2\/pages\/139268\/revisions\/166808"}],"wp:attachment":[{"href":"https:\/\/www3.santoandre.sp.gov.br\/cultura\/acervosculturais\/wp-json\/wp\/v2\/media?parent=139268"}],"curies":[{"name":"wp","href":"https:\/\/api.w.org\/{rel}","templated":true}]}}