{"id":139256,"date":"2023-11-16T14:18:03","date_gmt":"2023-11-16T17:18:03","guid":{"rendered":"https:\/\/www3.santoandre.sp.gov.br\/cultura\/acervosculturais\/?page_id=139256"},"modified":"2024-04-01T16:31:36","modified_gmt":"2024-04-01T19:31:36","slug":"s20","status":"publish","type":"page","link":"https:\/\/www3.santoandre.sp.gov.br\/cultura\/acervosculturais\/s20\/","title":{"rendered":"S20"},"content":{"rendered":"\n<h1 class=\"wp-block-heading alignwide has-text-align-center has-large-font-size\"><strong>S20 &#8211; Regimento da C\u00e2mara<\/strong><\/h1>\n\n\n\n<p class=\"has-medium-font-size\">A s\u00e9rie cont\u00e9m um livro de 1936 contendo normas sobre elei\u00e7\u00f5es das Comiss\u00f5es Permanentes, composi\u00e7\u00e3o da mesa, atribui\u00e7\u00f5es do Presidente, Vice-presidente, Secret\u00e1rio, Vereadores e Comiss\u00f5es, caracteriza\u00e7\u00e3o dos Pareceres das comiss\u00f5es, projetos de lei, resolu\u00e7\u00f5es, indica\u00e7\u00f5es e expedientes. Acesso: presencial com agendamento pr\u00e9vio pelo e-mail: <a href=\"mailto:museu@santoandre.sp.gov.br\" class=\"ek-link\">museu@santoandre.sp.gov.br<\/a><\/p>\n\n\n\n<div class=\"wp-block-tainacan-dynamic-items-list has-tablet-text-align-center has-mobile-text-align-center\" data-module=\"dynamic-items-list\" search-url=\"\" selected-items=\"[&quot;137173&quot;,&quot;137172&quot;,&quot;164964&quot;]\" collection-id=\"123879\" show-image=\"true\" show-name=\"true\" show-search-bar=\"false\" show-collection-header=\"true\" show-collection-label=\"false\" image-size=\"tainacan-medium\" layout=\"grid\" load-strategy=\"selection\" mosaic-height=\"280\" mosaic-density=\"5\" mosaic-grid-rows=\"3\" mosaic-grid-columns=\"3\" mosaic-item-focal-point-x=\"0.5\" mosaic-item-focal-point-y=\"0.5\" max-columns-count=\"4\" collection-background-color=\"#373839\" collection-text-color=\"#ffffff\" grid-margin=\"0\" max-items-number=\"12\" order=\"\" orderby=\"date\" orderbymetakey=\"\" tainacan-api-root=\"https:\/\/www3.santoandre.sp.gov.br\/cultura\/acervosculturais\/wp-json\/tainacan\/v2\" tainacan-base-url=\"https:\/\/www3.santoandre.sp.gov.br\/cultura\/acervosculturais\/wp-content\/plugins\/tainacan\" id=\"wp-block-tainacan-dynamic-items-list_83332a22-55fd-46ba-ba36-5f3cd98e7d7b\"><div><\/div><\/div>\n","protected":false},"excerpt":{"rendered":"<p>S20 &#8211; Regimento da C\u00e2mara A s\u00e9rie cont\u00e9m um livro de 1936 contendo normas sobre elei\u00e7\u00f5es das Comiss\u00f5es Permanentes, composi\u00e7\u00e3o da mesa, atribui\u00e7\u00f5es do Presidente, Vice-presidente, Secret\u00e1rio, Vereadores e Comiss\u00f5es, caracteriza\u00e7\u00e3o dos Pareceres das comiss\u00f5es, projetos de lei, resolu\u00e7\u00f5es, indica\u00e7\u00f5es e expedientes. Acesso: presencial com agendamento pr\u00e9vio pelo e-mail: museu@santoandre.sp.gov.br<\/p>\n","protected":false},"author":2,"featured_media":0,"parent":0,"menu_order":0,"comment_status":"closed","ping_status":"closed","template":"","meta":{"content-type":"","footnotes":""},"class_list":["post-139256","page","type-page","status-publish","hentry"],"blocksy_meta":[],"jetpack_sharing_enabled":true,"_links":{"self":[{"href":"https:\/\/www3.santoandre.sp.gov.br\/cultura\/acervosculturais\/wp-json\/wp\/v2\/pages\/139256","targetHints":{"allow":["GET"]}}],"collection":[{"href":"https:\/\/www3.santoandre.sp.gov.br\/cultura\/acervosculturais\/wp-json\/wp\/v2\/pages"}],"about":[{"href":"https:\/\/www3.santoandre.sp.gov.br\/cultura\/acervosculturais\/wp-json\/wp\/v2\/types\/page"}],"author":[{"embeddable":true,"href":"https:\/\/www3.santoandre.sp.gov.br\/cultura\/acervosculturais\/wp-json\/wp\/v2\/users\/2"}],"replies":[{"embeddable":true,"href":"https:\/\/www3.santoandre.sp.gov.br\/cultura\/acervosculturais\/wp-json\/wp\/v2\/comments?post=139256"}],"version-history":[{"count":2,"href":"https:\/\/www3.santoandre.sp.gov.br\/cultura\/acervosculturais\/wp-json\/wp\/v2\/pages\/139256\/revisions"}],"predecessor-version":[{"id":166800,"href":"https:\/\/www3.santoandre.sp.gov.br\/cultura\/acervosculturais\/wp-json\/wp\/v2\/pages\/139256\/revisions\/166800"}],"wp:attachment":[{"href":"https:\/\/www3.santoandre.sp.gov.br\/cultura\/acervosculturais\/wp-json\/wp\/v2\/media?parent=139256"}],"curies":[{"name":"wp","href":"https:\/\/api.w.org\/{rel}","templated":true}]}}