{"id":139236,"date":"2023-11-16T13:58:17","date_gmt":"2023-11-16T16:58:17","guid":{"rendered":"https:\/\/www3.santoandre.sp.gov.br\/cultura\/acervosculturais\/?page_id=139236"},"modified":"2024-04-15T17:17:29","modified_gmt":"2024-04-15T20:17:29","slug":"s2","status":"publish","type":"page","link":"https:\/\/www3.santoandre.sp.gov.br\/cultura\/acervosculturais\/s2\/","title":{"rendered":"S2"},"content":{"rendered":"\n<h1 class=\"wp-block-heading alignwide has-text-align-center has-large-font-size\"><strong>S2 &#8211; Atas de alistamento de qualifica\u00e7\u00e3o e revis\u00e3o<\/strong><\/h1>\n\n\n\n<p class=\"has-medium-font-size\">A s\u00e9rie cont\u00e9m 15 livros de 1892 a 1922 com Termo de Abertura indicando a finalidade do livro, assinatura do presidente da Sess\u00e3o, informa\u00e7\u00f5es sobre Alistamento Eleitoral como nome do eleitor, profiss\u00e3o, resid\u00eancia e filia\u00e7\u00e3o, indica\u00e7\u00e3o de revis\u00e3o eleitoral e recibos de T\u00edtulo de Eleitor de diversas sess\u00f5es eleitorais.<\/p>\n\n\n\n<p class=\"has-medium-font-size\">Acesso: presencial com agendamento pr\u00e9vio pelo e-mail: <a href=\"mailto:museu@santoandre.sp.gov.br\" class=\"ek-link\">museu@santoandre.sp.gov.br<\/a><\/p>\n\n\n\n<div class=\"wp-block-tainacan-dynamic-items-list\" data-module=\"dynamic-items-list\" search-url=\"\" selected-items=\"[&quot;137198&quot;,&quot;164923&quot;,&quot;164924&quot;,&quot;164925&quot;]\" collection-id=\"123879\" show-image=\"true\" show-name=\"true\" show-search-bar=\"false\" show-collection-header=\"true\" show-collection-label=\"false\" image-size=\"tainacan-medium\" layout=\"grid\" load-strategy=\"selection\" mosaic-height=\"280\" mosaic-density=\"5\" mosaic-grid-rows=\"3\" mosaic-grid-columns=\"3\" mosaic-item-focal-point-x=\"0.5\" mosaic-item-focal-point-y=\"0.5\" max-columns-count=\"4\" collection-background-color=\"#373839\" collection-text-color=\"#ffffff\" grid-margin=\"0\" max-items-number=\"12\" order=\"\" orderby=\"date\" orderbymetakey=\"\" tainacan-api-root=\"https:\/\/www3.santoandre.sp.gov.br\/cultura\/acervosculturais\/wp-json\/tainacan\/v2\" tainacan-base-url=\"https:\/\/www3.santoandre.sp.gov.br\/cultura\/acervosculturais\/wp-content\/plugins\/tainacan\" id=\"wp-block-tainacan-dynamic-items-list_6abde9f7-b13d-4166-81f9-fb365894dcea\"><div><\/div><\/div>\n","protected":false},"excerpt":{"rendered":"<p>S2 &#8211; Atas de alistamento de qualifica\u00e7\u00e3o e revis\u00e3o A s\u00e9rie cont\u00e9m 15 livros de 1892 a 1922 com Termo de Abertura indicando a finalidade do livro, assinatura do presidente da Sess\u00e3o, informa\u00e7\u00f5es sobre Alistamento Eleitoral como nome do eleitor, profiss\u00e3o, resid\u00eancia e filia\u00e7\u00e3o, indica\u00e7\u00e3o de revis\u00e3o eleitoral e recibos de T\u00edtulo de Eleitor de [&hellip;]<\/p>\n","protected":false},"author":2,"featured_media":0,"parent":0,"menu_order":0,"comment_status":"closed","ping_status":"closed","template":"","meta":{"content-type":"","footnotes":""},"class_list":["post-139236","page","type-page","status-publish","hentry"],"blocksy_meta":[],"jetpack_sharing_enabled":true,"_links":{"self":[{"href":"https:\/\/www3.santoandre.sp.gov.br\/cultura\/acervosculturais\/wp-json\/wp\/v2\/pages\/139236","targetHints":{"allow":["GET"]}}],"collection":[{"href":"https:\/\/www3.santoandre.sp.gov.br\/cultura\/acervosculturais\/wp-json\/wp\/v2\/pages"}],"about":[{"href":"https:\/\/www3.santoandre.sp.gov.br\/cultura\/acervosculturais\/wp-json\/wp\/v2\/types\/page"}],"author":[{"embeddable":true,"href":"https:\/\/www3.santoandre.sp.gov.br\/cultura\/acervosculturais\/wp-json\/wp\/v2\/users\/2"}],"replies":[{"embeddable":true,"href":"https:\/\/www3.santoandre.sp.gov.br\/cultura\/acervosculturais\/wp-json\/wp\/v2\/comments?post=139236"}],"version-history":[{"count":3,"href":"https:\/\/www3.santoandre.sp.gov.br\/cultura\/acervosculturais\/wp-json\/wp\/v2\/pages\/139236\/revisions"}],"predecessor-version":[{"id":170163,"href":"https:\/\/www3.santoandre.sp.gov.br\/cultura\/acervosculturais\/wp-json\/wp\/v2\/pages\/139236\/revisions\/170163"}],"wp:attachment":[{"href":"https:\/\/www3.santoandre.sp.gov.br\/cultura\/acervosculturais\/wp-json\/wp\/v2\/media?parent=139236"}],"curies":[{"name":"wp","href":"https:\/\/api.w.org\/{rel}","templated":true}]}}