{"id":139222,"date":"2023-11-16T13:55:15","date_gmt":"2023-11-16T16:55:15","guid":{"rendered":"https:\/\/www3.santoandre.sp.gov.br\/cultura\/acervosculturais\/?page_id=139222"},"modified":"2024-04-15T16:43:37","modified_gmt":"2024-04-15T19:43:37","slug":"s1","status":"publish","type":"page","link":"https:\/\/www3.santoandre.sp.gov.br\/cultura\/acervosculturais\/fcmsb\/s1\/","title":{"rendered":"S1"},"content":{"rendered":"\n<h1 class=\"wp-block-heading alignwide has-text-align-center has-large-font-size\"><strong>S1 &#8211; Atas das Sess\u00f5es da C\u00e2mara<\/strong><\/h1>\n\n\n\n<p class=\"has-medium-font-size\">A s\u00e9rie cont\u00e9m 15 livros manuscritos das Atas de sess\u00f5es da C\u00e2mara de 1895 a 1937, com informa\u00e7\u00f5es indicando a finalidade do livro, assinaturas e rubricas do Vice ou Presidente da C\u00e2mara, nome dos participantes da sess\u00e3o, data, local e hora, e informa\u00e7\u00f5es sobre os acontecimentos e decis\u00f5es tomadas nas sess\u00f5es.<\/p>\n\n\n\n<p class=\"has-medium-font-size\">Acesso: presencial com agendamento pr\u00e9vio pelo e-mail: <a class=\"ek-link\" href=\"mailto:museu@santoandre.sp.gov.br\">museu@santoandre.sp.gov.br<\/a><\/p>\n\n\n\n<div class=\"wp-block-tainacan-dynamic-items-list\" data-module=\"dynamic-items-list\" search-url=\"\" selected-items=\"[&quot;164922&quot;,&quot;164921&quot;,&quot;164920&quot;]\" collection-id=\"123879\" show-image=\"true\" show-name=\"true\" show-search-bar=\"false\" show-collection-header=\"true\" show-collection-label=\"false\" image-size=\"tainacan-medium\" layout=\"grid\" load-strategy=\"selection\" mosaic-height=\"280\" mosaic-density=\"5\" mosaic-grid-rows=\"3\" mosaic-grid-columns=\"3\" mosaic-item-focal-point-x=\"0.5\" mosaic-item-focal-point-y=\"0.5\" max-columns-count=\"4\" collection-background-color=\"#373839\" collection-text-color=\"#ffffff\" grid-margin=\"0\" max-items-number=\"12\" order=\"\" orderby=\"date\" orderbymetakey=\"\" tainacan-api-root=\"https:\/\/www3.santoandre.sp.gov.br\/cultura\/acervosculturais\/wp-json\/tainacan\/v2\" tainacan-base-url=\"https:\/\/www3.santoandre.sp.gov.br\/cultura\/acervosculturais\/wp-content\/plugins\/tainacan\" id=\"wp-block-tainacan-dynamic-items-list_6d2eb964-5303-4636-a3b3-f97b84675843\"><div><\/div><\/div>\n","protected":false},"excerpt":{"rendered":"<p>S1 &#8211; Atas das Sess\u00f5es da C\u00e2mara A s\u00e9rie cont\u00e9m 15 livros manuscritos das Atas de sess\u00f5es da C\u00e2mara de 1895 a 1937, com informa\u00e7\u00f5es indicando a finalidade do livro, assinaturas e rubricas do Vice ou Presidente da C\u00e2mara, nome dos participantes da sess\u00e3o, data, local e hora, e informa\u00e7\u00f5es sobre os acontecimentos e decis\u00f5es [&hellip;]<\/p>\n","protected":false},"author":1,"featured_media":0,"parent":123938,"menu_order":0,"comment_status":"closed","ping_status":"closed","template":"","meta":{"content-type":"","footnotes":""},"class_list":["post-139222","page","type-page","status-publish","hentry"],"blocksy_meta":[],"jetpack_sharing_enabled":true,"_links":{"self":[{"href":"https:\/\/www3.santoandre.sp.gov.br\/cultura\/acervosculturais\/wp-json\/wp\/v2\/pages\/139222","targetHints":{"allow":["GET"]}}],"collection":[{"href":"https:\/\/www3.santoandre.sp.gov.br\/cultura\/acervosculturais\/wp-json\/wp\/v2\/pages"}],"about":[{"href":"https:\/\/www3.santoandre.sp.gov.br\/cultura\/acervosculturais\/wp-json\/wp\/v2\/types\/page"}],"author":[{"embeddable":true,"href":"https:\/\/www3.santoandre.sp.gov.br\/cultura\/acervosculturais\/wp-json\/wp\/v2\/users\/1"}],"replies":[{"embeddable":true,"href":"https:\/\/www3.santoandre.sp.gov.br\/cultura\/acervosculturais\/wp-json\/wp\/v2\/comments?post=139222"}],"version-history":[{"count":10,"href":"https:\/\/www3.santoandre.sp.gov.br\/cultura\/acervosculturais\/wp-json\/wp\/v2\/pages\/139222\/revisions"}],"predecessor-version":[{"id":170157,"href":"https:\/\/www3.santoandre.sp.gov.br\/cultura\/acervosculturais\/wp-json\/wp\/v2\/pages\/139222\/revisions\/170157"}],"up":[{"embeddable":true,"href":"https:\/\/www3.santoandre.sp.gov.br\/cultura\/acervosculturais\/wp-json\/wp\/v2\/pages\/123938"}],"wp:attachment":[{"href":"https:\/\/www3.santoandre.sp.gov.br\/cultura\/acervosculturais\/wp-json\/wp\/v2\/media?parent=139222"}],"curies":[{"name":"wp","href":"https:\/\/api.w.org\/{rel}","templated":true}]}}