{"id":123860,"date":"2023-09-14T15:48:48","date_gmt":"2023-09-14T18:48:48","guid":{"rendered":"https:\/\/www3.santoandre.sp.gov.br\/cultura\/acervosculturais\/?page_id=123860"},"modified":"2023-09-14T16:13:17","modified_gmt":"2023-09-14T19:13:17","slug":"exposicao-virtual-setembro-de-2023-tempo-e-luz-leituras-no-acervo","status":"publish","type":"page","link":"https:\/\/www3.santoandre.sp.gov.br\/cultura\/acervosculturais\/exposicao-virtual-setembro-de-2023-tempo-e-luz-leituras-no-acervo\/","title":{"rendered":"EXPOSI\u00c7\u00c3O VIRTUAL SETEMBRO DE 2023 \u2013 TEMPO E LUZ \u2013 LEITURAS NO ACERVO"},"content":{"rendered":"<h2 class=\"wp-block-post-title\">EXPOSI\u00c7\u00c3O VIRTUAL SETEMBRO DE 2023 \u2013 TEMPO E LUZ \u2013 LEITURAS NO ACERVO<\/h2>\n\n\n<p>A presente exposi\u00e7\u00e3o virtual apresenta obras que integram o acervo art\u00edstico da Prefeitura de Santo Andr\u00e9, sob gest\u00e3o da Casa do Olhar Luiz Sacilotto.<\/p>\n\n\n\n<p>A sele\u00e7\u00e3o de obras aqui entra em di\u00e1logo com a produ\u00e7\u00e3o de ROBA (Jos\u00e9 Urrutia Roba), que faleceu no in\u00edcio deste ano e teve uma exposi\u00e7\u00e3o em sua homenagem no Cine Theatro de Variedades Carlos Gomes.<\/p>\n\n\n\n<p>Roba tem sua produ\u00e7\u00e3o fortemente associada com a aquarela, mas realizou extensa cria\u00e7\u00e3o em temas figurativos e abstratos, utilizando tamb\u00e9m outras t\u00e9cnicas.<\/p>\n\n\n\n<p>Por este motivo, as obras aqui transitam entre a figura\u00e7\u00e3o e abstra\u00e7\u00e3o, com t\u00e9cnicas diversas, tendo como ponto em comum a presen\u00e7a e o uso da luz como fator de constru\u00e7\u00e3o pict\u00f3rica.<\/p>\n\n\n\n<p>Nilo de Almeida &#8211; Curador<\/p>\n\n\n\n<p><\/p>\n\n\n\n<div class=\"wp-block-tainacan-dynamic-items-list\" data-module=\"dynamic-items-list\" search-url=\"\" selected-items=\"[&quot;93851&quot;,&quot;92599&quot;,&quot;92839&quot;,&quot;92148&quot;,&quot;92955&quot;,&quot;92190&quot;,&quot;92295&quot;,&quot;92388&quot;,&quot;92762&quot;,&quot;93115&quot;]\" collection-id=\"91757\" show-image=\"true\" show-name=\"true\" show-search-bar=\"false\" show-collection-header=\"true\" show-collection-label=\"false\" image-size=\"tainacan-medium-full\" layout=\"grid\" load-strategy=\"selection\" mosaic-height=\"800\" mosaic-density=\"5\" mosaic-grid-rows=\"6\" mosaic-grid-columns=\"2\" mosaic-item-focal-point-x=\"0.5\" mosaic-item-focal-point-y=\"0.5\" max-columns-count=\"3\" collection-background-color=\"#373839\" collection-text-color=\"#ffffff\" grid-margin=\"20\" max-items-number=\"12\" order=\"\" orderby=\"date\" orderbymetakey=\"\" tainacan-api-root=\"https:\/\/www3.santoandre.sp.gov.br\/cultura\/acervosculturais\/wp-json\/tainacan\/v2\" tainacan-base-url=\"https:\/\/www3.santoandre.sp.gov.br\/cultura\/acervosculturais\/wp-content\/plugins\/tainacan\" id=\"wp-block-tainacan-dynamic-items-list_71c4f5cf-0423-4cbe-8f4b-0397268ef6d4\"><div><\/div><\/div>\n","protected":false},"excerpt":{"rendered":"<p>A presente exposi\u00e7\u00e3o virtual apresenta obras que integram o acervo art\u00edstico da Prefeitura de Santo Andr\u00e9, sob gest\u00e3o da Casa do Olhar Luiz Sacilotto. A sele\u00e7\u00e3o de obras aqui entra em di\u00e1logo com a produ\u00e7\u00e3o de ROBA (Jos\u00e9 Urrutia Roba), que faleceu no in\u00edcio deste ano e teve uma exposi\u00e7\u00e3o em sua homenagem no Cine [&hellip;]<\/p>\n","protected":false},"author":2,"featured_media":0,"parent":0,"menu_order":0,"comment_status":"closed","ping_status":"closed","template":"","meta":{"_angie_page":false,"content-type":"","footnotes":""},"class_list":["post-123860","page","type-page","status-publish","hentry"],"blocksy_meta":[],"jetpack_sharing_enabled":true,"_links":{"self":[{"href":"https:\/\/www3.santoandre.sp.gov.br\/cultura\/acervosculturais\/wp-json\/wp\/v2\/pages\/123860","targetHints":{"allow":["GET"]}}],"collection":[{"href":"https:\/\/www3.santoandre.sp.gov.br\/cultura\/acervosculturais\/wp-json\/wp\/v2\/pages"}],"about":[{"href":"https:\/\/www3.santoandre.sp.gov.br\/cultura\/acervosculturais\/wp-json\/wp\/v2\/types\/page"}],"author":[{"embeddable":true,"href":"https:\/\/www3.santoandre.sp.gov.br\/cultura\/acervosculturais\/wp-json\/wp\/v2\/users\/2"}],"replies":[{"embeddable":true,"href":"https:\/\/www3.santoandre.sp.gov.br\/cultura\/acervosculturais\/wp-json\/wp\/v2\/comments?post=123860"}],"version-history":[{"count":7,"href":"https:\/\/www3.santoandre.sp.gov.br\/cultura\/acervosculturais\/wp-json\/wp\/v2\/pages\/123860\/revisions"}],"predecessor-version":[{"id":139153,"href":"https:\/\/www3.santoandre.sp.gov.br\/cultura\/acervosculturais\/wp-json\/wp\/v2\/pages\/123860\/revisions\/139153"}],"wp:attachment":[{"href":"https:\/\/www3.santoandre.sp.gov.br\/cultura\/acervosculturais\/wp-json\/wp\/v2\/media?parent=123860"}],"curies":[{"name":"wp","href":"https:\/\/api.w.org\/{rel}","templated":true}]}}