{"id":123634,"date":"2022-04-26T19:38:20","date_gmt":"2022-04-26T22:38:20","guid":{"rendered":"https:\/\/www3.santoandre.sp.gov.br\/cultura\/acervosculturais\/?page_id=123634"},"modified":"2022-04-27T11:18:40","modified_gmt":"2022-04-27T14:18:40","slug":"biblioteca-digital","status":"publish","type":"page","link":"https:\/\/www3.santoandre.sp.gov.br\/cultura\/acervosculturais\/biblioteca-digital\/","title":{"rendered":"Biblioteca Digital"},"content":{"rendered":"\n<h1 class=\"has-text-align-center wp-block-heading\">Biblioteca Digital<\/h1>\n\n\n\n<div class=\"wp-block-image\"><figure class=\"alignleft size-full\"><a href=\"http:\/\/www.santoandre.sp.gov.br\/pesquisa\/\" target=\"_blank\" rel=\"noopener\"><img decoding=\"async\" width=\"200\" height=\"200\" data-attachment-id=\"123609\" data-permalink=\"https:\/\/www3.santoandre.sp.gov.br\/cultura\/acervosculturais\/https-www3-santoandre-sp-gov-br-cultura-acervosculturais-colecoes\/acervo-rebisa-200x200\/\" data-orig-file=\"https:\/\/www3.santoandre.sp.gov.br\/cultura\/acervosculturais\/wp-content\/uploads\/2022\/04\/ACERVO-REBISA-200X200.png\" data-orig-size=\"200,200\" data-comments-opened=\"1\" data-image-meta=\"{&quot;aperture&quot;:&quot;0&quot;,&quot;credit&quot;:&quot;&quot;,&quot;camera&quot;:&quot;&quot;,&quot;caption&quot;:&quot;&quot;,&quot;created_timestamp&quot;:&quot;0&quot;,&quot;copyright&quot;:&quot;&quot;,&quot;focal_length&quot;:&quot;0&quot;,&quot;iso&quot;:&quot;0&quot;,&quot;shutter_speed&quot;:&quot;0&quot;,&quot;title&quot;:&quot;&quot;,&quot;orientation&quot;:&quot;0&quot;}\" data-image-title=\"ACERVO REBISA 200X200\" data-image-description=\"\" data-image-caption=\"\" data-large-file=\"https:\/\/www3.santoandre.sp.gov.br\/cultura\/acervosculturais\/wp-content\/uploads\/2022\/04\/ACERVO-REBISA-200X200.png\" src=\"https:\/\/www3.santoandre.sp.gov.br\/cultura\/acervosculturais\/wp-content\/uploads\/2022\/04\/ACERVO-REBISA-200X200.png\" alt=\"\" class=\"wp-image-123609\" srcset=\"https:\/\/www3.santoandre.sp.gov.br\/cultura\/acervosculturais\/wp-content\/uploads\/2022\/04\/ACERVO-REBISA-200X200.png 200w, https:\/\/www3.santoandre.sp.gov.br\/cultura\/acervosculturais\/wp-content\/uploads\/2022\/04\/ACERVO-REBISA-200X200-150x150.png 150w, https:\/\/www3.santoandre.sp.gov.br\/cultura\/acervosculturais\/wp-content\/uploads\/2022\/04\/ACERVO-REBISA-200X200-40x40.png 40w\" sizes=\"(max-width: 200px) 100vw, 200px\" \/><\/a><\/figure><\/div>\n\n\n\n<p class=\"has-text-color has-medium-font-size\" style=\"color:#0d0202\">A Biblioteca Digital de Santo Andr\u00e9 \u00e9 portal de acesso a todas as obras do Sistema de Bibliotecas P\u00fablicas da Prefeitura de Santo Andr\u00e9.<\/p>\n\n\n\n<p class=\"has-text-color has-medium-font-size\" style=\"color:#0d0202\">S\u00e3o mais de 207.458 mil itens, entre livros impressos, material multim\u00eddia (v\u00eddeos e \u00e1udio-livros), com 27 mil ebooks e artigos eletr\u00f4nicos para download gratuito.<\/p>\n\n\n\n<p class=\"has-text-color has-medium-font-size\" style=\"color:#0d0202\">Mais informa\u00e7\u00f5es <a href=\"https:\/\/culturaz.santoandre.sp.gov.br\/agente\/105\/\" target=\"_blank\" rel=\"noreferrer noopener\">AQUi<\/a>.<br><\/p>\n\n\n\n<p><\/p>\n","protected":false},"excerpt":{"rendered":"<p>Biblioteca Digital A Biblioteca Digital de Santo Andr\u00e9 \u00e9 portal de acesso a todas as obras do Sistema de Bibliotecas P\u00fablicas da Prefeitura de Santo Andr\u00e9. S\u00e3o mais de 207.458 mil itens, entre livros impressos, material multim\u00eddia (v\u00eddeos e \u00e1udio-livros), com 27 mil ebooks e artigos eletr\u00f4nicos para download gratuito. Mais informa\u00e7\u00f5es AQUi.<\/p>\n","protected":false},"author":2,"featured_media":0,"parent":0,"menu_order":0,"comment_status":"closed","ping_status":"closed","template":"","meta":{"_angie_page":false,"content-type":"","footnotes":""},"class_list":["post-123634","page","type-page","status-publish","hentry"],"blocksy_meta":{"styles_descriptor":{"styles":{"desktop":"","tablet":"","mobile":""},"google_fonts":[],"version":6}},"jetpack_sharing_enabled":true,"_links":{"self":[{"href":"https:\/\/www3.santoandre.sp.gov.br\/cultura\/acervosculturais\/wp-json\/wp\/v2\/pages\/123634","targetHints":{"allow":["GET"]}}],"collection":[{"href":"https:\/\/www3.santoandre.sp.gov.br\/cultura\/acervosculturais\/wp-json\/wp\/v2\/pages"}],"about":[{"href":"https:\/\/www3.santoandre.sp.gov.br\/cultura\/acervosculturais\/wp-json\/wp\/v2\/types\/page"}],"author":[{"embeddable":true,"href":"https:\/\/www3.santoandre.sp.gov.br\/cultura\/acervosculturais\/wp-json\/wp\/v2\/users\/2"}],"replies":[{"embeddable":true,"href":"https:\/\/www3.santoandre.sp.gov.br\/cultura\/acervosculturais\/wp-json\/wp\/v2\/comments?post=123634"}],"version-history":[{"count":5,"href":"https:\/\/www3.santoandre.sp.gov.br\/cultura\/acervosculturais\/wp-json\/wp\/v2\/pages\/123634\/revisions"}],"predecessor-version":[{"id":123646,"href":"https:\/\/www3.santoandre.sp.gov.br\/cultura\/acervosculturais\/wp-json\/wp\/v2\/pages\/123634\/revisions\/123646"}],"wp:attachment":[{"href":"https:\/\/www3.santoandre.sp.gov.br\/cultura\/acervosculturais\/wp-json\/wp\/v2\/media?parent=123634"}],"curies":[{"name":"wp","href":"https:\/\/api.w.org\/{rel}","templated":true}]}}