{"id":123630,"date":"2022-04-26T19:33:22","date_gmt":"2022-04-26T22:33:22","guid":{"rendered":"https:\/\/www3.santoandre.sp.gov.br\/cultura\/acervosculturais\/?page_id=123630"},"modified":"2022-04-26T20:16:18","modified_gmt":"2022-04-26T23:16:18","slug":"fundo","status":"publish","type":"page","link":"https:\/\/www3.santoandre.sp.gov.br\/cultura\/acervosculturais\/fundo\/","title":{"rendered":"Fundo"},"content":{"rendered":"\n<h1 class=\"has-text-align-center wp-block-heading\">Fundo de Cultura<\/h1>\n\n\n\n<p class=\"has-text-color has-medium-font-size\" style=\"color:#130101\">Acervo do Fundo Municipal de Cultura de Santo Andr\u00e9<\/p>\n\n\n\n<p class=\"has-text-color has-medium-font-size\" style=\"color:#090101\">A recupera\u00e7\u00e3o do hist\u00f3rico de financiamentos concedidos pelo Fundo Municipal de Cultura aos artistas e produtores culturais de Santo Andr\u00e9 foi iniciada em 2005 pela Ger\u00eancia de Projetos Especiais, Planejamento e Informa\u00e7\u00f5es Culturais (GPEPIC).<\/p>\n\n\n\n<p class=\"has-text-color has-medium-font-size\" style=\"color:#090101\">Inicialmente, a pesquisa foi realizada entre os anos de 2008 e 2009 a partir da necessidade de se mapear a produ\u00e7\u00e3o art\u00edstico-cultural financiada pelo Fundo Municipal de Cultura desde o ano de 1990.<\/p>\n\n\n\n<p class=\"has-text-color has-medium-font-size\" style=\"color:#090101\">Hoje, com quase 30 anos em funcionamento, o Fundo \u00e9 um mecanismo de financiamento direto que acumula mais de 150 projetos culturais financiados. A grande maioria dos projetos \u00e9 composta por produtos culturais f\u00edsicos (bens culturais materiais como livros, CDs, publica\u00e7\u00f5es diversas) e outra parte composta por projetos executados em campo (como cursos, oficinas, circula\u00e7\u00e3o de espet\u00e1culos). Ou seja, o acervo do Fundo \u00e9 composto por obras que s\u00e3o perenes e por obras que s\u00f3 existem na lembran\u00e7a de quem as fruiu.<\/p>\n\n\n\n<p class=\"has-text-color has-medium-font-size\" style=\"color:#090101\">Do panorama que se apresenta, nem tudo o que foi levantado est\u00e1 digitalizado para ser disponibilizado neste portal no momento por quest\u00f5es de formato do produto cultural original; mas principalmente as publica\u00e7\u00f5es podem ser encontradas e consultadas ou na Biblioteca Central Nair Lacerda ou na Biblioteca do Museu de Santo Andr\u00e9.<\/p>\n\n\n\n<p class=\"has-text-color has-medium-font-size\" style=\"color:#090101\">Saiba mais sobre o Fundo de Cultura de Santo Andr\u00e9<a href=\"http:\/\/Saiba mais sobre o Fundo de Cultura de Santo Andr\u00e9 AQUI. https:\/\/culturaz.santoandre.sp.gov.br\/projeto\/113\/\" target=\"_blank\" rel=\"noreferrer noopener\"> AQUI<\/a>. <\/p>\n\n\n\n<p><\/p>\n","protected":false},"excerpt":{"rendered":"<p>Fundo de Cultura Acervo do Fundo Municipal de Cultura de Santo Andr\u00e9 A recupera\u00e7\u00e3o do hist\u00f3rico de financiamentos concedidos pelo Fundo Municipal de Cultura aos artistas e produtores culturais de Santo Andr\u00e9 foi iniciada em 2005 pela Ger\u00eancia de Projetos Especiais, Planejamento e Informa\u00e7\u00f5es Culturais (GPEPIC). Inicialmente, a pesquisa foi realizada entre os anos de [&hellip;]<\/p>\n","protected":false},"author":2,"featured_media":0,"parent":0,"menu_order":0,"comment_status":"closed","ping_status":"closed","template":"","meta":{"content-type":"","footnotes":""},"class_list":["post-123630","page","type-page","status-publish","hentry"],"blocksy_meta":{"styles_descriptor":{"styles":{"desktop":"","tablet":"","mobile":""},"google_fonts":[],"version":6}},"jetpack_sharing_enabled":true,"_links":{"self":[{"href":"https:\/\/www3.santoandre.sp.gov.br\/cultura\/acervosculturais\/wp-json\/wp\/v2\/pages\/123630","targetHints":{"allow":["GET"]}}],"collection":[{"href":"https:\/\/www3.santoandre.sp.gov.br\/cultura\/acervosculturais\/wp-json\/wp\/v2\/pages"}],"about":[{"href":"https:\/\/www3.santoandre.sp.gov.br\/cultura\/acervosculturais\/wp-json\/wp\/v2\/types\/page"}],"author":[{"embeddable":true,"href":"https:\/\/www3.santoandre.sp.gov.br\/cultura\/acervosculturais\/wp-json\/wp\/v2\/users\/2"}],"replies":[{"embeddable":true,"href":"https:\/\/www3.santoandre.sp.gov.br\/cultura\/acervosculturais\/wp-json\/wp\/v2\/comments?post=123630"}],"version-history":[{"count":3,"href":"https:\/\/www3.santoandre.sp.gov.br\/cultura\/acervosculturais\/wp-json\/wp\/v2\/pages\/123630\/revisions"}],"predecessor-version":[{"id":123652,"href":"https:\/\/www3.santoandre.sp.gov.br\/cultura\/acervosculturais\/wp-json\/wp\/v2\/pages\/123630\/revisions\/123652"}],"wp:attachment":[{"href":"https:\/\/www3.santoandre.sp.gov.br\/cultura\/acervosculturais\/wp-json\/wp\/v2\/media?parent=123630"}],"curies":[{"name":"wp","href":"https:\/\/api.w.org\/{rel}","templated":true}]}}