{"id":123629,"date":"2022-04-26T19:34:15","date_gmt":"2022-04-26T22:34:15","guid":{"rendered":"https:\/\/www3.santoandre.sp.gov.br\/cultura\/acervosculturais\/?page_id=123629"},"modified":"2022-04-27T11:19:12","modified_gmt":"2022-04-27T14:19:12","slug":"casa-do-olhar-2","status":"publish","type":"page","link":"https:\/\/www3.santoandre.sp.gov.br\/cultura\/acervosculturais\/casa-do-olhar-2\/","title":{"rendered":"Casa do Olhar"},"content":{"rendered":"\n<h1 class=\"has-text-align-center wp-block-heading\">Casa do Olhar Luiz Sacilotto<\/h1>\n\n\n\n<div class=\"wp-block-image\"><figure class=\"alignleft size-full\"><a href=\"https:\/\/www3.santoandre.sp.gov.br\/cultura\/acervosculturais\/casa-do-olhar\/?view_mode=cards\" target=\"_blank\" rel=\"noopener\"><img decoding=\"async\" width=\"200\" height=\"200\" data-attachment-id=\"123604\" data-permalink=\"https:\/\/www3.santoandre.sp.gov.br\/cultura\/acervosculturais\/https-www3-santoandre-sp-gov-br-cultura-acervosculturais-colecoes\/acervo-casa-do-olhar-200x200\/\" data-orig-file=\"https:\/\/www3.santoandre.sp.gov.br\/cultura\/acervosculturais\/wp-content\/uploads\/2022\/04\/ACERVO-CASA-DO-OLHAR-200X200.png\" data-orig-size=\"200,200\" data-comments-opened=\"1\" data-image-meta=\"{&quot;aperture&quot;:&quot;0&quot;,&quot;credit&quot;:&quot;&quot;,&quot;camera&quot;:&quot;&quot;,&quot;caption&quot;:&quot;&quot;,&quot;created_timestamp&quot;:&quot;0&quot;,&quot;copyright&quot;:&quot;&quot;,&quot;focal_length&quot;:&quot;0&quot;,&quot;iso&quot;:&quot;0&quot;,&quot;shutter_speed&quot;:&quot;0&quot;,&quot;title&quot;:&quot;&quot;,&quot;orientation&quot;:&quot;0&quot;}\" data-image-title=\"ACERVO CASA DO OLHAR 200X200\" data-image-description=\"\" data-image-caption=\"\" data-large-file=\"https:\/\/www3.santoandre.sp.gov.br\/cultura\/acervosculturais\/wp-content\/uploads\/2022\/04\/ACERVO-CASA-DO-OLHAR-200X200.png\" src=\"https:\/\/www3.santoandre.sp.gov.br\/cultura\/acervosculturais\/wp-content\/uploads\/2022\/04\/ACERVO-CASA-DO-OLHAR-200X200.png\" alt=\"\" class=\"wp-image-123604\" srcset=\"https:\/\/www3.santoandre.sp.gov.br\/cultura\/acervosculturais\/wp-content\/uploads\/2022\/04\/ACERVO-CASA-DO-OLHAR-200X200.png 200w, https:\/\/www3.santoandre.sp.gov.br\/cultura\/acervosculturais\/wp-content\/uploads\/2022\/04\/ACERVO-CASA-DO-OLHAR-200X200-150x150.png 150w, https:\/\/www3.santoandre.sp.gov.br\/cultura\/acervosculturais\/wp-content\/uploads\/2022\/04\/ACERVO-CASA-DO-OLHAR-200X200-40x40.png 40w\" sizes=\"(max-width: 200px) 100vw, 200px\" \/><\/a><\/figure><\/div>\n\n\n\n<p class=\"has-text-color has-medium-font-size\" style=\"color:#090909\">A Casa do Olhar Luiz Sacilotto conserva e preserva mais de 500 obras da arte contempor\u00e2nea brasileira. Este acervo come\u00e7ou a ser formado em 1968 quando foi realizado o primeiro Sal\u00e3o de Arte Contempor\u00e2nea de Santo Andr\u00e9. Durante as 49 edi\u00e7\u00f5es da mostra, a Prefeitura adquiriu obras da maior import\u00e2ncia para a hist\u00f3ria do estilo. O acervo municipal \u00e9 composto por obras de Luiz Sacilotto, Jo\u00e3o Suzuki, Hans Grudzinski, Aldemir Martins, Ant\u00f4nio Henrique do Amaral e Thomas Ianelli, dentre muitos outros nomes que comp\u00f5em o cen\u00e1rio nacional da arte contempor\u00e2nea de cinco d\u00e9cadas.<br>O segundo n\u00facleo que comp\u00f5e a cole\u00e7\u00e3o \u00e9 formado pelas obras premiadas na Bienal de Gravura de Santo Andr\u00e9, que teve cinco edi\u00e7\u00f5es entre os anos de 2001 e 2011.<br>A diversidade das t\u00e9cnicas presentes no acervo abrange todas as possibilidades criativas exploradas pelos artistas nestes tempos, saindo do desenho \u00e0s instala\u00e7\u00f5es e obras em v\u00eddeo, sempre refletindo os processos de fatura art\u00edstica de seu tempo.<br>Este conjunto de obras tra\u00e7a um importante percurso da arte contempor\u00e2nea brasileira dos \u00faltimos cinquenta anos.<br>Deve-se tamb\u00e9m destacar o papel e a colabora\u00e7\u00e3o de cr\u00edticos de arte e curadores que ao longo das d\u00e9cadas integraram a Comiss\u00e3o de Sele\u00e7\u00e3o e Premia\u00e7\u00e3o, trazendo sempre um olhar novo e provocativo sobre a forma\u00e7\u00e3o do acervo. Nomes como Encok Sacramento, Radha Abramo, Aracy Amaral, Mario Schenberg, Paulo Chaves, entre outros, deixaram um legado, seja atrav\u00e9s das exposi\u00e7\u00f5es ou de textos sobre os Sal\u00f5es.<br>Esta heran\u00e7a continua nos dias atuais, tanto pela presen\u00e7a de artistas que est\u00e3o no cen\u00e1rio da arte contempor\u00e2nea mundial, como de membros da Comiss\u00e3o de Sele\u00e7\u00e3o que atuam em museus e outras institui\u00e7\u00f5es culturais relevantes no Brasil e no exterior.<br>Saiba mais sobre a Casa do Olhar Luiz Sacilotto <a href=\"https:\/\/culturaz.santoandre.sp.gov.br\/espaco\/5\/\" target=\"_blank\" rel=\"noreferrer noopener\">AQUI<\/a>.<br><\/p>\n","protected":false},"excerpt":{"rendered":"<p>Casa do Olhar Luiz Sacilotto A Casa do Olhar Luiz Sacilotto conserva e preserva mais de 500 obras da arte contempor\u00e2nea brasileira. Este acervo come\u00e7ou a ser formado em 1968 quando foi realizado o primeiro Sal\u00e3o de Arte Contempor\u00e2nea de Santo Andr\u00e9. Durante as 49 edi\u00e7\u00f5es da mostra, a Prefeitura adquiriu obras da maior import\u00e2ncia [&hellip;]<\/p>\n","protected":false},"author":2,"featured_media":0,"parent":0,"menu_order":0,"comment_status":"closed","ping_status":"closed","template":"","meta":{"_angie_page":false,"content-type":"","footnotes":""},"class_list":["post-123629","page","type-page","status-publish","hentry"],"blocksy_meta":{"styles_descriptor":{"styles":{"desktop":"","tablet":"","mobile":""},"google_fonts":[],"version":6}},"jetpack_sharing_enabled":true,"_links":{"self":[{"href":"https:\/\/www3.santoandre.sp.gov.br\/cultura\/acervosculturais\/wp-json\/wp\/v2\/pages\/123629","targetHints":{"allow":["GET"]}}],"collection":[{"href":"https:\/\/www3.santoandre.sp.gov.br\/cultura\/acervosculturais\/wp-json\/wp\/v2\/pages"}],"about":[{"href":"https:\/\/www3.santoandre.sp.gov.br\/cultura\/acervosculturais\/wp-json\/wp\/v2\/types\/page"}],"author":[{"embeddable":true,"href":"https:\/\/www3.santoandre.sp.gov.br\/cultura\/acervosculturais\/wp-json\/wp\/v2\/users\/2"}],"replies":[{"embeddable":true,"href":"https:\/\/www3.santoandre.sp.gov.br\/cultura\/acervosculturais\/wp-json\/wp\/v2\/comments?post=123629"}],"version-history":[{"count":4,"href":"https:\/\/www3.santoandre.sp.gov.br\/cultura\/acervosculturais\/wp-json\/wp\/v2\/pages\/123629\/revisions"}],"predecessor-version":[{"id":123658,"href":"https:\/\/www3.santoandre.sp.gov.br\/cultura\/acervosculturais\/wp-json\/wp\/v2\/pages\/123629\/revisions\/123658"}],"wp:attachment":[{"href":"https:\/\/www3.santoandre.sp.gov.br\/cultura\/acervosculturais\/wp-json\/wp\/v2\/media?parent=123629"}],"curies":[{"name":"wp","href":"https:\/\/api.w.org\/{rel}","templated":true}]}}