{"id":9,"date":"2019-04-11T16:10:16","date_gmt":"2019-04-11T13:10:16","guid":{"rendered":"https:\/\/www3.santoandre.sp.gov.br\/chmsa\/?page_id=9"},"modified":"2025-03-17T23:01:12","modified_gmt":"2025-03-17T20:01:12","slug":"o-hospital-historia","status":"publish","type":"page","link":"https:\/\/www3.santoandre.sp.gov.br\/chmsa\/index.php\/o-hospital\/o-hospital-historia\/","title":{"rendered":"Hist\u00f3ria"},"content":{"rendered":"<p>Origin\u00e1rio da antiga Santa Casa de Miseric\u00f3rdia, o Centro Hospitalar Municipal de Santo Andr\u00e9 (CHMSA) \u00e9 um dos mais importantes da cidade e o mais antigo equipamento hospitalar de toda a regi\u00e3o do ABC, fundado em 1912. A fam\u00edlia Cardoso Franco, muito influente na \u00e9poca, pretendendo manter sua hegemonia diante do cl\u00e3 Fl\u00e1quer, outra fam\u00edlia bem conceituada na cidade, decidiu constituir a irmandade que ficou incumbida de fundar a Santa Casa de Miseric\u00f3rdia, inspirada nos modelos vindos de Portugal. Gerenciado atualmente pela administra\u00e7\u00e3o direta da Secretaria de Sa\u00fade do munic\u00edpio em parceria com a Funda\u00e7\u00e3o do ABC (Fuabc) , \u00e9 um hospital geral voltado para o atendimento exclusivo ao SUS (Sistema \u00danico de Sa\u00fade).<\/p>\n<p><img loading=\"lazy\" decoding=\"async\" class=\"size-medium wp-image-270 aligncenter\" src=\"https:\/\/www3.santoandre.sp.gov.br\/chmsa\/wp-content\/uploads\/2019\/04\/chm-antiga-300x220.jpg\" alt=\"\" width=\"300\" height=\"220\" srcset=\"https:\/\/www3.santoandre.sp.gov.br\/chmsa\/wp-content\/uploads\/2019\/04\/chm-antiga-300x220.jpg 300w, https:\/\/www3.santoandre.sp.gov.br\/chmsa\/wp-content\/uploads\/2019\/04\/chm-antiga-768x564.jpg 768w, https:\/\/www3.santoandre.sp.gov.br\/chmsa\/wp-content\/uploads\/2019\/04\/chm-antiga-1024x752.jpg 1024w, https:\/\/www3.santoandre.sp.gov.br\/chmsa\/wp-content\/uploads\/2019\/04\/chm-antiga.jpg 1307w\" sizes=\"auto, (max-width: 300px) 100vw, 300px\" \/><\/p>\n<p><strong>Cronologia<\/strong><\/p>\n<p><strong>1911<\/strong><\/p>\n<ul>\n<li>\u00c9 lan\u00e7ada a pedra fundamental da obra, no dia 14 de maio.<\/li>\n<\/ul>\n<p><strong>1912<\/strong><\/p>\n<ul>\n<li>O hospital \u00e9 inaugurado, em 08 de abril, anivers\u00e1rio da cidade, como Santa Casa de Miseric\u00f3rdia de Santo Andr\u00e9.<\/li>\n<\/ul>\n<p><strong>1952<\/strong><\/p>\n<ul>\n<li>A Santa Casa \u00e9 municipalizada e ganha o nome Hospital Municipal.<\/li>\n<\/ul>\n<p><strong>D\u00e9cada de 1970<\/strong><\/p>\n<ul>\n<li>Torna-se hospital de ensino, recebendo as primeiras turmas da Faculdade de Medicina do ABC (FMABC).<\/li>\n<\/ul>\n<p><strong>1999<\/strong><\/p>\n<ul>\n<li>Vem a nova denomina\u00e7\u00e3o: Centro Hospitalar Municipal.<\/li>\n<\/ul>\n<p><strong>2015<\/strong><\/p>\n<ul>\n<li>Tem in\u00edcio o servi\u00e7o de Hospital Dia para cirurgias de baixa complexidade.<\/li>\n<\/ul>\n<p><strong>2016<\/strong><\/p>\n<ul>\n<li>Inaugurado o Ambulat\u00f3rio de Especialidades do complexo;<\/li>\n<li>Pronto-Socorro \u00e9 reformado e ampliado.<\/li>\n<\/ul>\n<p><strong><img loading=\"lazy\" decoding=\"async\" class=\"alignnone size-medium wp-image-1176 alignleft\" src=\"https:\/\/www3.santoandre.sp.gov.br\/chmsa\/wp-content\/uploads\/2020\/04\/fachada-intranet-300x199.jpg\" alt=\"\" width=\"300\" height=\"199\" srcset=\"https:\/\/www3.santoandre.sp.gov.br\/chmsa\/wp-content\/uploads\/2020\/04\/fachada-intranet-300x199.jpg 300w, https:\/\/www3.santoandre.sp.gov.br\/chmsa\/wp-content\/uploads\/2020\/04\/fachada-intranet.jpg 640w\" sizes=\"auto, (max-width: 300px) 100vw, 300px\" \/>2017<\/strong><\/p>\n<ul>\n<li>Ao completar 105 anos, ganha nova denomina\u00e7\u00e3o, passando a chamar Centro Hospitalar Municipal de Santo Andr\u00e9 \u201cDr. Newton da Costa Brand\u00e3o\u201d, em homenagem ao ex-prefeito, que morreu em 2010;<\/li>\n<li>Hospital Dia \u00e9 reaberto ap\u00f3s dois anos fechado, permitindo ao paciente a realiza\u00e7\u00e3o de procedimentos e interna\u00e7\u00e3o r\u00e1pida.<\/li>\n<\/ul>\n<p><strong>2018<\/strong><\/p>\n<ul>\n<li>Centro de Diagn\u00f3sticos \u00e9 entregue modernizado e com novos equipamentos, ampliando servi\u00e7os e a realiza\u00e7\u00e3o de exames de imagem e laboratoriais;<\/li>\n<li>Ambulat\u00f3rio ganha nova denomina\u00e7\u00e3o: Centro M\u00e9dico de Especialidades;<\/li>\n<li>Novo Centro Administrativo \u00e9 entregue no CHMSA, passando a abrigar setores como NIR (N\u00facleo Interno de Regula\u00e7\u00e3o); SAME (Servi\u00e7o de Arquivamento M\u00e9dico e Estat\u00edstica), TI (Tecnologia da Informa\u00e7\u00e3o), NES (N\u00facleo de Educa\u00e7\u00e3o em Sa\u00fade), NECIH (N\u00facleo de Epidemiologia e Controle de Infec\u00e7\u00e3o Hospitalar), Ger\u00eancia de Enfermagem e Comunica\u00e7\u00e3o, al\u00e9m de Diretoria, Financeiro, Recursos Humanos, entre outros. Novo pr\u00e9dio representa agilidade nos servi\u00e7os e economia com aluguel, uma vez que os funcion\u00e1rios vinham trabalhando numa casa fora do hospital.<\/li>\n<\/ul>\n<p><strong>2019<\/strong><\/p>\n<ul>\n<li>CHMSA \u00e9 o \u00fanico hospital do ABC a aderir \u00e0 segunda fase do projeto Paciente Seguro, do Minist\u00e9rio da Sa\u00fade, iniciativa baseada na ci\u00eancia de melhoria e em metas internacionais de seguran\u00e7a dos pacientes em servi\u00e7os de sa\u00fade estabelecidas pela OMS (Organiza\u00e7\u00e3o Mundial da Sa\u00fade);<\/li>\n<li>Farm\u00e1cia Sat\u00e9lite come\u00e7a a funcionar no CHMSA. Novo espa\u00e7o d\u00e1 suporte \u00e0 farm\u00e1cia j\u00e1 existente no complexo hospitalar e otimiza fluxos no Centro Cir\u00fargico, beneficiando ainda os atendimentos na UTI Adulto;<\/li>\n<li>Centro Cir\u00fargico recebe importantes melhorias: salas cir\u00fargicas ganham novo piso e adequa\u00e7\u00e3o dos aparelhos de ar-condicionado;<\/li>\n<li>Nova ala de Psiquiatria \u00e9 entregue no CHMSA. Espa\u00e7o foi totalmente reformado dentro dos padr\u00f5es do programa QualiSa\u00fade para proporcionar uma perman\u00eancia mais agrad\u00e1vel ao usu\u00e1rio do servi\u00e7o, tamb\u00e9m com amplia\u00e7\u00e3o de leitos;<\/li>\n<li>Pediatria do CHMSA oficializa, de acordo com crit\u00e9rios e cuidados espec\u00edficos, atividades de Pet Terapia. Estudos cl\u00ednicos apontam que intera\u00e7\u00e3o entre c\u00e3es e pacientes contribui para a recupera\u00e7\u00e3o das crian\u00e7as em tratamento hospitalar;<\/li>\n<li>Audit\u00f3rio do hospital \u00e9 reaberto ap\u00f3s interven\u00e7\u00f5es que resultaram em s\u00e9rie de melhorias. O local recebeu novo piso, mobili\u00e1rio e poltronas, ampliando a capacidade de p\u00fablico, al\u00e9m de equipamentos de \u00e1udio e v\u00eddeo para capacita\u00e7\u00f5es, aulas e eventos;<\/li>\n<li>Santo Andr\u00e9 lan\u00e7a, por meio da Secretaria de Sa\u00fade, a Linha de Cuidado com a Pessoa com Sobrepeso e Obesidade e anuncia a retomada das cirurgias bari\u00e1tricas no Centro Hospitalar Municipal, ap\u00f3s tr\u00eas anos de suspens\u00e3o dos procedimentos. N\u00facleo de Obesidade come\u00e7a a funcionar no Centro M\u00e9dico de Especialidades anexo ao hospital.<\/li>\n<\/ul>\n<p><strong>2020<\/strong><\/p>\n<ul>\n<li>Tribunal de Contas do Estado de S\u00e3o Paulo (TCE-SP) divulga que o CHMSA \u00e9 o equipamento de sa\u00fade municipal que mais realiza procedimentos em todo o Estado. Somente no primeiro semestre de 2019, foram mais 1 milh\u00e3o de procedimentos, entre cirurgias, interna\u00e7\u00f5es, consultas e exames especializados;<\/li>\n<li>Nova UTI (Unidade de Terapia Intensiva) \u00e9 aberta no t\u00e9rreo com dez leitos e moderna infraestrutura. Com a amplia\u00e7\u00e3o, hospital passou a contar com 92 leitos de UTI, sendo 52 para tratamento de pacientes com Covid-19;<\/li>\n<li>Pronto-Socorro \u00e9 ampliado e revitalizado. Interven\u00e7\u00f5es garantiram aumento de cinco para dez consult\u00f3rios, al\u00e9m de novas alas de interna\u00e7\u00e3o, salas de gesso, sutura, procedimentos e isolamento. Tamb\u00e9m foram entregues uma nova \u00e1rea de emerg\u00eancia e recep\u00e7\u00e3o com sala de espera.<\/li>\n<\/ul>\n<p><strong>2021<\/strong><\/p>\n<ul>\n<li>O CHMSA realiza, com sucesso e pela primeira vez, uma cirurgia cerebral em paciente acordada (uma mulher de 74 anos com tumor na \u00e1rea motora). O procedimento cir\u00fargico representa um marco na evolu\u00e7\u00e3o da Neurocirurgia no hospital;<\/li>\n<li>O Ambulat\u00f3rio de Cuidados Paliativos do Centro Hospitalar Municipal de Santo Andr\u00e9 \u00e9 inaugurado, proporcionando qualidade de vida e cuidado humanizado a pacientes internados e seus familiares.<\/li>\n<\/ul>\n<p><strong>2022<\/strong><\/p>\n<ul>\n<li>Revitaliza\u00e7\u00e3o do Centro Cir\u00fargico \u00e9 entregue e amplia em 25% a capacidade para realizar cirurgias. Dentre as principais conquistas est\u00e1 a implanta\u00e7\u00e3o de equipamento de videolaparoscopia, que proporciona maior agilidade e seguran\u00e7a nos procedimentos cir\u00fargicos e p\u00f3s operat\u00f3rio;<\/li>\n<li>CHMSA retira tumor de crian\u00e7a em primeira cirurgia neurol\u00f3gica por v\u00eddeo. Procedimento foi realizado, com sucesso, em uma paciente de 11 anos.<\/li>\n<\/ul>\n<p><img loading=\"lazy\" decoding=\"async\" class=\"wp-image-1595 size-medium alignright\" src=\"https:\/\/www3.santoandre.sp.gov.br\/chmsa\/wp-content\/uploads\/2024\/03\/novo-chmsa-4-300x200.jpg\" alt=\"\" width=\"300\" height=\"200\" srcset=\"https:\/\/www3.santoandre.sp.gov.br\/chmsa\/wp-content\/uploads\/2024\/03\/novo-chmsa-4-300x200.jpg 300w, https:\/\/www3.santoandre.sp.gov.br\/chmsa\/wp-content\/uploads\/2024\/03\/novo-chmsa-4-1024x682.jpg 1024w, https:\/\/www3.santoandre.sp.gov.br\/chmsa\/wp-content\/uploads\/2024\/03\/novo-chmsa-4-768x512.jpg 768w, https:\/\/www3.santoandre.sp.gov.br\/chmsa\/wp-content\/uploads\/2024\/03\/novo-chmsa-4.jpg 1280w\" sizes=\"auto, (max-width: 300px) 100vw, 300px\" \/><\/p>\n<p><img loading=\"lazy\" decoding=\"async\" class=\"wp-image-1596 size-medium alignright\" src=\"https:\/\/www3.santoandre.sp.gov.br\/chmsa\/wp-content\/uploads\/2024\/03\/novo-chmsa-2-300x200.jpg\" alt=\"\" width=\"300\" height=\"200\" srcset=\"https:\/\/www3.santoandre.sp.gov.br\/chmsa\/wp-content\/uploads\/2024\/03\/novo-chmsa-2-300x200.jpg 300w, https:\/\/www3.santoandre.sp.gov.br\/chmsa\/wp-content\/uploads\/2024\/03\/novo-chmsa-2-1024x683.jpg 1024w, https:\/\/www3.santoandre.sp.gov.br\/chmsa\/wp-content\/uploads\/2024\/03\/novo-chmsa-2-768x512.jpg 768w, https:\/\/www3.santoandre.sp.gov.br\/chmsa\/wp-content\/uploads\/2024\/03\/novo-chmsa-2-1536x1024.jpg 1536w, https:\/\/www3.santoandre.sp.gov.br\/chmsa\/wp-content\/uploads\/2024\/03\/novo-chmsa-2.jpg 1600w\" sizes=\"auto, (max-width: 300px) 100vw, 300px\" \/><\/p>\n<p><strong>2023<\/strong><\/p>\n<ul>\n<li>CHMSA passa a realizar cirurgias de Otorrinolaringologia devido \u00e0 processo de moderniza\u00e7\u00e3o estrutural e tecnol\u00f3gica;<\/li>\n<li>UTI Pedi\u00e1trica supera metas do Minist\u00e9rio da Sa\u00fade e \u00e9 refer\u00eancia em controle de infec\u00e7\u00f5es. Indicadores altamente positivos no controle de Infec\u00e7\u00f5es Relacionadas \u00e0 Sa\u00fade (IRAS) resultam do aprimoramento de condutas de seguran\u00e7a do paciente e do aumento das pr\u00e1ticas de higiene de m\u00e3os;<\/li>\n<li>Santo Andr\u00e9 entrega maior pacote de moderniza\u00e7\u00e3o da hist\u00f3ria do CHMSA. Processo de reforma estrutural contempla revitaliza\u00e7\u00e3o de setores, incluindo Recep\u00e7\u00e3o Central, Cl\u00ednica M\u00e9dica, cozinha, refeit\u00f3rio e a fachada; novos espa\u00e7os (como UTI e Sala de Reabilita\u00e7\u00e3o Fisioter\u00e1pica); amplia\u00e7\u00e3o de servi\u00e7os, investimento em novos equipamentos e tecnologia; e qualifica\u00e7\u00e3o das equipes.<\/li>\n<\/ul>\n<p>&nbsp;<\/p>\n<p>&nbsp;<\/p>\n<p>&nbsp;<\/p>\n","protected":false},"excerpt":{"rendered":"<p>Origin\u00e1rio da antiga Santa Casa de Miseric\u00f3rdia, o Centro Hospitalar Municipal de Santo Andr\u00e9 (CHMSA)&#8230;<\/p>\n","protected":false},"author":5,"featured_media":0,"parent":7,"menu_order":0,"comment_status":"closed","ping_status":"closed","template":"","meta":{"footnotes":""},"class_list":["post-9","page","type-page","status-publish","hentry"],"_links":{"self":[{"href":"https:\/\/www3.santoandre.sp.gov.br\/chmsa\/index.php\/wp-json\/wp\/v2\/pages\/9","targetHints":{"allow":["GET"]}}],"collection":[{"href":"https:\/\/www3.santoandre.sp.gov.br\/chmsa\/index.php\/wp-json\/wp\/v2\/pages"}],"about":[{"href":"https:\/\/www3.santoandre.sp.gov.br\/chmsa\/index.php\/wp-json\/wp\/v2\/types\/page"}],"author":[{"embeddable":true,"href":"https:\/\/www3.santoandre.sp.gov.br\/chmsa\/index.php\/wp-json\/wp\/v2\/users\/5"}],"replies":[{"embeddable":true,"href":"https:\/\/www3.santoandre.sp.gov.br\/chmsa\/index.php\/wp-json\/wp\/v2\/comments?post=9"}],"version-history":[{"count":26,"href":"https:\/\/www3.santoandre.sp.gov.br\/chmsa\/index.php\/wp-json\/wp\/v2\/pages\/9\/revisions"}],"predecessor-version":[{"id":1709,"href":"https:\/\/www3.santoandre.sp.gov.br\/chmsa\/index.php\/wp-json\/wp\/v2\/pages\/9\/revisions\/1709"}],"up":[{"embeddable":true,"href":"https:\/\/www3.santoandre.sp.gov.br\/chmsa\/index.php\/wp-json\/wp\/v2\/pages\/7"}],"wp:attachment":[{"href":"https:\/\/www3.santoandre.sp.gov.br\/chmsa\/index.php\/wp-json\/wp\/v2\/media?parent=9"}],"curies":[{"name":"wp","href":"https:\/\/api.w.org\/{rel}","templated":true}]}}