{"id":49,"date":"2019-04-11T16:24:36","date_gmt":"2019-04-11T13:24:36","guid":{"rendered":"https:\/\/www3.santoandre.sp.gov.br\/chmsa\/?page_id=49"},"modified":"2024-03-15T20:21:14","modified_gmt":"2024-03-15T17:21:14","slug":"imprensa","status":"publish","type":"page","link":"https:\/\/www3.santoandre.sp.gov.br\/chmsa\/index.php\/imprensa\/","title":{"rendered":"Imprensa"},"content":{"rendered":"<p>O setor de Comunica\u00e7\u00e3o do CHMSA est\u00e1 subordinado \u00e0 Diretoria da Rede de Aten\u00e7\u00e3o Hospitalar de Santo Andr\u00e9 e tem interface direta com a Funda\u00e7\u00e3o do ABC (Fuabc) e as secretarias de Sa\u00fade e Comunica\u00e7\u00e3o. Criado em 2018, responde por a\u00e7\u00f5es estrat\u00e9gicas de comunica\u00e7\u00e3o interna, comunica\u00e7\u00e3o externa e assessoria de imprensa, promovendo e divulgando atividades realizadas na institui\u00e7\u00e3o junto aos funcion\u00e1rios, usu\u00e1rios da rede de sa\u00fade, popula\u00e7\u00e3o e jornalistas.<\/p>\n<p><strong><em>Contato:<\/em><\/strong><\/p>\n<p>Gustavo Baena<\/p>\n<p>Comunica\u00e7\u00e3o &#8211; Rede de Aten\u00e7\u00e3o Hospitalar de Santo Andr\u00e9<\/p>\n<p>(11) 4433-3709<\/p>\n<p><a href=\"mailto:comunicacaochmsa@santoandre.sp.gov.br\">comunicacaochmsa@santoandre.sp.gov.br<\/a><\/p>\n<p><strong><em>Informa\u00e7\u00f5es \u00e0 imprensa:<\/em><\/strong><\/p>\n<p>As solicita\u00e7\u00f5es de imprensa a respeito do CHMSA devem ser encaminhadas diretamente \u00e0 Secretaria de Comunica\u00e7\u00e3o da Prefeitura de Santo Andr\u00e9.<\/p>\n<p><a href=\"imprensa@santoandre.sp.gov.br\">imprensa@santoandre.sp.gov.br<\/a><\/p>\n<p>&nbsp;<\/p>\n<p>&nbsp;<\/p>\n<p>&nbsp;<\/p>\n<p>&nbsp;<\/p>\n","protected":false},"excerpt":{"rendered":"<p>O setor de Comunica\u00e7\u00e3o do CHMSA est\u00e1 subordinado \u00e0 Diretoria da Rede de Aten\u00e7\u00e3o Hospitalar&#8230;<\/p>\n","protected":false},"author":5,"featured_media":0,"parent":0,"menu_order":0,"comment_status":"closed","ping_status":"closed","template":"","meta":{"footnotes":""},"class_list":["post-49","page","type-page","status-publish","hentry"],"_links":{"self":[{"href":"https:\/\/www3.santoandre.sp.gov.br\/chmsa\/index.php\/wp-json\/wp\/v2\/pages\/49","targetHints":{"allow":["GET"]}}],"collection":[{"href":"https:\/\/www3.santoandre.sp.gov.br\/chmsa\/index.php\/wp-json\/wp\/v2\/pages"}],"about":[{"href":"https:\/\/www3.santoandre.sp.gov.br\/chmsa\/index.php\/wp-json\/wp\/v2\/types\/page"}],"author":[{"embeddable":true,"href":"https:\/\/www3.santoandre.sp.gov.br\/chmsa\/index.php\/wp-json\/wp\/v2\/users\/5"}],"replies":[{"embeddable":true,"href":"https:\/\/www3.santoandre.sp.gov.br\/chmsa\/index.php\/wp-json\/wp\/v2\/comments?post=49"}],"version-history":[{"count":6,"href":"https:\/\/www3.santoandre.sp.gov.br\/chmsa\/index.php\/wp-json\/wp\/v2\/pages\/49\/revisions"}],"predecessor-version":[{"id":1603,"href":"https:\/\/www3.santoandre.sp.gov.br\/chmsa\/index.php\/wp-json\/wp\/v2\/pages\/49\/revisions\/1603"}],"wp:attachment":[{"href":"https:\/\/www3.santoandre.sp.gov.br\/chmsa\/index.php\/wp-json\/wp\/v2\/media?parent=49"}],"curies":[{"name":"wp","href":"https:\/\/api.w.org\/{rel}","templated":true}]}}