{"id":45,"date":"2019-04-11T16:22:51","date_gmt":"2019-04-11T13:22:51","guid":{"rendered":"https:\/\/www3.santoandre.sp.gov.br\/chmsa\/?page_id=45"},"modified":"2020-12-07T17:23:06","modified_gmt":"2020-12-07T14:23:06","slug":"orientacoes-a-acompanhantes-e-visitantes","status":"publish","type":"page","link":"https:\/\/www3.santoandre.sp.gov.br\/chmsa\/index.php\/servicos\/orientacoes-a-acompanhantes-e-visitantes\/","title":{"rendered":"Orienta\u00e7\u00f5es a Acompanhantes e Visitantes"},"content":{"rendered":"<p><strong>ORIENTA\u00c7\u00d5ES GERAIS*:<\/strong><\/p>\n<p>&#8211; Acesso para visitas e\/ou troca de acompanhante exclusivamente pela Recep\u00e7\u00e3o Central (<em>avenida Jo\u00e3o Ramalho<\/em>);<\/p>\n<p>&#8211; Todos os visitantes e acompanhantes, dentro das depend\u00eancias do hospital, dever\u00e3o estar identificados com etiqueta;<\/p>\n<p>&#8211; Crian\u00e7as de 03 a 12 anos est\u00e3o autorizadas a realizar visitas aos domingos*, no hor\u00e1rio das 15h \u00e0s 16h, por um per\u00edodo de 15 minutos (<em>sendo nos 15 minutos finais, das 15h45 \u00e0s 16h<\/em>), acompanhadas de um adulto.<\/p>\n<p><strong><em>*Exceto \u00c1rea Vermelha, \u00c1rea Amarela, Semi-Intensiva, Psiquiatria e UTIs. Trazer documento da crian\u00e7a;<\/em><\/strong><\/p>\n<p>&#8211; O hospital n\u00e3o se responsabiliza por pertences de pacientes, visitantes e acompanhantes. Traga o essencial;<\/p>\n<p>&#8211; Higienize as m\u00e3os com \u00e1lcool gel ao chegar ao hospital, antes e ap\u00f3s contato com o paciente e ao sair do hospital; lave as m\u00e3os ao usar o sanit\u00e1rio;<\/p>\n<p>&#8211; N\u00e3o sente na cama do paciente;<\/p>\n<p>&#8211; Evite o uso de an\u00e9is, pulseiras e rel\u00f3gios de pulso enquanto permanecer no hospital;<\/p>\n<p>&#8211; Evite visitar o paciente caso esteja resfriado ou com outras doen\u00e7as virais ou infecciosas;<\/p>\n<p>&#8211; N\u00e3o visite ou toque em outros pacientes, mesmo sendo da mesma enfermaria, e n\u00e3o circule por outras enfermarias ou cl\u00ednicas;<\/p>\n<p>&#8211; N\u00e3o traga nem deixe sobras de alimentos nas enfermarias. N\u00e3o se alimente nas enfermarias;<\/p>\n<p>&#8211; N\u00e3o mexa nos aparelhos, soros, sondas, medicamentos etc. sem orienta\u00e7\u00e3o\/autoriza\u00e7\u00e3o da equipe;<\/p>\n<p>&#8211; Em caso de pacientes em isolamento, siga orienta\u00e7\u00f5es dadas pela equipe de assist\u00eancia. Limitado a 03 visitantes por dia;<\/p>\n<p>&#8211; Quando necess\u00e1rio, a equipe de assist\u00eancia pode solicitar que o visitante e\/ou acompanhante se retire do quarto para a realiza\u00e7\u00e3o de procedimentos. Respeite;<\/p>\n<p>&#8211; N\u00e3o lave nem pendure roupas nas enfermarias;<\/p>\n<p>&#8211; N\u00e3o se apresente com roupas ou trajes impr\u00f3prios;<\/p>\n<p>&#8211; \u00c9 autorizado apenas um televisor pequeno por enfermaria*. O mesmo ser\u00e1 ligado em baixo volume e desligado \u00e0s 22h.<\/p>\n<p><strong><em>*Verifique antes de trazer<\/em>;<\/strong><\/p>\n<p>&#8211; Respeite a Lei do Sil\u00eancio;<\/p>\n<p>&#8211; \u00c9 proibido fumar nas depend\u00eancias do hospital (Lei Estadual n\u00ba 13.541, de 07 de maio de 2009) e visitar pacientes sob efeito de \u00e1lcool ou drogas il\u00edcitas;<\/p>\n<p>&#8211; \u00c9 proibido filmar e\/ou fotografar pacientes, funcion\u00e1rios, atividades e as depend\u00eancias do hospital sem autoriza\u00e7\u00e3o expressa da Diretoria Geral. <u>Aten\u00e7\u00e3o:<\/u> para os casos de registro de imagens, capta\u00e7\u00e3o de \u00e1udio ou exposi\u00e7\u00e3o de pessoas sem a devida autoriza\u00e7\u00e3o, cabem puni\u00e7\u00f5es previstas em Lei;<\/p>\n<p>&#8211; Todo e qualquer tratamento realizado nesta institui\u00e7\u00e3o \u00e9 inteiramente GRATUITO. \u00c9 vedada a cobran\u00e7a a qualquer t\u00edtulo, por qualquer pessoa.<\/p>\n<p>&nbsp;<\/p>\n<p><strong>REFEI\u00c7\u00d5ES:<\/strong><\/p>\n<p>&#8211; O visitante n\u00e3o tem direito a refei\u00e7\u00e3o, somente o acompanhante;<\/p>\n<p>&#8211; Refei\u00e7\u00f5es fornecidas aos acompanhantes*:<\/p>\n<p><u>Desjejum<\/u> (06h30 \u00e0s 08h) \/ Almo\u00e7o (11h \u00e0s 12h) ou Jantar (18h30 \u00e0s 21h)<\/p>\n<p><strong><em>*Exceto acompanhantes do setor infantil, que tem direito \u00e0s tr\u00eas refei\u00e7\u00f5es.<\/em><\/strong><\/p>\n<p><em>\u00a0<\/em><\/p>\n<p><strong>DECLARA\u00c7\u00c3O PARA ACOMPANHANTE:<\/strong><\/p>\n<p>&#8211; Declara\u00e7\u00e3o para acompanhante ser\u00e1 fornecida no setor de Interna\u00e7\u00f5es mediante apresenta\u00e7\u00e3o da etiqueta de identifica\u00e7\u00e3o constando hor\u00e1rio de entrada. N\u00e3o \u00e9 fornecida declara\u00e7\u00e3o com data retroativa, portanto, solicite diariamente na substitui\u00e7\u00e3o ou sa\u00edda do acompanhante. Em caso de d\u00favidas, informe-se no setor de Admiss\u00f5es e Altas (libera\u00e7\u00e3o de visitantes e acompanhantes);<\/p>\n<p>&#8211; Declara\u00e7\u00e3o de visitante n\u00e3o \u00e9 fornecida.<\/p>\n<p>&nbsp;<\/p>\n<p><strong>NORMAS PARA ACOMPANHANTES:<\/strong><\/p>\n<p>&#8211; \u00c9 permitido acompanhante apenas para pacientes menores de 18 anos e maiores de 60 anos. (<em>Obs.: Caso o paciente seja portador de necessidades especiais e\/ou com mobilidade reduzida, \u00e9 respeitada a orienta\u00e7\u00e3o da Enfermagem<\/em>);<\/p>\n<p>&#8211; O tempo de perman\u00eancia por acompanhante \u00e9 de no m\u00ednimo 5 horas. N\u00e3o \u00e9 permitida troca ou entrada de acompanhantes nos hor\u00e1rios de visita;<\/p>\n<p>&#8211; \u00c9 obrigat\u00f3ria a apresenta\u00e7\u00e3o da \u201cAutoriza\u00e7\u00e3o para Acompanhante\u201d.<\/p>\n<p>&nbsp;<\/p>\n<p><strong>HOR\u00c1RIOS PARA VISITAS:<\/strong><\/p>\n<p><u>PEDIATRIA \/ HOSPITAL DIA<\/u><\/p>\n<p>Das 15h \u00e0s 16h e das 20h \u00e0s 21h<\/p>\n<p>02 visitantes por per\u00edodo (<em>o controle do revezamento \u00e9 de responsabilidade dos visitantes<\/em>)<\/p>\n<p>Boletim M\u00e9dico: divulgado na visita das 15h \u00e0s 16h<\/p>\n<p>HOSPITAL DIA: nas interna\u00e7\u00f5es pr\u00e9-operat\u00f3rias, \u00e9 permitida a presen\u00e7a de 01 acompanhante por paciente (<em>de acordo com orienta\u00e7\u00f5es da Enfermagem<\/em>)<\/p>\n<p><u>CL\u00cdNICA M\u00c9DICA \/ CIRURGIA CIR\u00daRGICA \/ UNIDADE DE TRAUMATOLOGIA <\/u><\/p>\n<p>Das 14h \u00e0s 15h e das 20h \u00e0s 21h<\/p>\n<p>02 visitantes por per\u00edodo (<em>o controle do revezamento \u00e9 de responsabilidade dos visitantes<\/em>)<\/p>\n<p>Boletim M\u00e9dico: divulgado na visita das 14h \u00e0s 15h<\/p>\n<p><u>PSIQUIATRIA<\/u><\/p>\n<p>Das 15h \u00e0s 16h e das 20h \u00e0s 21h<\/p>\n<p>02 visitantes por per\u00edodo (<em>sem revezamento<\/em>)<\/p>\n<p><u>UTI ADULTO<\/u><\/p>\n<p>Das 11h \u00e0s 11h30 e das 20h \u00e0s 21h<\/p>\n<p>02 visitantes por per\u00edodo (<em>sem revezamento<\/em>)<\/p>\n<p>Boletim M\u00e9dico: informa\u00e7\u00f5es s\u00e3o transmitidas no hall de espera apenas durante o per\u00edodo de visita da manh\u00e3<\/p>\n<p><u>UTI PEDI\u00c1TRICA<\/u><\/p>\n<p>Das 15h \u00e0s 16h e das 20h \u00e0s 21h<\/p>\n<p>02 visitantes por per\u00edodo (<em>sem revezamento<\/em>)<\/p>\n<p>&nbsp;<\/p>\n<p><strong>VISITAS \/ PRONTO-SOCORRO:<\/strong><\/p>\n<p><u>\u00c1REA VERMELHA<\/u><\/p>\n<p>Das 15h30 \u00e0s 16h (ou de acordo com a demanda do setor)<\/p>\n<p>02 visitantes por per\u00edodo (<em>sem revezamento<\/em>)<\/p>\n<p>Boletim M\u00e9dico: informa\u00e7\u00f5es s\u00e3o transmitidas no hall de espera apenas durante o per\u00edodo de visita da manh\u00e3<\/p>\n<p><u>\u00c1REA AMARELA E SEMI-INTENSIVA<\/u><\/p>\n<p>Das 12h \u00e0s 13h\u00a0e das 20h \u00e0s 21h<\/p>\n<p>02 visitantes por per\u00edodo (<em>sem revezamento<\/em>)<\/p>\n<p>Boletim M\u00e9dico: divulgado na visita das 12h \u00e0s 13h<\/p>\n<p>&nbsp;<\/p>\n<p>*Todas essas orienta\u00e7\u00f5es constam do REGULAMENTO INTERNO do Centro Hospitalar Municipal de Santo Andr\u00e9 \u201cDr. Newton da Costa Brand\u00e3o\u201d, conforme a NR 32 (Norma Reguladora) e visam o bem-estar de pacientes, acompanhantes, visitantes, funcion\u00e1rios e o bom funcionamento do hospital.<\/p>\n","protected":false},"excerpt":{"rendered":"<p>ORIENTA\u00c7\u00d5ES GERAIS*: &#8211; Acesso para visitas e\/ou troca de acompanhante exclusivamente pela Recep\u00e7\u00e3o Central (avenida&#8230;<\/p>\n","protected":false},"author":5,"featured_media":0,"parent":25,"menu_order":0,"comment_status":"closed","ping_status":"closed","template":"","meta":{"footnotes":""},"class_list":["post-45","page","type-page","status-publish","hentry"],"_links":{"self":[{"href":"https:\/\/www3.santoandre.sp.gov.br\/chmsa\/index.php\/wp-json\/wp\/v2\/pages\/45","targetHints":{"allow":["GET"]}}],"collection":[{"href":"https:\/\/www3.santoandre.sp.gov.br\/chmsa\/index.php\/wp-json\/wp\/v2\/pages"}],"about":[{"href":"https:\/\/www3.santoandre.sp.gov.br\/chmsa\/index.php\/wp-json\/wp\/v2\/types\/page"}],"author":[{"embeddable":true,"href":"https:\/\/www3.santoandre.sp.gov.br\/chmsa\/index.php\/wp-json\/wp\/v2\/users\/5"}],"replies":[{"embeddable":true,"href":"https:\/\/www3.santoandre.sp.gov.br\/chmsa\/index.php\/wp-json\/wp\/v2\/comments?post=45"}],"version-history":[{"count":9,"href":"https:\/\/www3.santoandre.sp.gov.br\/chmsa\/index.php\/wp-json\/wp\/v2\/pages\/45\/revisions"}],"predecessor-version":[{"id":1271,"href":"https:\/\/www3.santoandre.sp.gov.br\/chmsa\/index.php\/wp-json\/wp\/v2\/pages\/45\/revisions\/1271"}],"up":[{"embeddable":true,"href":"https:\/\/www3.santoandre.sp.gov.br\/chmsa\/index.php\/wp-json\/wp\/v2\/pages\/25"}],"wp:attachment":[{"href":"https:\/\/www3.santoandre.sp.gov.br\/chmsa\/index.php\/wp-json\/wp\/v2\/media?parent=45"}],"curies":[{"name":"wp","href":"https:\/\/api.w.org\/{rel}","templated":true}]}}