{"id":41,"date":"2019-04-11T16:21:15","date_gmt":"2019-04-11T13:21:15","guid":{"rendered":"https:\/\/www3.santoandre.sp.gov.br\/chmsa\/?page_id=41"},"modified":"2019-09-05T15:27:49","modified_gmt":"2019-09-05T12:27:49","slug":"mensagem-ao-paciente","status":"publish","type":"page","link":"https:\/\/www3.santoandre.sp.gov.br\/chmsa\/index.php\/servicos\/mensagem-ao-paciente\/","title":{"rendered":"Mensagem ao Paciente"},"content":{"rendered":"<p>Carinho e aten\u00e7\u00e3o s\u00e3o os melhores rem\u00e9dios para a recupera\u00e7\u00e3o dos internados. Pensando nisso, o CHMSA criou um servi\u00e7o de envio de mensagens aos pacientes pela internet. \u00c9 muito simples, basta preencher os campos abaixo e clicar em enviar. No dia seguinte, ele receber\u00e1 sua mensagem impressa, no quarto ou na enfermaria.<\/p>\n\n<div class=\"wpcf7 no-js\" id=\"wpcf7-f362-o1\" lang=\"pt-BR\" dir=\"ltr\" data-wpcf7-id=\"362\">\n<div class=\"screen-reader-response\"><p role=\"status\" aria-live=\"polite\" aria-atomic=\"true\"><\/p> <ul><\/ul><\/div>\n<form action=\"\/chmsa\/index.php\/wp-json\/wp\/v2\/pages\/41#wpcf7-f362-o1\" method=\"post\" class=\"wpcf7-form init\" aria-label=\"Formul\u00e1rios de contato\" novalidate=\"novalidate\" data-status=\"init\">\n<div style=\"display: none;\">\n<input type=\"hidden\" name=\"_wpcf7\" value=\"362\" \/>\n<input type=\"hidden\" name=\"_wpcf7_version\" value=\"6.0.3\" \/>\n<input type=\"hidden\" name=\"_wpcf7_locale\" value=\"pt_BR\" \/>\n<input type=\"hidden\" name=\"_wpcf7_unit_tag\" value=\"wpcf7-f362-o1\" \/>\n<input type=\"hidden\" name=\"_wpcf7_container_post\" value=\"0\" \/>\n<input type=\"hidden\" name=\"_wpcf7_posted_data_hash\" value=\"\" \/>\n<\/div>\n<p><label> Seu nome (obrigat\u00f3rio)<br \/>\n<span class=\"wpcf7-form-control-wrap\" data-name=\"your-name\"><input size=\"40\" maxlength=\"400\" class=\"wpcf7-form-control wpcf7-text wpcf7-validates-as-required\" aria-required=\"true\" aria-invalid=\"false\" value=\"\" type=\"text\" name=\"your-name\" \/><\/span> <\/label>\n<\/p>\n<p><label> Seu e-mail (obrigat\u00f3rio)<br \/>\n<span class=\"wpcf7-form-control-wrap\" data-name=\"your-email\"><input size=\"40\" maxlength=\"400\" class=\"wpcf7-form-control wpcf7-email wpcf7-validates-as-required wpcf7-text wpcf7-validates-as-email\" aria-required=\"true\" aria-invalid=\"false\" value=\"\" type=\"email\" name=\"your-email\" \/><\/span> <\/label>\n<\/p>\n<p><label>Nome do Paciente (obrigat\u00f3rio)<br \/>\n<span class=\"wpcf7-form-control-wrap\" data-name=\"text-74\"><input size=\"40\" maxlength=\"400\" class=\"wpcf7-form-control wpcf7-text wpcf7-validates-as-required\" aria-required=\"true\" aria-invalid=\"false\" value=\"\" type=\"text\" name=\"text-74\" \/><\/span><\/label>\n<\/p>\n<p><label>N\u00famero do Leito<br \/>\n<span class=\"wpcf7-form-control-wrap\" data-name=\"text-948\"><input size=\"40\" maxlength=\"400\" class=\"wpcf7-form-control wpcf7-text\" aria-invalid=\"false\" value=\"\" type=\"text\" name=\"text-948\" \/><\/span> <\/label>\n<\/p>\n<p><label> Sua mensagem (obrigat\u00f3rio)<br \/>\n<span class=\"wpcf7-form-control-wrap\" data-name=\"your-message\"><textarea cols=\"40\" rows=\"10\" maxlength=\"2000\" class=\"wpcf7-form-control wpcf7-textarea wpcf7-validates-as-required\" aria-required=\"true\" aria-invalid=\"false\" name=\"your-message\"><\/textarea><\/span> <\/label>\n<\/p>\n<p><input class=\"wpcf7-form-control wpcf7-submit has-spinner\" type=\"submit\" value=\"Enviar\" \/>\n<\/p><div class=\"wpcf7-response-output\" aria-hidden=\"true\"><\/div>\n<\/form>\n<\/div>\n\n","protected":false},"excerpt":{"rendered":"<p>Carinho e aten\u00e7\u00e3o s\u00e3o os melhores rem\u00e9dios para a recupera\u00e7\u00e3o dos internados. Pensando nisso, o&#8230;<\/p>\n","protected":false},"author":5,"featured_media":0,"parent":25,"menu_order":0,"comment_status":"closed","ping_status":"closed","template":"","meta":{"footnotes":""},"class_list":["post-41","page","type-page","status-publish","hentry"],"_links":{"self":[{"href":"https:\/\/www3.santoandre.sp.gov.br\/chmsa\/index.php\/wp-json\/wp\/v2\/pages\/41","targetHints":{"allow":["GET"]}}],"collection":[{"href":"https:\/\/www3.santoandre.sp.gov.br\/chmsa\/index.php\/wp-json\/wp\/v2\/pages"}],"about":[{"href":"https:\/\/www3.santoandre.sp.gov.br\/chmsa\/index.php\/wp-json\/wp\/v2\/types\/page"}],"author":[{"embeddable":true,"href":"https:\/\/www3.santoandre.sp.gov.br\/chmsa\/index.php\/wp-json\/wp\/v2\/users\/5"}],"replies":[{"embeddable":true,"href":"https:\/\/www3.santoandre.sp.gov.br\/chmsa\/index.php\/wp-json\/wp\/v2\/comments?post=41"}],"version-history":[{"count":6,"href":"https:\/\/www3.santoandre.sp.gov.br\/chmsa\/index.php\/wp-json\/wp\/v2\/pages\/41\/revisions"}],"predecessor-version":[{"id":960,"href":"https:\/\/www3.santoandre.sp.gov.br\/chmsa\/index.php\/wp-json\/wp\/v2\/pages\/41\/revisions\/960"}],"up":[{"embeddable":true,"href":"https:\/\/www3.santoandre.sp.gov.br\/chmsa\/index.php\/wp-json\/wp\/v2\/pages\/25"}],"wp:attachment":[{"href":"https:\/\/www3.santoandre.sp.gov.br\/chmsa\/index.php\/wp-json\/wp\/v2\/media?parent=41"}],"curies":[{"name":"wp","href":"https:\/\/api.w.org\/{rel}","templated":true}]}}