{"id":39,"date":"2019-04-11T16:21:00","date_gmt":"2019-04-11T13:21:00","guid":{"rendered":"https:\/\/www3.santoandre.sp.gov.br\/chmsa\/?page_id=39"},"modified":"2024-04-12T20:04:35","modified_gmt":"2024-04-12T17:04:35","slug":"internacao","status":"publish","type":"page","link":"https:\/\/www3.santoandre.sp.gov.br\/chmsa\/index.php\/servicos\/internacao\/","title":{"rendered":"Interna\u00e7\u00e3o"},"content":{"rendered":"<p>As interna\u00e7\u00f5es nas enfermarias do CHMSA ficam a cargo do setor de Admiss\u00f5es e Altas, localizado na Recep\u00e7\u00e3o Central do Centro Hospitalar Municipal de Santo Andr\u00e9 e que funciona 24 horas.<\/p>\n<p>Para a realiza\u00e7\u00e3o de cirurgias eletivas, as interna\u00e7\u00f5es ocorrem a partir de acompanhamento ambulatorial e mediante pedido m\u00e9dico. Nesses casos, \u00e9 permitida, no ato da interna\u00e7\u00e3o, a presen\u00e7a de apenas 01 acompanhante maior de 18 anos (<em>recomenda-se n\u00e3o trazer crian\u00e7as<\/em>).<\/p>\n<p>Documentos necess\u00e1rios para interna\u00e7\u00e3o:<\/p>\n<ul>\n<li>Documento de identifica\u00e7\u00e3o com foto;<\/li>\n<li>Cart\u00e3o SUS;<\/li>\n<li>Comprovante de endere\u00e7o (para atualiza\u00e7\u00e3o de dados cadastrais)<\/li>\n<\/ul>\n<p>Interna\u00e7\u00f5es para cirurgias de Emerg\u00eancia s\u00e3o conduzidas via Pronto-Socorro. Para consultar orienta\u00e7\u00f5es para visitantes e acompanhantes, clique <a href=\"https:\/\/www3.santoandre.sp.gov.br\/chmsa\/index.php\/servicos\/orientacoes-a-acompanhantes-e-visitantes\/\"><u>aqui<\/u><\/a>.<\/p>\n<p>&nbsp;<\/p>\n","protected":false},"excerpt":{"rendered":"<p>As interna\u00e7\u00f5es nas enfermarias do CHMSA ficam a cargo do setor de Admiss\u00f5es e Altas,&#8230;<\/p>\n","protected":false},"author":5,"featured_media":0,"parent":25,"menu_order":0,"comment_status":"closed","ping_status":"closed","template":"","meta":{"footnotes":""},"class_list":["post-39","page","type-page","status-publish","hentry"],"_links":{"self":[{"href":"https:\/\/www3.santoandre.sp.gov.br\/chmsa\/index.php\/wp-json\/wp\/v2\/pages\/39","targetHints":{"allow":["GET"]}}],"collection":[{"href":"https:\/\/www3.santoandre.sp.gov.br\/chmsa\/index.php\/wp-json\/wp\/v2\/pages"}],"about":[{"href":"https:\/\/www3.santoandre.sp.gov.br\/chmsa\/index.php\/wp-json\/wp\/v2\/types\/page"}],"author":[{"embeddable":true,"href":"https:\/\/www3.santoandre.sp.gov.br\/chmsa\/index.php\/wp-json\/wp\/v2\/users\/5"}],"replies":[{"embeddable":true,"href":"https:\/\/www3.santoandre.sp.gov.br\/chmsa\/index.php\/wp-json\/wp\/v2\/comments?post=39"}],"version-history":[{"count":7,"href":"https:\/\/www3.santoandre.sp.gov.br\/chmsa\/index.php\/wp-json\/wp\/v2\/pages\/39\/revisions"}],"predecessor-version":[{"id":1625,"href":"https:\/\/www3.santoandre.sp.gov.br\/chmsa\/index.php\/wp-json\/wp\/v2\/pages\/39\/revisions\/1625"}],"up":[{"embeddable":true,"href":"https:\/\/www3.santoandre.sp.gov.br\/chmsa\/index.php\/wp-json\/wp\/v2\/pages\/25"}],"wp:attachment":[{"href":"https:\/\/www3.santoandre.sp.gov.br\/chmsa\/index.php\/wp-json\/wp\/v2\/media?parent=39"}],"curies":[{"name":"wp","href":"https:\/\/api.w.org\/{rel}","templated":true}]}}