{"id":37,"date":"2019-04-11T16:20:34","date_gmt":"2019-04-11T13:20:34","guid":{"rendered":"https:\/\/www3.santoandre.sp.gov.br\/chmsa\/?page_id=37"},"modified":"2020-12-07T17:17:58","modified_gmt":"2020-12-07T14:17:58","slug":"exames","status":"publish","type":"page","link":"https:\/\/www3.santoandre.sp.gov.br\/chmsa\/index.php\/servicos\/exames\/","title":{"rendered":"Exames"},"content":{"rendered":"<p>No Centro Hospitalar Municipal de Santo Andr\u00e9 s\u00e3o realizados exames de imagem e laboratoriais (An\u00e1lises Cl\u00ednicas).<\/p>\n<p>&#8211; No caso dos exames de imagem, s\u00e3o realizados apenas para pacientes internados, pacientes encaminhados do Centro M\u00e9dico de Especialidades do CHMSA ou ainda em casos de urg\u00eancia e emerg\u00eancia atendidos no hospital e nas UPAs.<\/p>\n<p><strong>Rela\u00e7\u00e3o de Exames:\u00a0\u00a0\u00a0 <\/strong><\/p>\n<p>Bi\u00f3psia de Pr\u00f3stata<\/p>\n<p>Broncoscopia<\/p>\n<p>Colonoscopia<\/p>\n<p>Ecocardiograma Adulto e Infantil<\/p>\n<p>Eletrocardiograma<\/p>\n<p>Endoscopia Digestiva<\/p>\n<p>Laringoscopia<\/p>\n<p>Pun\u00e7\u00e3o de Tire\u00f3ide<\/p>\n<p>Radiografia (Raio-X)<\/p>\n<p>Resson\u00e2ncia Magn\u00e9tica<\/p>\n<p>Retossigmoidoscopia<\/p>\n<p>Tomografia Computadorizada<\/p>\n<p>Ultrassom<\/p>\n<p>Ultrassom com Doppler<\/p>\n<p>&#8211; J\u00e1 no que se refere aos exames de laborat\u00f3rio (<em>ex.: Hemograma; Glicose; PCR; Creatinina e Ureia; Albumina; F\u00f3sforo, C\u00e1lcio, S\u00f3dio e Pot\u00e1ssio; \u00c1cido \u00darico; Gasometria, Troponina; Marcadores Card\u00edacos<\/em>), os mesmos s\u00e3o oferecidos a pacientes internados, aos oriundos do Centro M\u00e9dico de Especialidades ou aos casos de emerg\u00eancia do Pronto-Socorro do CHMSA.<\/p>\n<p><strong>Centro de Diagn\u00f3sticos do CHMSA:<\/strong><\/p>\n<p>Travessa Nilo, s\/n \u2013 Vila Assun\u00e7\u00e3o \u2013 Santo Andr\u00e9\/SP (<em>anexo ao hospital<\/em>)<\/p>\n<p>Funcionamento: de segunda a sexta-feira, das 07h \u00e0s 17h (atendimento em ordem cronol\u00f3gica para pacientes agendados pela Regula\u00e7\u00e3o Ambulatorial e os \u00a0internados no complexo hospitalar. Entrega de resultados na Recep\u00e7\u00e3o do Centro de Diagn\u00f3stico)<\/p>\n","protected":false},"excerpt":{"rendered":"<p>No Centro Hospitalar Municipal de Santo Andr\u00e9 s\u00e3o realizados exames de imagem e laboratoriais (An\u00e1lises&#8230;<\/p>\n","protected":false},"author":5,"featured_media":0,"parent":25,"menu_order":0,"comment_status":"closed","ping_status":"closed","template":"","meta":{"footnotes":""},"class_list":["post-37","page","type-page","status-publish","hentry"],"_links":{"self":[{"href":"https:\/\/www3.santoandre.sp.gov.br\/chmsa\/index.php\/wp-json\/wp\/v2\/pages\/37","targetHints":{"allow":["GET"]}}],"collection":[{"href":"https:\/\/www3.santoandre.sp.gov.br\/chmsa\/index.php\/wp-json\/wp\/v2\/pages"}],"about":[{"href":"https:\/\/www3.santoandre.sp.gov.br\/chmsa\/index.php\/wp-json\/wp\/v2\/types\/page"}],"author":[{"embeddable":true,"href":"https:\/\/www3.santoandre.sp.gov.br\/chmsa\/index.php\/wp-json\/wp\/v2\/users\/5"}],"replies":[{"embeddable":true,"href":"https:\/\/www3.santoandre.sp.gov.br\/chmsa\/index.php\/wp-json\/wp\/v2\/comments?post=37"}],"version-history":[{"count":5,"href":"https:\/\/www3.santoandre.sp.gov.br\/chmsa\/index.php\/wp-json\/wp\/v2\/pages\/37\/revisions"}],"predecessor-version":[{"id":1270,"href":"https:\/\/www3.santoandre.sp.gov.br\/chmsa\/index.php\/wp-json\/wp\/v2\/pages\/37\/revisions\/1270"}],"up":[{"embeddable":true,"href":"https:\/\/www3.santoandre.sp.gov.br\/chmsa\/index.php\/wp-json\/wp\/v2\/pages\/25"}],"wp:attachment":[{"href":"https:\/\/www3.santoandre.sp.gov.br\/chmsa\/index.php\/wp-json\/wp\/v2\/media?parent=37"}],"curies":[{"name":"wp","href":"https:\/\/api.w.org\/{rel}","templated":true}]}}