{"id":33,"date":"2019-04-11T16:19:38","date_gmt":"2019-04-11T13:19:38","guid":{"rendered":"https:\/\/www3.santoandre.sp.gov.br\/chmsa\/?page_id=33"},"modified":"2020-12-07T17:19:29","modified_gmt":"2020-12-07T14:19:29","slug":"emergencia-clinica","status":"publish","type":"page","link":"https:\/\/www3.santoandre.sp.gov.br\/chmsa\/index.php\/servicos\/emergencia-clinica\/","title":{"rendered":"Emerg\u00eancia Cl\u00ednica"},"content":{"rendered":"<p>O atendimento no Pronto-Socorro do Centro Hospitalar Municipal de Santo Andr\u00e9 \u00e9 emergencial ou a partir de encaminhamento das UPAs (Unidades de Pronto Atendimento), nas seguintes \u00e1reas:<\/p>\n<p>Cirurgia Bucomaxilofacial<\/p>\n<p>Cirurgia do Trauma<\/p>\n<p>Cirurgia Geral<\/p>\n<p>Cl\u00ednica M\u00e9dica<\/p>\n<p>Odontologia Para Pacientes Especiais<\/p>\n<p>Oftalmologia<\/p>\n<p>Ortopedia<\/p>\n<p>Neurocirurgia<\/p>\n<p>Neurologia Cl\u00ednica<\/p>\n<p>Psiquiatria<\/p>\n<p>&nbsp;<\/p>\n<p>Confira os Crit\u00e9rios de Atendimento no Pronto-Socorro (Emerg\u00eancia) <a href=\"https:\/\/www3.santoandre.sp.gov.br\/chmsa\/index.php\/servicos\/criterios-de-atendimento\/\">aqui<\/a>.<\/p>\n","protected":false},"excerpt":{"rendered":"<p>O atendimento no Pronto-Socorro do Centro Hospitalar Municipal de Santo Andr\u00e9 \u00e9 emergencial ou a&#8230;<\/p>\n","protected":false},"author":5,"featured_media":0,"parent":25,"menu_order":0,"comment_status":"closed","ping_status":"closed","template":"","meta":{"footnotes":""},"class_list":["post-33","page","type-page","status-publish","hentry"],"_links":{"self":[{"href":"https:\/\/www3.santoandre.sp.gov.br\/chmsa\/index.php\/wp-json\/wp\/v2\/pages\/33","targetHints":{"allow":["GET"]}}],"collection":[{"href":"https:\/\/www3.santoandre.sp.gov.br\/chmsa\/index.php\/wp-json\/wp\/v2\/pages"}],"about":[{"href":"https:\/\/www3.santoandre.sp.gov.br\/chmsa\/index.php\/wp-json\/wp\/v2\/types\/page"}],"author":[{"embeddable":true,"href":"https:\/\/www3.santoandre.sp.gov.br\/chmsa\/index.php\/wp-json\/wp\/v2\/users\/5"}],"replies":[{"embeddable":true,"href":"https:\/\/www3.santoandre.sp.gov.br\/chmsa\/index.php\/wp-json\/wp\/v2\/comments?post=33"}],"version-history":[{"count":4,"href":"https:\/\/www3.santoandre.sp.gov.br\/chmsa\/index.php\/wp-json\/wp\/v2\/pages\/33\/revisions"}],"predecessor-version":[{"id":402,"href":"https:\/\/www3.santoandre.sp.gov.br\/chmsa\/index.php\/wp-json\/wp\/v2\/pages\/33\/revisions\/402"}],"up":[{"embeddable":true,"href":"https:\/\/www3.santoandre.sp.gov.br\/chmsa\/index.php\/wp-json\/wp\/v2\/pages\/25"}],"wp:attachment":[{"href":"https:\/\/www3.santoandre.sp.gov.br\/chmsa\/index.php\/wp-json\/wp\/v2\/media?parent=33"}],"curies":[{"name":"wp","href":"https:\/\/api.w.org\/{rel}","templated":true}]}}