{"id":29,"date":"2019-04-11T16:18:31","date_gmt":"2019-04-11T13:18:31","guid":{"rendered":"https:\/\/www3.santoandre.sp.gov.br\/chmsa\/?page_id=29"},"modified":"2020-06-24T21:32:38","modified_gmt":"2020-06-24T18:32:38","slug":"cartao-sus","status":"publish","type":"page","link":"https:\/\/www3.santoandre.sp.gov.br\/chmsa\/index.php\/servicos\/cartao-sus\/","title":{"rendered":"Cart\u00e3o SUS"},"content":{"rendered":"<p>O Cart\u00e3o Nacional de Sa\u00fade (CNS) ou Cart\u00e3o SUS \u00e9 o documento de identifica\u00e7\u00e3o do usu\u00e1rio do SUS e \u00e9 v\u00e1lido em todo o territ\u00f3rio brasileiro. Cont\u00e9m as informa\u00e7\u00f5es dos pacientes do Sistema \u00danico de Sa\u00fade, o que possibilita a cria\u00e7\u00e3o do hist\u00f3rico de atendimento de cada cidad\u00e3o.<\/p>\n<p><img loading=\"lazy\" decoding=\"async\" class=\"size-medium wp-image-290 alignleft\" src=\"https:\/\/www3.santoandre.sp.gov.br\/chmsa\/wp-content\/uploads\/2019\/04\/cartao-sus-300x193.png\" alt=\"\" width=\"300\" height=\"193\" srcset=\"https:\/\/www3.santoandre.sp.gov.br\/chmsa\/wp-content\/uploads\/2019\/04\/cartao-sus-300x193.png 300w, https:\/\/www3.santoandre.sp.gov.br\/chmsa\/wp-content\/uploads\/2019\/04\/cartao-sus-768x495.png 768w, https:\/\/www3.santoandre.sp.gov.br\/chmsa\/wp-content\/uploads\/2019\/04\/cartao-sus.png 799w\" sizes=\"auto, (max-width: 300px) 100vw, 300px\" \/>A base de dados do sistema de Sa\u00fade \u00e9 atualizada sempre, permitindo o acompanhamento dos pacientes pelos profissionais de sa\u00fade, em qualquer parte do Pa\u00eds. O Cart\u00e3o SUS agiliza marca\u00e7\u00f5es de consultas e exames, facilita o acesso a medicamentos e \u00e9 um direito de todo cidad\u00e3o!<\/p>\n<p>Os estabelecimentos que est\u00e3o conectados \u00e0 rede de dados da Secretaria de Sa\u00fade da Prefeitura de Santo Andr\u00e9 emitem o Cart\u00e3o SUS. Para facilitar o direito de acesso aos servi\u00e7os, a Secretaria orienta o mun\u00edcipe que necessite do Cart\u00e3o SUS a procurar a Unidade B\u00e1sica de Sa\u00fade mais pr\u00f3xima de sua resid\u00eancia.<\/p>\n<p>\u00c9 necess\u00e1rio apresentar os seguintes documentos: RG, CPF, n\u00famero de PIS\/PASEP (se tiver) e comprovante de endere\u00e7o.<\/p>\n<p><strong>Em caso de perda, como fazer para obter 2\u00aa via do Cart\u00e3o SUS?<\/strong><\/p>\n<p><strong>R:<\/strong> A segunda via do Cart\u00e3o SUS poder\u00e1 ser obtida na mesma unidade de sa\u00fade em que foi feita a primeira. Caso n\u00e3o seja poss\u00edvel identificar o n\u00famero anteriormente atribu\u00eddo, pode ser solicitada a emiss\u00e3o de um novo cart\u00e3o.<\/p>\n<p>&nbsp;<\/p>\n","protected":false},"excerpt":{"rendered":"<p>O Cart\u00e3o Nacional de Sa\u00fade (CNS) ou Cart\u00e3o SUS \u00e9 o documento de identifica\u00e7\u00e3o do&#8230;<\/p>\n","protected":false},"author":5,"featured_media":0,"parent":25,"menu_order":0,"comment_status":"closed","ping_status":"closed","template":"","meta":{"footnotes":""},"class_list":["post-29","page","type-page","status-publish","hentry"],"_links":{"self":[{"href":"https:\/\/www3.santoandre.sp.gov.br\/chmsa\/index.php\/wp-json\/wp\/v2\/pages\/29","targetHints":{"allow":["GET"]}}],"collection":[{"href":"https:\/\/www3.santoandre.sp.gov.br\/chmsa\/index.php\/wp-json\/wp\/v2\/pages"}],"about":[{"href":"https:\/\/www3.santoandre.sp.gov.br\/chmsa\/index.php\/wp-json\/wp\/v2\/types\/page"}],"author":[{"embeddable":true,"href":"https:\/\/www3.santoandre.sp.gov.br\/chmsa\/index.php\/wp-json\/wp\/v2\/users\/5"}],"replies":[{"embeddable":true,"href":"https:\/\/www3.santoandre.sp.gov.br\/chmsa\/index.php\/wp-json\/wp\/v2\/comments?post=29"}],"version-history":[{"count":4,"href":"https:\/\/www3.santoandre.sp.gov.br\/chmsa\/index.php\/wp-json\/wp\/v2\/pages\/29\/revisions"}],"predecessor-version":[{"id":350,"href":"https:\/\/www3.santoandre.sp.gov.br\/chmsa\/index.php\/wp-json\/wp\/v2\/pages\/29\/revisions\/350"}],"up":[{"embeddable":true,"href":"https:\/\/www3.santoandre.sp.gov.br\/chmsa\/index.php\/wp-json\/wp\/v2\/pages\/25"}],"wp:attachment":[{"href":"https:\/\/www3.santoandre.sp.gov.br\/chmsa\/index.php\/wp-json\/wp\/v2\/media?parent=29"}],"curies":[{"name":"wp","href":"https:\/\/api.w.org\/{rel}","templated":true}]}}