{"id":27,"date":"2019-04-11T16:18:04","date_gmt":"2019-04-11T13:18:04","guid":{"rendered":"https:\/\/www3.santoandre.sp.gov.br\/chmsa\/?page_id=27"},"modified":"2019-09-05T15:26:15","modified_gmt":"2019-09-05T12:26:15","slug":"banco-de-sangue","status":"publish","type":"page","link":"https:\/\/www3.santoandre.sp.gov.br\/chmsa\/index.php\/servicos\/banco-de-sangue\/","title":{"rendered":"Banco de Sangue"},"content":{"rendered":"<p><img loading=\"lazy\" decoding=\"async\" class=\"size-medium wp-image-282 alignleft\" src=\"https:\/\/www3.santoandre.sp.gov.br\/chmsa\/wp-content\/uploads\/2019\/04\/banco-de-sangue2-300x146.jpg\" alt=\"\" width=\"300\" height=\"146\" srcset=\"https:\/\/www3.santoandre.sp.gov.br\/chmsa\/wp-content\/uploads\/2019\/04\/banco-de-sangue2-300x146.jpg 300w, https:\/\/www3.santoandre.sp.gov.br\/chmsa\/wp-content\/uploads\/2019\/04\/banco-de-sangue2-768x373.jpg 768w, https:\/\/www3.santoandre.sp.gov.br\/chmsa\/wp-content\/uploads\/2019\/04\/banco-de-sangue2-1024x498.jpg 1024w, https:\/\/www3.santoandre.sp.gov.br\/chmsa\/wp-content\/uploads\/2019\/04\/banco-de-sangue2.jpg 1080w\" sizes=\"auto, (max-width: 300px) 100vw, 300px\" \/><\/p>\n<p>No Centro Hospitalar Municipal de Santo Andr\u00e9 funciona um posto da Colsan (Associa\u00e7\u00e3o Beneficente de Coleta de Sangue), dentro do Centro de Diagn\u00f3stico. As doa\u00e7\u00f5es feitas no local ajudam a repor os estoques de sangue do pr\u00f3prio hospital e da rede da Colsan em outras cidades da regi\u00e3o do ABC e da Grande S\u00e3o Paulo, al\u00e9m de litoral e interior do Estado.<\/p>\n<p><strong>O posto da Colsan dentro do CHMSA funciona de segunda a s\u00e1bado, das 08h \u00e0s 13h. <\/strong><\/p>\n<p>Sua doa\u00e7\u00e3o \u00e9 muito importante. O sangue \u00e9 a \u00fanica maneira de tratamento para v\u00e1rios pacientes que dependem desse gesto de solidariedade.<\/p>\n<p>Antes da doa\u00e7\u00e3o, voc\u00ea dever\u00e1 passar por uma triagem, que consiste em alguns exames e uma entrevista, a fim de realizar o processo com total seguran\u00e7a para o doador e reduzir ao m\u00e1ximos os riscos de transmiss\u00e3o de doen\u00e7as para os pacientes que recebem transfus\u00f5es de sangue. <strong>\u00c9 muito importante responder com sinceridade todas as perguntas.\u00a0 <\/strong><\/p>\n<p>Quando voc\u00ea doa sangue, todo o material utilizado para a coleta \u00e9 est\u00e9ril e descart\u00e1vel. <strong>N\u00e3o existe nenhum risco de contrair doen\u00e7as na doa\u00e7\u00e3o<\/strong>.<\/p>\n<p>V\u00e1rios testes s\u00e3o realizados no sangue coletado:<\/p>\n<p>&#8211; Tipagem sangu\u00ednea;<\/p>\n<p>&#8211; Triagem para doen\u00e7a falciforme (hemoglobina S);<\/p>\n<p>&#8211; Exames para Hepatites B e C, HIV, HTLV I \/ II, S\u00edfilis e Doen\u00e7a de Chagas.<\/p>\n<p>Ap\u00f3s 30 dias de sua doa\u00e7\u00e3o, os resultados dos testes de triagem laboratorial podem ser fornecidos, mediante solicita\u00e7\u00e3o do doador no posto de coleta.<\/p>\n<p>Ap\u00f3s os exames sorol\u00f3gicos, o sangue doado \u00e9 separado em pelo menos tr\u00eas hemocomponentes (Concentrado de Hem\u00e1cias, Concentrado de Plaquetas e Plasma) e distribu\u00eddo aos hospitais para atender os casos de emerg\u00eancia e pacientes internados.<\/p>\n<p><strong>PARA DOAR SANGUE VOC\u00ca DEVE:<\/strong><\/p>\n<p>&#8211; Portar documento oficial e original de identidade com foto, dentro do prazo de validade (RG, Carteira Profissional, Carteira de Habilita\u00e7\u00e3o);<\/p>\n<p>&#8211; Ter entre 16 e 69 anos de idade*, sendo que a primeira doa\u00e7\u00e3o deve ter sido feita at\u00e9 os 60 anos;<\/p>\n<p>&#8211; Pesar acima de 50 kg;<\/p>\n<p>&#8211; Estar em boas condi\u00e7\u00f5es de sa\u00fade;<\/p>\n<p>&#8211; Estar alimentado, por\u00e9m evitar refei\u00e7\u00f5es pesadas (gordurosas).<\/p>\n<p><strong><em>* Os doadores menores de 18 anos acompanhados por um adulto, maior de 21 anos, dever\u00e3o apresentar o Termo de Autoriza\u00e7\u00e3o de Doa\u00e7\u00e3o de Menor de Idade preenchido, com firma reconhecida em cart\u00f3rio, documento de identidade original com foto do menor e do respons\u00e1vel legal e c\u00f3pia simples do documento de identidade de ambos, que ficar\u00e3o arquivadas na institui\u00e7\u00e3o. O reconhecimento de firma \u00e9 dispens\u00e1vel com a presen\u00e7a do respons\u00e1vel legal do come\u00e7o ao fim da doa\u00e7\u00e3o e a assinatura constante na c\u00f3pia do documento de identidade apresentada deve ser id\u00eantica a do Termo de Autoriza\u00e7\u00e3o, que pode ser retirado no posto de coleta ou atrav\u00e9s do site <\/em><\/strong><a href=\"https:\/\/www.colsan.org.br\"><strong><em>www.colsan.org.br<\/em><\/strong><\/a><\/p>\n<p><u>Obs.:<\/u><\/p>\n<p><strong>Homens podem doar a cada 2 meses, at\u00e9 no m\u00e1ximo 4 vezes no per\u00edodo de 12 meses<\/strong><\/p>\n<p><strong>Mulheres podem doar a cada 3 meses, at\u00e9 no m\u00e1ximo 3 vezes no per\u00edodo de 12 meses<\/strong><\/p>\n<p>&nbsp;<\/p>\n<p><strong>PARA DOAR SANGUE VOC\u00ca N\u00c3O DEVE:<\/strong><\/p>\n<p>Ter risco acrescido para doen\u00e7as transmiss\u00edveis pelo sangue (usu\u00e1rio de drogas injet\u00e1veis e inalat\u00f3rias, pr\u00e1tica de sexo n\u00e3o seguro, m\u00faltiplos parceiros sexuais ou ser parceiro sexual de portadores de HIV ou Hepatite).<\/p>\n<p>&nbsp;<\/p>\n<p><strong>DOE SANGUE. UM GESTO, UMA VIDA!<\/strong><\/p>\n<p>Quando voc\u00ea for convidado a doar sangue por campanhas ou familiares e amigos de pacientes internados, n\u00e3o pense duas vezes, aceite, porque h\u00e1 sempre algu\u00e9m esperando a sua doa\u00e7\u00e3o. Bom lembrar que, em \u00e9poca Natal, R\u00e9veillon e f\u00e9rias, os estoques dos hemocentros ficam mais baixos do que o normal. Coincidentemente, \u00e9 quando aumenta o n\u00famero de acidentes e de pessoas que dependem das doa\u00e7\u00f5es de sangue.<\/p>\n<p><strong>Incentive seus amigos e familiares a doar sangue. Seja um multiplicador deste gesto de cidadania!<\/strong><\/p>\n<p><strong><em>\u00a0<\/em><\/strong><\/p>\n<p><strong><em>Mais informa\u00e7\u00f5es:<\/em><\/strong><\/p>\n<p>Diretamente na Ag\u00eancia Transfusional (Banco de Sangue) do CHMSA ou pelo telefone (11) 4433-3718.<\/p>\n<p>&nbsp;<\/p>\n<p>&nbsp;<\/p>\n","protected":false},"excerpt":{"rendered":"<p>No Centro Hospitalar Municipal de Santo Andr\u00e9 funciona um posto da Colsan (Associa\u00e7\u00e3o Beneficente de&#8230;<\/p>\n","protected":false},"author":5,"featured_media":0,"parent":25,"menu_order":0,"comment_status":"closed","ping_status":"closed","template":"","meta":{"footnotes":""},"class_list":["post-27","page","type-page","status-publish","hentry"],"_links":{"self":[{"href":"https:\/\/www3.santoandre.sp.gov.br\/chmsa\/index.php\/wp-json\/wp\/v2\/pages\/27","targetHints":{"allow":["GET"]}}],"collection":[{"href":"https:\/\/www3.santoandre.sp.gov.br\/chmsa\/index.php\/wp-json\/wp\/v2\/pages"}],"about":[{"href":"https:\/\/www3.santoandre.sp.gov.br\/chmsa\/index.php\/wp-json\/wp\/v2\/types\/page"}],"author":[{"embeddable":true,"href":"https:\/\/www3.santoandre.sp.gov.br\/chmsa\/index.php\/wp-json\/wp\/v2\/users\/5"}],"replies":[{"embeddable":true,"href":"https:\/\/www3.santoandre.sp.gov.br\/chmsa\/index.php\/wp-json\/wp\/v2\/comments?post=27"}],"version-history":[{"count":7,"href":"https:\/\/www3.santoandre.sp.gov.br\/chmsa\/index.php\/wp-json\/wp\/v2\/pages\/27\/revisions"}],"predecessor-version":[{"id":943,"href":"https:\/\/www3.santoandre.sp.gov.br\/chmsa\/index.php\/wp-json\/wp\/v2\/pages\/27\/revisions\/943"}],"up":[{"embeddable":true,"href":"https:\/\/www3.santoandre.sp.gov.br\/chmsa\/index.php\/wp-json\/wp\/v2\/pages\/25"}],"wp:attachment":[{"href":"https:\/\/www3.santoandre.sp.gov.br\/chmsa\/index.php\/wp-json\/wp\/v2\/media?parent=27"}],"curies":[{"name":"wp","href":"https:\/\/api.w.org\/{rel}","templated":true}]}}