{"id":21,"date":"2019-04-11T16:15:25","date_gmt":"2019-04-11T13:15:25","guid":{"rendered":"https:\/\/www3.santoandre.sp.gov.br\/chmsa\/?page_id=21"},"modified":"2025-03-17T23:14:00","modified_gmt":"2025-03-17T20:14:00","slug":"o-hospital-humanizacao-e-voluntariado","status":"publish","type":"page","link":"https:\/\/www3.santoandre.sp.gov.br\/chmsa\/index.php\/o-hospital\/o-hospital-humanizacao-e-voluntariado\/","title":{"rendered":"Humaniza\u00e7\u00e3o e Voluntariado"},"content":{"rendered":"<p>Dentro do criterioso processo de reestrutura\u00e7\u00e3o de toda a rede de sa\u00fade da cidade, orientado pela atual administra\u00e7\u00e3o, constam n\u00e3o apenas a qualifica\u00e7\u00e3o estrutural das unidades e a informatiza\u00e7\u00e3o dos sistemas, mas a gest\u00e3o do cuidado, inclusive no Centro Hospitalar Municipal de Santo Andr\u00e9, o CHMSA. Isso vai de encontro \u00e0 valoriza\u00e7\u00e3o do trabalhador e dos usu\u00e1rios dos servi\u00e7os, tendo como meta um atendimento cada vez mais \u00e1gil, acolhedor e resolutivo, ou seja, humanizado.<\/p>\n<p>A Pol\u00edtica Nacional de Humaniza\u00e7\u00e3o (PNH) do SUS, institu\u00edda em 2003 pelo Minist\u00e9rio da Sa\u00fade, preconiza a valoriza\u00e7\u00e3o das rela\u00e7\u00f5es e da comunica\u00e7\u00e3o entre gestores, trabalhadores e usu\u00e1rios por meio da cria\u00e7\u00e3o de v\u00ednculos solid\u00e1rios e da participa\u00e7\u00e3o coletiva nos processos de gest\u00e3o e de produ\u00e7\u00e3o de sa\u00fade. A responsabilidade compartilhada produz mudan\u00e7as no modo de gerir e cuidar.<\/p>\n<p>Um SUS mais humano se constr\u00f3i com a participa\u00e7\u00e3o de todos e o comprometimento com a qualidade dos seus servi\u00e7os e com a sa\u00fade integral para todos e qualquer um. Um SUS mais humano reconhece a diversidade do povo brasileiro e a todos oferece a mesma aten\u00e7\u00e3o \u00e0 sa\u00fade, sem distin\u00e7\u00e3o de idade, etnia, origem, g\u00eanero e orienta\u00e7\u00e3o sexual.<\/p>\n<p><strong>A Humaniza\u00e7\u00e3o busca:<\/strong><\/p>\n<p>&#8211; Redu\u00e7\u00e3o de filas e do tempo de espera, com amplia\u00e7\u00e3o do acesso;<\/p>\n<p>&#8211; Atendimento acolhedor e resolutivo baseado em crit\u00e9rios de risco;<\/p>\n<p>&#8211; Implanta\u00e7\u00e3o de modelo de aten\u00e7\u00e3o com responsabiliza\u00e7\u00e3o e v\u00ednculo;<\/p>\n<p>&#8211; Garantia dos direitos dos usu\u00e1rios;<\/p>\n<p>&#8211; Valoriza\u00e7\u00e3o do trabalho na sa\u00fade;<\/p>\n<p>&#8211; Gest\u00e3o participativa nos servi\u00e7os.<\/p>\n<p><strong><img loading=\"lazy\" decoding=\"async\" class=\"alignnone size-large wp-image-373\" src=\"https:\/\/www3.santoandre.sp.gov.br\/chmsa\/wp-content\/uploads\/2019\/05\/46323793335_00ec343044_k-1024x683.jpg\" alt=\"\" width=\"640\" height=\"427\" srcset=\"https:\/\/www3.santoandre.sp.gov.br\/chmsa\/wp-content\/uploads\/2019\/05\/46323793335_00ec343044_k-1024x683.jpg 1024w, https:\/\/www3.santoandre.sp.gov.br\/chmsa\/wp-content\/uploads\/2019\/05\/46323793335_00ec343044_k-300x200.jpg 300w, https:\/\/www3.santoandre.sp.gov.br\/chmsa\/wp-content\/uploads\/2019\/05\/46323793335_00ec343044_k-768x512.jpg 768w, https:\/\/www3.santoandre.sp.gov.br\/chmsa\/wp-content\/uploads\/2019\/05\/46323793335_00ec343044_k-675x450.jpg 675w, https:\/\/www3.santoandre.sp.gov.br\/chmsa\/wp-content\/uploads\/2019\/05\/46323793335_00ec343044_k.jpg 2048w\" sizes=\"auto, (max-width: 640px) 100vw, 640px\" \/><\/strong><\/p>\n<p>&nbsp;<\/p>\n<p><strong>ATIVIDADES DE HUMANIZA\u00c7\u00c3O NO HOSPITAL:<\/strong><\/p>\n<p>O CHMSA multiplica as diretrizes da PNH em seu dia-a-dia, fortalecendo iniciativas de humaniza\u00e7\u00e3o existentes e estimulando novas pr\u00e1ticas, inclusive junto ao terceiro setor. A\u00e7\u00f5es promovidas freq\u00fcentemente, em parceria com ONGs (Organiza\u00e7\u00f5es N\u00e3o Governamentais) e projetos sociais, s\u00e3o importantes para o desenvolvimento humanizado do equipamento municipal de sa\u00fade. Entre elas, destacam-se visitas de contadores de hist\u00f3rias, clowns e c\u00e3es (pet terapia), al\u00e9m de atividades de m\u00fasica e pintura, seja nas enfermarias da Cl\u00ednica M\u00e9dica e Cl\u00ednica Cir\u00fargica, Pediatria ou Psiquiatria. Considerando a import\u00e2ncia do servi\u00e7o de volunt\u00e1rios e seu compromisso e dedica\u00e7\u00e3o aos nossos usu\u00e1rios, propomos sua atua\u00e7\u00e3o em conjunto com as equipes de enfermagem, servi\u00e7o social e coordenadores, consolidando a parceria e prestando o devido suporte a todos que necessitam. O trabalho volunt\u00e1rio, a promo\u00e7\u00e3o do voluntariado e apoio aos volunt\u00e1rios est\u00e3o enquadrados pela Lei do Voluntariado \u2013 Lei n\u00ba 9.608, de 18\/02\/1998.<\/p>\n<p><strong>Respons\u00e1vel pelas a\u00e7\u00f5es de voluntariado:\u00a0<\/strong><\/p>\n<p>Contato: (11) 4433-3708<\/p>\n<p>E-mail:<\/p>\n<p><img loading=\"lazy\" decoding=\"async\" class=\"aligncenter wp-image-284 size-large\" src=\"https:\/\/www3.santoandre.sp.gov.br\/chmsa\/wp-content\/uploads\/2019\/04\/pet-terapia-site-3-1024x683.jpg\" alt=\"\" width=\"640\" height=\"427\" srcset=\"https:\/\/www3.santoandre.sp.gov.br\/chmsa\/wp-content\/uploads\/2019\/04\/pet-terapia-site-3-1024x683.jpg 1024w, https:\/\/www3.santoandre.sp.gov.br\/chmsa\/wp-content\/uploads\/2019\/04\/pet-terapia-site-3-300x200.jpg 300w, https:\/\/www3.santoandre.sp.gov.br\/chmsa\/wp-content\/uploads\/2019\/04\/pet-terapia-site-3-768x512.jpg 768w, https:\/\/www3.santoandre.sp.gov.br\/chmsa\/wp-content\/uploads\/2019\/04\/pet-terapia-site-3-675x450.jpg 675w\" sizes=\"auto, (max-width: 640px) 100vw, 640px\" \/><\/p>\n<p><img loading=\"lazy\" decoding=\"async\" class=\"aligncenter wp-image-376 size-full\" src=\"https:\/\/www3.santoandre.sp.gov.br\/chmsa\/wp-content\/uploads\/2019\/05\/sorrir-8.jpg\" alt=\"\" width=\"800\" height=\"600\" srcset=\"https:\/\/www3.santoandre.sp.gov.br\/chmsa\/wp-content\/uploads\/2019\/05\/sorrir-8.jpg 800w, https:\/\/www3.santoandre.sp.gov.br\/chmsa\/wp-content\/uploads\/2019\/05\/sorrir-8-300x225.jpg 300w, https:\/\/www3.santoandre.sp.gov.br\/chmsa\/wp-content\/uploads\/2019\/05\/sorrir-8-768x576.jpg 768w\" sizes=\"auto, (max-width: 800px) 100vw, 800px\" \/><\/p>\n<p>&nbsp;<\/p>\n<p><strong>VOLUNTARIADO:<\/strong><\/p>\n<p><strong><u>AVSSA (Associa\u00e7\u00e3o dos Volunt\u00e1rios da Sa\u00fade de Santo Andr\u00e9)<\/u><\/strong><\/p>\n<p>Popularmente conhecidas como \u201cRosinhas do CHM\u201d (devido aos tradicionais aventais na cor rosa), as volunt\u00e1rias da AVSSA, h\u00e1 mais de 18 anos, servem kits com bolachas doces e salgadas, al\u00e9m de caf\u00e9 e ch\u00e1, a pacientes e familiares do hospital. Tamb\u00e9m se dedicam \u00e0 leitura para acamados e, dentre outros suportes a pacientes e acompanhantes, oferecem sorrisos!<\/p>\n<p><img loading=\"lazy\" decoding=\"async\" class=\"aligncenter wp-image-377 size-full\" src=\"https:\/\/www3.santoandre.sp.gov.br\/chmsa\/wp-content\/uploads\/2019\/05\/natal-6.jpg\" alt=\"\" width=\"800\" height=\"389\" srcset=\"https:\/\/www3.santoandre.sp.gov.br\/chmsa\/wp-content\/uploads\/2019\/05\/natal-6.jpg 800w, https:\/\/www3.santoandre.sp.gov.br\/chmsa\/wp-content\/uploads\/2019\/05\/natal-6-300x146.jpg 300w, https:\/\/www3.santoandre.sp.gov.br\/chmsa\/wp-content\/uploads\/2019\/05\/natal-6-768x373.jpg 768w\" sizes=\"auto, (max-width: 800px) 100vw, 800px\" \/><\/p>\n<p>E-mail: <a href=\"mailto:atendimento@avssa.or.br\">atendimento@avssa.or.br<\/a><\/p>\n<p>Presidente: Aparecida M. Leite (<a href=\"mailto:cidinha@avssa.org.br\">cidinha@avssa.org.br<\/a>)<\/p>\n<p>&nbsp;<\/p>\n<p><strong><u>Capelania Hospitalar<\/u><\/strong><\/p>\n<p>O CHMSA proporciona o acompanhamento espiritual dos pacientes internados e de seus respectivos familiares por meio das atividades das capelanias Cat\u00f3lica e Evang\u00e9lica, esta \u00faltima implantada a partir de 2009. Ambas atuam dentro do prop\u00f3sito de auxiliar no encontro da paz, harmonia, confian\u00e7a e solidariedade, participando ativamente do processo de humaniza\u00e7\u00e3o do ambiente hospitalar. Tamb\u00e9m se fazem presentes em todos os momentos da vida social do hospital: P\u00e1scoa, Natal, Dia do Enfermo, entre outros. A atua\u00e7\u00e3o da Capelania ocorre a partir de um di\u00e1logo interdisciplinar, com aten\u00e7\u00e3o e respeito aos demais profissionais que atuam no servi\u00e7o, facilitando o encontro do paciente consigo mesmo, com a sua f\u00e9 e a realidade que o cerca.<\/p>\n<p><strong>\u00a0<\/strong><strong>&#8211; Capelania Cat\u00f3lica:<\/strong><\/p>\n<p><img loading=\"lazy\" decoding=\"async\" class=\"aligncenter wp-image-287 size-full\" src=\"https:\/\/www3.santoandre.sp.gov.br\/chmsa\/wp-content\/uploads\/2019\/04\/32296210277_cafda86c9d_z.jpg\" alt=\"\" width=\"640\" height=\"427\" srcset=\"https:\/\/www3.santoandre.sp.gov.br\/chmsa\/wp-content\/uploads\/2019\/04\/32296210277_cafda86c9d_z.jpg 640w, https:\/\/www3.santoandre.sp.gov.br\/chmsa\/wp-content\/uploads\/2019\/04\/32296210277_cafda86c9d_z-300x200.jpg 300w\" sizes=\"auto, (max-width: 640px) 100vw, 640px\" \/><\/p>\n<p>Dias e hor\u00e1rios de visita religiosa: segunda a s\u00e1bado, das 09h \u00e0s 12h \/ domingo, das 14 \u00e0s 16h \/ segundas, quartas e sextas, das 19h30 \u00e0s 21h<\/p>\n<p>Missas toda ter\u00e7a e domingo, \u00e0s 16h, na Capela da Divina Miseric\u00f3rdia, no piso t\u00e9rreo do Centro Hospitalar Municipal<\/p>\n<p>Coordena\u00e7\u00e3o: Sonia Vitrio Rotondane<\/p>\n<p>E-mail: <a href=\"mailto:soniavrotndane@terra.com.br\">soniavrotondane@terra.com.br<\/a><\/p>\n<p>(<em>A Capelania Cat\u00f3lica \u00e9 ligada \u00e0 Pastoral da Sa\u00fade da Diocese de Santo Andr\u00e9<\/em>)<\/p>\n<p>&nbsp;<\/p>\n<p><strong>&#8211; Capelania Evang\u00e9lica:<\/strong><\/p>\n<p>Dias e hor\u00e1rios de visita religiosa: segundas, quartas, sextas e s\u00e1bados, das 13h \u00e0s 16h \/ ter\u00e7as e quintas, das 19h30 \u00e0s 21h<\/p>\n<p>Tamb\u00e9m s\u00e3o organizados dias de louvores<\/p>\n<p>Coordena\u00e7\u00e3o: Pastor Osmar Perobelli<\/p>\n<p>E-mail: <a href=\"mailto:capelania@conexaoprimeira.org.br\">capelania@conexaoprimeira.org.br<\/a><\/p>\n","protected":false},"excerpt":{"rendered":"<p>Dentro do criterioso processo de reestrutura\u00e7\u00e3o de toda a rede de sa\u00fade da cidade, orientado&#8230;<\/p>\n","protected":false},"author":5,"featured_media":0,"parent":7,"menu_order":0,"comment_status":"closed","ping_status":"closed","template":"","meta":{"footnotes":""},"class_list":["post-21","page","type-page","status-publish","hentry"],"_links":{"self":[{"href":"https:\/\/www3.santoandre.sp.gov.br\/chmsa\/index.php\/wp-json\/wp\/v2\/pages\/21","targetHints":{"allow":["GET"]}}],"collection":[{"href":"https:\/\/www3.santoandre.sp.gov.br\/chmsa\/index.php\/wp-json\/wp\/v2\/pages"}],"about":[{"href":"https:\/\/www3.santoandre.sp.gov.br\/chmsa\/index.php\/wp-json\/wp\/v2\/types\/page"}],"author":[{"embeddable":true,"href":"https:\/\/www3.santoandre.sp.gov.br\/chmsa\/index.php\/wp-json\/wp\/v2\/users\/5"}],"replies":[{"embeddable":true,"href":"https:\/\/www3.santoandre.sp.gov.br\/chmsa\/index.php\/wp-json\/wp\/v2\/comments?post=21"}],"version-history":[{"count":12,"href":"https:\/\/www3.santoandre.sp.gov.br\/chmsa\/index.php\/wp-json\/wp\/v2\/pages\/21\/revisions"}],"predecessor-version":[{"id":1710,"href":"https:\/\/www3.santoandre.sp.gov.br\/chmsa\/index.php\/wp-json\/wp\/v2\/pages\/21\/revisions\/1710"}],"up":[{"embeddable":true,"href":"https:\/\/www3.santoandre.sp.gov.br\/chmsa\/index.php\/wp-json\/wp\/v2\/pages\/7"}],"wp:attachment":[{"href":"https:\/\/www3.santoandre.sp.gov.br\/chmsa\/index.php\/wp-json\/wp\/v2\/media?parent=21"}],"curies":[{"name":"wp","href":"https:\/\/api.w.org\/{rel}","templated":true}]}}