{"id":138,"date":"2019-04-26T20:30:00","date_gmt":"2019-04-26T17:30:00","guid":{"rendered":"https:\/\/www3.santoandre.sp.gov.br\/chmsa\/?page_id=138"},"modified":"2024-03-15T20:32:04","modified_gmt":"2024-03-15T17:32:04","slug":"hospital-de-ensino","status":"publish","type":"page","link":"https:\/\/www3.santoandre.sp.gov.br\/chmsa\/index.php\/o-hospital\/hospital-de-ensino\/","title":{"rendered":"Hospital Universit\u00e1rio"},"content":{"rendered":"<p>Na d\u00e9cada de 1970, o Centro Hospitalar Municipal de Santo Andr\u00e9 Dr. Newton da Costa Brand\u00e3o, ainda sob a denomina\u00e7\u00e3o Hospital Municipal, tornou-se hospital de ensino, recebendo as primeiras turmas da Faculdade de Medicina do ABC (FMABC).<\/p>\n<p>O CHMSA \u00e9 hoje um hospital universit\u00e1rio n\u00e3o apenas para acad\u00eamicos de Medicina como de outras \u00e1reas da Sa\u00fade, exemplo de Enfermagem, Nutri\u00e7\u00e3o e Fisioterapia. Para essa finalidade, conta com Centro de Pesquisa e Biblioteca.<\/p>\n<p>Frequentemente, s\u00e3o promovidos, no audit\u00f3rio do hospital, encontros para a integra\u00e7\u00e3o de novos m\u00e9dicos residentes da FMABC, que atuam em especialidades como Cl\u00ednica M\u00e9dica, Cirurgia Geral, Cirurgia Pl\u00e1stica, Pediatria e Psiquiatria, entre outras, totalizando 25 programas de resid\u00eancia. Eles acompanham palestras sobre aspectos \u00e9ticos no atendimento m\u00e9dico, controle de infec\u00e7\u00f5es hospitalares, gerenciamento de res\u00edduos, al\u00e9m de conte\u00fados acad\u00eamicos, e se familiarizam com os manuais de normas e condutas seguidos pelo CHMSA.<\/p>\n<p>&nbsp;<\/p>\n<p><img loading=\"lazy\" decoding=\"async\" class=\"size-medium wp-image-278 alignleft\" src=\"https:\/\/www3.santoandre.sp.gov.br\/chmsa\/wp-content\/uploads\/2019\/04\/turma-de-residentes-chmsa-fmabc-set-2018-300x225.jpg\" alt=\"\" width=\"300\" height=\"225\" srcset=\"https:\/\/www3.santoandre.sp.gov.br\/chmsa\/wp-content\/uploads\/2019\/04\/turma-de-residentes-chmsa-fmabc-set-2018-300x225.jpg 300w, https:\/\/www3.santoandre.sp.gov.br\/chmsa\/wp-content\/uploads\/2019\/04\/turma-de-residentes-chmsa-fmabc-set-2018-768x576.jpg 768w, https:\/\/www3.santoandre.sp.gov.br\/chmsa\/wp-content\/uploads\/2019\/04\/turma-de-residentes-chmsa-fmabc-set-2018.jpg 800w\" sizes=\"auto, (max-width: 300px) 100vw, 300px\" \/><\/p>\n<p><strong>Ensino e Pesquisa<\/strong><\/p>\n<p>O complexo hospitalar de Santo Andr\u00e9 foi pioneiro na regi\u00e3o do ABC ao integrar a Rede Universit\u00e1ria de Telemedicina (RUTE). Em 2009, teve in\u00edcio processo de habilita\u00e7\u00e3o e desenvolvimento, que culminou na implanta\u00e7\u00e3o de um n\u00facleo voltado \u00e0 educa\u00e7\u00e3o continuada, ao desenvolvimento de pesquisa, an\u00e1lise de diagn\u00f3sticos e troca de experi\u00eancias entre os profissionais da sa\u00fade, inaugurado em 2014.<\/p>\n<p>O servi\u00e7o, instalado ao lado do Centro de Estudos, Biblioteca e Audit\u00f3rio, \u00e9 respons\u00e1vel pela conex\u00e3o de hospitais p\u00fablicos universit\u00e1rios e de ensino espalhados pelas cinco regi\u00f5es do pa\u00eds e contribui para o aprimoramento da assist\u00eancia \u00e0 popula\u00e7\u00e3o dependente do SUS (Sistema \u00danico de Sa\u00fade).<\/p>\n<p>O N\u00facleo de Telemedicina, que tem a FMABC como parceira, funciona em sala de 30m\u00b2, com capacidade para 29 participantes. A \u00e1rea, com isolamento e atenua\u00e7\u00e3o ac\u00fastica, \u00e9 especialmente equipada para a realiza\u00e7\u00e3o de videoconfer\u00eancias, al\u00e9m de encontros entre profissionais das v\u00e1rias institui\u00e7\u00f5es de ensino que atuam no hospital.<\/p>\n<p><strong><img loading=\"lazy\" decoding=\"async\" class=\"wp-image-276 aligncenter\" src=\"https:\/\/www3.santoandre.sp.gov.br\/chmsa\/wp-content\/uploads\/2019\/04\/O-HOSPITAL-Hospital-de-Ensino.-300x204.jpeg\" alt=\"\" width=\"428\" height=\"291\" srcset=\"https:\/\/www3.santoandre.sp.gov.br\/chmsa\/wp-content\/uploads\/2019\/04\/O-HOSPITAL-Hospital-de-Ensino.-300x204.jpeg 300w, https:\/\/www3.santoandre.sp.gov.br\/chmsa\/wp-content\/uploads\/2019\/04\/O-HOSPITAL-Hospital-de-Ensino.-768x521.jpeg 768w, https:\/\/www3.santoandre.sp.gov.br\/chmsa\/wp-content\/uploads\/2019\/04\/O-HOSPITAL-Hospital-de-Ensino.-1024x695.jpeg 1024w, https:\/\/www3.santoandre.sp.gov.br\/chmsa\/wp-content\/uploads\/2019\/04\/O-HOSPITAL-Hospital-de-Ensino..jpeg 1080w\" sizes=\"auto, (max-width: 428px) 100vw, 428px\" \/><\/strong><\/p>\n","protected":false},"excerpt":{"rendered":"<p>Na d\u00e9cada de 1970, o Centro Hospitalar Municipal de Santo Andr\u00e9 Dr. Newton da Costa&#8230;<\/p>\n","protected":false},"author":5,"featured_media":0,"parent":7,"menu_order":0,"comment_status":"closed","ping_status":"closed","template":"","meta":{"footnotes":""},"class_list":["post-138","page","type-page","status-publish","hentry"],"_links":{"self":[{"href":"https:\/\/www3.santoandre.sp.gov.br\/chmsa\/index.php\/wp-json\/wp\/v2\/pages\/138","targetHints":{"allow":["GET"]}}],"collection":[{"href":"https:\/\/www3.santoandre.sp.gov.br\/chmsa\/index.php\/wp-json\/wp\/v2\/pages"}],"about":[{"href":"https:\/\/www3.santoandre.sp.gov.br\/chmsa\/index.php\/wp-json\/wp\/v2\/types\/page"}],"author":[{"embeddable":true,"href":"https:\/\/www3.santoandre.sp.gov.br\/chmsa\/index.php\/wp-json\/wp\/v2\/users\/5"}],"replies":[{"embeddable":true,"href":"https:\/\/www3.santoandre.sp.gov.br\/chmsa\/index.php\/wp-json\/wp\/v2\/comments?post=138"}],"version-history":[{"count":11,"href":"https:\/\/www3.santoandre.sp.gov.br\/chmsa\/index.php\/wp-json\/wp\/v2\/pages\/138\/revisions"}],"predecessor-version":[{"id":1608,"href":"https:\/\/www3.santoandre.sp.gov.br\/chmsa\/index.php\/wp-json\/wp\/v2\/pages\/138\/revisions\/1608"}],"up":[{"embeddable":true,"href":"https:\/\/www3.santoandre.sp.gov.br\/chmsa\/index.php\/wp-json\/wp\/v2\/pages\/7"}],"wp:attachment":[{"href":"https:\/\/www3.santoandre.sp.gov.br\/chmsa\/index.php\/wp-json\/wp\/v2\/media?parent=138"}],"curies":[{"name":"wp","href":"https:\/\/api.w.org\/{rel}","templated":true}]}}