{"id":13,"date":"2019-04-11T16:12:02","date_gmt":"2019-04-11T13:12:02","guid":{"rendered":"https:\/\/www3.santoandre.sp.gov.br\/chmsa\/?page_id=13"},"modified":"2019-09-05T15:25:25","modified_gmt":"2019-09-05T12:25:25","slug":"o-hospital-missao-visao-e-valores","status":"publish","type":"page","link":"https:\/\/www3.santoandre.sp.gov.br\/chmsa\/index.php\/o-hospital\/o-hospital-missao-visao-e-valores\/","title":{"rendered":"Miss\u00e3o, Vis\u00e3o e Valores"},"content":{"rendered":"<p><strong>MISS\u00c3O<\/strong><\/p>\n<p>Assegurar atendimento hospitalar de emerg\u00eancia e ambulatorial, humanizado e de qualidade, a todos os cidad\u00e3os. Promover a\u00e7\u00f5es de Ensino e Pesquisa.<\/p>\n<p><strong>VIS\u00c3O<\/strong><\/p>\n<p>Ser reconhecido como um hospital p\u00fablico de tradi\u00e7\u00e3o centen\u00e1ria, que busca inova\u00e7\u00e3o tecnol\u00f3gica para melhor atender as necessidades de sa\u00fade da popula\u00e7\u00e3o.<\/p>\n<p><strong>VALORES<\/strong><\/p>\n<p>\u00c9tica<\/p>\n<p>Respeito<\/p>\n<p>Humaniza\u00e7\u00e3o<\/p>\n<p>Qualidade<\/p>\n<p>Ensino e Pesquisa dentro dos princ\u00edpios da Bio\u00e9tica.<\/p>\n<p>&nbsp;<\/p>\n","protected":false},"excerpt":{"rendered":"<p>MISS\u00c3O Assegurar atendimento hospitalar de emerg\u00eancia e ambulatorial, humanizado e de qualidade, a todos os&#8230;<\/p>\n","protected":false},"author":5,"featured_media":0,"parent":7,"menu_order":0,"comment_status":"closed","ping_status":"closed","template":"","meta":{"footnotes":""},"class_list":["post-13","page","type-page","status-publish","hentry"],"_links":{"self":[{"href":"https:\/\/www3.santoandre.sp.gov.br\/chmsa\/index.php\/wp-json\/wp\/v2\/pages\/13","targetHints":{"allow":["GET"]}}],"collection":[{"href":"https:\/\/www3.santoandre.sp.gov.br\/chmsa\/index.php\/wp-json\/wp\/v2\/pages"}],"about":[{"href":"https:\/\/www3.santoandre.sp.gov.br\/chmsa\/index.php\/wp-json\/wp\/v2\/types\/page"}],"author":[{"embeddable":true,"href":"https:\/\/www3.santoandre.sp.gov.br\/chmsa\/index.php\/wp-json\/wp\/v2\/users\/5"}],"replies":[{"embeddable":true,"href":"https:\/\/www3.santoandre.sp.gov.br\/chmsa\/index.php\/wp-json\/wp\/v2\/comments?post=13"}],"version-history":[{"count":2,"href":"https:\/\/www3.santoandre.sp.gov.br\/chmsa\/index.php\/wp-json\/wp\/v2\/pages\/13\/revisions"}],"predecessor-version":[{"id":60,"href":"https:\/\/www3.santoandre.sp.gov.br\/chmsa\/index.php\/wp-json\/wp\/v2\/pages\/13\/revisions\/60"}],"up":[{"embeddable":true,"href":"https:\/\/www3.santoandre.sp.gov.br\/chmsa\/index.php\/wp-json\/wp\/v2\/pages\/7"}],"wp:attachment":[{"href":"https:\/\/www3.santoandre.sp.gov.br\/chmsa\/index.php\/wp-json\/wp\/v2\/media?parent=13"}],"curies":[{"name":"wp","href":"https:\/\/api.w.org\/{rel}","templated":true}]}}