{"id":11,"date":"2019-04-11T16:11:17","date_gmt":"2019-04-11T13:11:17","guid":{"rendered":"https:\/\/www3.santoandre.sp.gov.br\/chmsa\/?page_id=11"},"modified":"2024-03-15T20:47:33","modified_gmt":"2024-03-15T17:47:33","slug":"o-hospital-estrutura","status":"publish","type":"page","link":"https:\/\/www3.santoandre.sp.gov.br\/chmsa\/index.php\/o-hospital\/o-hospital-estrutura\/","title":{"rendered":"Estrutura"},"content":{"rendered":"<p>O CHMSA \u201cDr. Newton da Costa Brand\u00e3o\u201d tem unidades aut\u00f4nomas de interna\u00e7\u00e3o e emerg\u00eancia, funcionando em cinco andares. As unidades, apesar de independentes, trabalham integradas e se complementam. S\u00e3o 296 leitos, sendo 50 de UTI Adulto e 10 de UTI Pedi\u00e1trica.<\/p>\n<p>Localizado em \u00e1rea de 13 mil m\u00b2, possui uma ampla cobertura, com abrang\u00eancia aos mun\u00edcipes de Santo Andr\u00e9 e de outras cidades do Grande ABC, al\u00e9m da capital paulista. \u00c9 refer\u00eancia na rede municipal para os casos de emerg\u00eancia relacionados \u00e0s \u00e1reas de Cirurgia Geral e Traumatologia.<\/p>\n<p>O Centro Hospitalar Municipal de Santo Andr\u00e9 realiza procedimentos e atividades de M\u00e9dia e Alta Complexidade, tais como Neurocirurgia e todas as especialidades cir\u00fargicas, Terapia Nutricional Enteral (NE) e Parenteral e Terapia de Substitui\u00e7\u00e3o Renal (Di\u00e1lise). Em casos de urg\u00eancia e emerg\u00eancia, tamb\u00e9m oferece atendimento em Pediatria e Cl\u00ednica M\u00e9dica &#8211; referenciado de uma UPA (Unidade de Pronto Atendimento) ou PA (Pronto Atendimento) &#8211; e executa procedimentos cir\u00fargicos eletivos.<\/p>\n<p>No CHMSA trabalham atualmente 1.130 funcion\u00e1rios. Em m\u00e9dia s\u00e3o realizadas, por ano, 10 mil cirurgias e mais de 80 mil atendimentos ambulatoriais. Em 2023, foram 118 mil exames de imagem e 12.795 interna\u00e7\u00f5es.<\/p>\n<p>Em an\u00e1lise da proced\u00eancia dos pacientes atendidos, o CHMSA revela sua import\u00e2ncia no processo de regionaliza\u00e7\u00e3o do SUS. Apresenta uma m\u00e9dia mensal de 12 mil atendimentos na sua unidade de Emerg\u00eancia e cerca de 840 interna\u00e7\u00f5es\/m\u00eas (<em>200 no Pronto-Socorro<\/em>), das quais 86% de Santo Andr\u00e9 e 14% de outras localidades, segundo dados de 2018.<\/p>\n<p><strong>Centro de Diagn\u00f3sticos<\/strong><\/p>\n<p><img loading=\"lazy\" decoding=\"async\" class=\"aligncenter wp-image-258 size-large\" src=\"https:\/\/www3.santoandre.sp.gov.br\/chmsa\/wp-content\/uploads\/2019\/04\/tomografo-3d-1024x683.jpg\" alt=\"\" width=\"640\" height=\"427\" srcset=\"https:\/\/www3.santoandre.sp.gov.br\/chmsa\/wp-content\/uploads\/2019\/04\/tomografo-3d-1024x683.jpg 1024w, https:\/\/www3.santoandre.sp.gov.br\/chmsa\/wp-content\/uploads\/2019\/04\/tomografo-3d-300x200.jpg 300w, https:\/\/www3.santoandre.sp.gov.br\/chmsa\/wp-content\/uploads\/2019\/04\/tomografo-3d-768x512.jpg 768w, https:\/\/www3.santoandre.sp.gov.br\/chmsa\/wp-content\/uploads\/2019\/04\/tomografo-3d-675x450.jpg 675w, https:\/\/www3.santoandre.sp.gov.br\/chmsa\/wp-content\/uploads\/2019\/04\/tomografo-3d.jpg 2048w\" sizes=\"auto, (max-width: 640px) 100vw, 640px\" \/><\/p>\n<p>Tomografias Computadorizadas e Resson\u00e2ncias Magn\u00e9ticas s\u00e3o realizadas no Centro Hospitalar Municipal de Santo Andr\u00e9, sendo refer\u00eancia para toda a rede p\u00fablica de sa\u00fade da cidade. O Centro de Diagn\u00f3sticos do hospital foi modernizado em 2018, o que permite a realiza\u00e7\u00e3o de exames de imagem de maneira r\u00e1pida e precisa. S\u00e3o quatro salas de Ultrassonografia e o local tamb\u00e9m passou a contar com um moderno tom\u00f3grafo que faz imagens em 3D. S\u00e3o oferecidos servi\u00e7os de apoio diagn\u00f3stico e tratamento nas \u00e1reas de Radiologia, Ultrassonografia, Ultrassonografia com Doppler, Ecocardiografia Adulto e Infantil e Hemoterapia, al\u00e9m de exames laboratoriais (An\u00e1lises Cl\u00ednicas), a partir da coleta de materiais como sangue, urina e fezes, entre outros.<\/p>\n<p>&nbsp;<\/p>\n<p><strong>Centro M\u00e9dico de Especialidades<\/strong><\/p>\n<p>O CHMSA conta ainda com um Centro M\u00e9dico de Especialidades, que atende pacientes de toda a rede de sa\u00fade de Santo Andr\u00e9. No local, s\u00e3o prestados servi\u00e7os nas seguintes especialidades ambulatoriais, cl\u00ednicas e cir\u00fargicas: Anestesiologia (Pr\u00e9-Operat\u00f3rio); Cardiologia (Pr\u00e9-Operat\u00f3rio); Cirurgia de Cabe\u00e7a e Pesco\u00e7o; Cirurgia Geral; Cirurgia Ginecol\u00f3gica; Cirurgia Pl\u00e1stica; Cirurgia Vascular; Dermatologia; Fonoaudiologia; Gastrocirurgia; Gastroenterologia Cl\u00ednica; Mastologia; Neurocirurgia; Nutrologia; Oncologia; Ortopedia; Proctologia; Urologia. Pela especialidade de Urologia tamb\u00e9m s\u00e3o realizadas vasectomias para pacientes atendidos no Programa de Planejamento Familiar da Rede B\u00e1sica de Sa\u00fade do munic\u00edpio.<\/p>\n<p>&nbsp;<\/p>\n<p><strong>Hospital Dia<\/strong><\/p>\n<p><strong><img loading=\"lazy\" decoding=\"async\" class=\"aligncenter wp-image-371 size-large\" src=\"https:\/\/www3.santoandre.sp.gov.br\/chmsa\/wp-content\/uploads\/2019\/05\/20190429_143656-1024x689.jpg\" alt=\"\" width=\"640\" height=\"431\" srcset=\"https:\/\/www3.santoandre.sp.gov.br\/chmsa\/wp-content\/uploads\/2019\/05\/20190429_143656-1024x689.jpg 1024w, https:\/\/www3.santoandre.sp.gov.br\/chmsa\/wp-content\/uploads\/2019\/05\/20190429_143656-300x202.jpg 300w, https:\/\/www3.santoandre.sp.gov.br\/chmsa\/wp-content\/uploads\/2019\/05\/20190429_143656-768x517.jpg 768w, https:\/\/www3.santoandre.sp.gov.br\/chmsa\/wp-content\/uploads\/2019\/05\/20190429_143656.jpg 1080w\" sizes=\"auto, (max-width: 640px) 100vw, 640px\" \/><\/strong><\/p>\n<p>A unidade de Hospital Dia do CHMSA funciona no segundo andar e agrega tecnologia de ponta nos servi\u00e7os prestados \u00e0 popula\u00e7\u00e3o. S\u00e3o oferecidas cirurgias de baixa complexidade, como vasectomias, corre\u00e7\u00e3o de cicatrizes de queimaduras, h\u00e9rnias, varizes, tire\u00f3ide e hemorr\u00f3idas. Alguns procedimentos ser\u00e3o realizados pelo sistema de videolaparoscopia, processo minimante invasivo. O CHMSA foi o primeiro equipamento p\u00fablico municipal a oferecer a modalidade de cirurgias eletivas r\u00e1pidas (sem urg\u00eancia) e interna\u00e7\u00e3o parcial aos usu\u00e1rios do SUS. O HD possui \u00e1rea de espera e admiss\u00e3o de pacientes, leitos de pr\u00e9 e p\u00f3s-operat\u00f3rio, \u00e1rea para prescri\u00e7\u00e3o e duas salas cir\u00fargicas. At\u00e9 2008, o mesmo espa\u00e7o abrigou o Centro Obst\u00e9trico, que foi transferido para o Hospital da Mulher, quando de sua inaugura\u00e7\u00e3o.<\/p>\n<p>&nbsp;<\/p>\n<p><strong>Pronto-Socorro (Emerg\u00eancia)<\/strong><\/p>\n<p>A reorganiza\u00e7\u00e3o dos fluxos de atendimento tem sido um dos focos em toda a rede municipal de sa\u00fade de Santo Andr\u00e9. Em sintonia com essas iniciativas de organiza\u00e7\u00e3o e humaniza\u00e7\u00e3o, o Pronto-Socorro do CHMSA passou por um criterioso processo de reestrutura\u00e7\u00e3o em 2018, dedicando-se \u00e0 sua principal voca\u00e7\u00e3o: as emerg\u00eancias m\u00e9dicas. A partir de acolhimento criterioso, casos que n\u00e3o venham a se enquadrar, s\u00e3o direcionados para UBSs e UPAs \u2013 que, por sua vez, tamb\u00e9m referenciam pacientes para atendimento no Pronto-Socorro, quando necess\u00e1rio. Tamb\u00e9m \u00e9 referenciado o atendimento emergencial em Cirurgia Bucomaxilofacial, Odontologia Para Pacientes Especiais, Oftalmologia e Psiquiatria.<\/p>\n<p>&nbsp;<\/p>\n<p><strong>NIR (N\u00facleo Interno de Regula\u00e7\u00e3o)<\/strong><\/p>\n<p>O N\u00facleo Interno de Regula\u00e7\u00e3o (NIR) do CHMSA foi criado para o gerenciamento interno dos leitos hospitalares. Com base em protocolos internacionais, dentre eles o sistema japon\u00eas Kanban, a atual administra\u00e7\u00e3o tem focado na gest\u00e3o eficiente do leito operacional, a fim de reduzir o tempo m\u00e9dio de perman\u00eancia do paciente no hospital. O n\u00facleo trabalha de forma multidisciplinar e mapeia leitos em toda a rede p\u00fablica para otimizar o fluxo de assist\u00eancia. A cria\u00e7\u00e3o do Complexo Regulador Municipal, em 2018, deu suporte ao \u00f3rg\u00e3o, reduzindo o tempo de espera por atendimento e agilizando as transfer\u00eancias hospitalares. Ao aumentar o \u00edndice de rotatividade e otimizar a taxa de ocupa\u00e7\u00e3o, amplia-se a oferta de leitos para o sistema de sa\u00fade.<\/p>\n<p>&nbsp;<\/p>\n<p><strong>Unidade de Traumatologia<\/strong><\/p>\n<p>Instalada no primeiro andar do hospital, em \u00e1rea de 450 m\u00b2, a Enfermaria de Traumatologia conta com 30 leitos. Sua cria\u00e7\u00e3o teve o objetivo de oferecer maior conforto e acomoda\u00e7\u00e3o \u00e0s v\u00edtimas de traumas. H\u00e1 ainda unidades de interna\u00e7\u00e3o no Pronto-Socorro, onde aguardam procedimentos cir\u00fargicos.<\/p>\n<p>&nbsp;<\/p>\n<p><strong>UTIs<\/strong><\/p>\n<p>O CHMSA possui UTI adulto, que funciona no terceiro andar, com 30 leitos em opera\u00e7\u00e3o, credenciados pelo SUS. Na UTI pedi\u00e1trica, no segundo andar, s\u00e3o dez leitos, inclusive com isolamento. Dentre as adequa\u00e7\u00f5es previstas, est\u00e1 ainda a constru\u00e7\u00e3o da UTI do Pronto-Socorro, com dez novos leitos.<\/p>\n<p>&nbsp;<\/p>\n<p><strong>Centro Cir\u00fargico<\/strong><\/p>\n<p><strong><img loading=\"lazy\" decoding=\"async\" class=\"aligncenter wp-image-268 size-large\" src=\"https:\/\/www3.santoandre.sp.gov.br\/chmsa\/wp-content\/uploads\/2019\/04\/32296236247_0a6c77f3dc_o-1-1024x683.jpg\" alt=\"\" width=\"640\" height=\"427\" srcset=\"https:\/\/www3.santoandre.sp.gov.br\/chmsa\/wp-content\/uploads\/2019\/04\/32296236247_0a6c77f3dc_o-1-1024x683.jpg 1024w, https:\/\/www3.santoandre.sp.gov.br\/chmsa\/wp-content\/uploads\/2019\/04\/32296236247_0a6c77f3dc_o-1-300x200.jpg 300w, https:\/\/www3.santoandre.sp.gov.br\/chmsa\/wp-content\/uploads\/2019\/04\/32296236247_0a6c77f3dc_o-1-768x512.jpg 768w, https:\/\/www3.santoandre.sp.gov.br\/chmsa\/wp-content\/uploads\/2019\/04\/32296236247_0a6c77f3dc_o-1-675x450.jpg 675w\" sizes=\"auto, (max-width: 640px) 100vw, 640px\" \/><\/strong><\/p>\n<p>O\u00a0Centro Hospitalar Municipal de Santo Andr\u00e9 conta com cinco salas em seu Centro Cir\u00fargico, localizado no terceiro andar. No espa\u00e7o s\u00e3o realizados procedimentos eletivos \u2013 que podem ser previamente agendados &#8211; e de urg\u00eancia\/emerg\u00eancia, tanto de m\u00e9dio quanto de grande porte. Com condi\u00e7\u00f5es de refor\u00e7ar o atendimento, est\u00e1 em estudo a amplia\u00e7\u00e3o da estrutura f\u00edsica para 2019, com a cria\u00e7\u00e3o de uma nova sala de cirurgia.<\/p>\n<p><strong>\u00a0<\/strong><\/p>\n<p>&nbsp;<\/p>\n","protected":false},"excerpt":{"rendered":"<p>O CHMSA \u201cDr. Newton da Costa Brand\u00e3o\u201d tem unidades aut\u00f4nomas de interna\u00e7\u00e3o e emerg\u00eancia, funcionando&#8230;<\/p>\n","protected":false},"author":5,"featured_media":0,"parent":7,"menu_order":0,"comment_status":"closed","ping_status":"closed","template":"","meta":{"footnotes":""},"class_list":["post-11","page","type-page","status-publish","hentry"],"_links":{"self":[{"href":"https:\/\/www3.santoandre.sp.gov.br\/chmsa\/index.php\/wp-json\/wp\/v2\/pages\/11","targetHints":{"allow":["GET"]}}],"collection":[{"href":"https:\/\/www3.santoandre.sp.gov.br\/chmsa\/index.php\/wp-json\/wp\/v2\/pages"}],"about":[{"href":"https:\/\/www3.santoandre.sp.gov.br\/chmsa\/index.php\/wp-json\/wp\/v2\/types\/page"}],"author":[{"embeddable":true,"href":"https:\/\/www3.santoandre.sp.gov.br\/chmsa\/index.php\/wp-json\/wp\/v2\/users\/5"}],"replies":[{"embeddable":true,"href":"https:\/\/www3.santoandre.sp.gov.br\/chmsa\/index.php\/wp-json\/wp\/v2\/comments?post=11"}],"version-history":[{"count":13,"href":"https:\/\/www3.santoandre.sp.gov.br\/chmsa\/index.php\/wp-json\/wp\/v2\/pages\/11\/revisions"}],"predecessor-version":[{"id":1613,"href":"https:\/\/www3.santoandre.sp.gov.br\/chmsa\/index.php\/wp-json\/wp\/v2\/pages\/11\/revisions\/1613"}],"up":[{"embeddable":true,"href":"https:\/\/www3.santoandre.sp.gov.br\/chmsa\/index.php\/wp-json\/wp\/v2\/pages\/7"}],"wp:attachment":[{"href":"https:\/\/www3.santoandre.sp.gov.br\/chmsa\/index.php\/wp-json\/wp\/v2\/media?parent=11"}],"curies":[{"name":"wp","href":"https:\/\/api.w.org\/{rel}","templated":true}]}}